{"id":10334,"date":"2017-01-05T14:44:08","date_gmt":"2017-01-05T13:44:08","guid":{"rendered":"http:\/\/gdirekt.hamstage.hamrenmedia.se\/produkt\/fjederkrog-til-skilte\/"},"modified":"2017-01-05T14:44:08","modified_gmt":"2017-01-05T13:44:08","slug":"fjederkrog-til-skilte","status":"publish","type":"product","link":"https:\/\/www.gdirekt.se\/da\/produkt\/fjederkrog-til-skilte\/","title":{"rendered":"Fjederkrog til skilte"},"content":{"rendered":"<p><span lang=\"DA\">Fjederkrog til skilte er beregnet til oph\u00e6ngning af reklameskilte. Det er en skilteholder med fjeder, som man kan tr\u00e6kke ud fra 20 cm til 90 cm. Krogene h\u00e6nges ganske enkelt i de huller, der findes i skiltene, som oftest er af karton, b\u00f8lgepap eller skumplader. Man kan fastg\u00f8re fjederkrogene i loftet og p\u00e5 v\u00e6ggen p\u00e5 noget, som den b\u00f8jelige st\u00e5lwire kan s\u00e6ttes fast i. Disse skilteholdere eller skilteoph\u00e6ng er meget enkle at bruge. Skiltefjedre og oph\u00e6ngningsfjedre bruges i butikker og virksomheder.<\/span><\/p>\n<p><span lang=\"DA\">Se alt vores andet<span class=\"apple-converted-space\">\u00a0<\/span><\/span><span lang=\"DA\"><a href=\"https:\/\/www.gdirekt.se\/produkt-kategori\/skyltar-tillbehor\/\"><b><i>tilbeh\u00f8r og alle vores skilteholdere p\u00e5 denne side<\/i><\/b><\/a><\/span><span lang=\"DA\">! Og hvis I ogs\u00e5 har brug for faste skilte til lokaler, kan vi anbefale vores side<span class=\"apple-converted-space\">\u00a0<\/span><\/span><span lang=\"DA\"><a href=\"https:\/\/shop.svasab.se\/\"><b><i>SVASAB<\/i><\/b><\/a><\/span><span lang=\"DA\">!<\/span><\/p>\n","protected":false},"excerpt":{"rendered":"<p>Fjederkrog til skilte er beregnet til oph\u00e6ngning af budskaber. Det er en skilteholder med fjeder, som man kan tr\u00e6kke ud fra 20 cm til 90 cm.<\/p>\n","protected":false},"featured_media":8406,"template":"","meta":{"_acf_changed":false},"product_brand":[],"product_cat":[379],"product_tag":[],"class_list":{"0":"post-10334","1":"product","2":"type-product","3":"status-publish","4":"has-post-thumbnail","6":"product_cat-skilte-tilbehoer","7":"product_shipping_class-85kr-da","9":"first","10":"instock","11":"taxable","12":"shipping-taxable","13":"purchasable","14":"product-type-variable","15":"has-default-attributes"},"exclude_global_add_ons":[],"addons":[],"acf":[],"yoast_head":"<!-- This site is optimized with the Yoast SEO plugin v27.2 - https:\/\/yoast.com\/product\/yoast-seo-wordpress\/ -->\n<title>Fjederkrog til skilte er holder for\u00e5ret at h\u00e6nge billeder i | Gdirekt.se<\/title>\n<meta name=\"description\" content=\"Fjederkrog til skilte er beregnet til oph\u00e6ngning af budskaber. Det er en skilteholder med fjeder, som man kan tr\u00e6kke ud fra 20 cm til 90 cm.\" \/>\n<meta name=\"robots\" content=\"index, follow, max-snippet:-1, max-image-preview:large, max-video-preview:-1\" \/>\n<link rel=\"canonical\" href=\"https:\/\/www.gdirekt.se\/da\/produkt\/fjederkrog-til-skilte\/\" \/>\n<meta property=\"og:locale\" content=\"da_DK\" \/>\n<meta property=\"og:type\" content=\"article\" \/>\n<meta property=\"og:title\" content=\"Fjederkrog til skilte er holder for\u00e5ret at h\u00e6nge billeder i | Gdirekt.se\" \/>\n<meta property=\"og:description\" content=\"Fjederkrog til skilte er beregnet til oph\u00e6ngning af budskaber. Det er en skilteholder med fjeder, som man kan tr\u00e6kke ud fra 20 cm til 90 cm.\" \/>\n<meta property=\"og:url\" content=\"https:\/\/www.gdirekt.se\/da\/produkt\/fjederkrog-til-skilte\/\" \/>\n<meta property=\"og:site_name\" content=\"Gdirekt.se\" \/>\n<meta property=\"og:image\" content=\"https:\/\/www.gdirekt.se\/wp-content\/uploads\/jetsnabb.png\" \/>\n\t<meta property=\"og:image:width\" content=\"1000\" \/>\n\t<meta property=\"og:image:height\" content=\"1000\" \/>\n\t<meta property=\"og:image:type\" content=\"image\/png\" \/>\n<meta name=\"twitter:card\" content=\"summary_large_image\" \/>\n<meta name=\"twitter:label1\" content=\"Estimeret l\u00e6setid\" \/>\n\t<meta name=\"twitter:data1\" content=\"1 minut\" \/>\n<script type=\"application\/ld+json\" class=\"yoast-schema-graph\">{\"@context\":\"https:\/\/schema.org\",\"@graph\":[{\"@type\":\"WebPage\",\"@id\":\"https:\/\/www.gdirekt.se\/da\/produkt\/fjederkrog-til-skilte\/\",\"url\":\"https:\/\/www.gdirekt.se\/da\/produkt\/fjederkrog-til-skilte\/\",\"name\":\"Fjederkrog til skilte er holder for\u00e5ret at h\u00e6nge billeder i | Gdirekt.se\",\"isPartOf\":{\"@id\":\"https:\/\/www.gdirekt.se\/#website\"},\"primaryImageOfPage\":{\"@id\":\"https:\/\/www.gdirekt.se\/da\/produkt\/fjederkrog-til-skilte\/#primaryimage\"},\"image\":{\"@id\":\"https:\/\/www.gdirekt.se\/da\/produkt\/fjederkrog-til-skilte\/#primaryimage\"},\"thumbnailUrl\":\"https:\/\/www.gdirekt.se\/wp-content\/uploads\/jetsnabb.png\",\"datePublished\":\"2017-01-05T13:44:08+00:00\",\"description\":\"Fjederkrog til skilte er beregnet til oph\u00e6ngning af budskaber. Det er en skilteholder med fjeder, som man kan tr\u00e6kke ud fra 20 cm til 90 cm.\",\"breadcrumb\":{\"@id\":\"https:\/\/www.gdirekt.se\/da\/produkt\/fjederkrog-til-skilte\/#breadcrumb\"},\"inLanguage\":\"da-DK\",\"potentialAction\":[{\"@type\":\"ReadAction\",\"target\":[\"https:\/\/www.gdirekt.se\/da\/produkt\/fjederkrog-til-skilte\/\"]}]},{\"@type\":\"ImageObject\",\"inLanguage\":\"da-DK\",\"@id\":\"https:\/\/www.gdirekt.se\/da\/produkt\/fjederkrog-til-skilte\/#primaryimage\",\"url\":\"https:\/\/www.gdirekt.se\/wp-content\/uploads\/jetsnabb.png\",\"contentUrl\":\"https:\/\/www.gdirekt.se\/wp-content\/uploads\/jetsnabb.png\",\"width\":1000,\"height\":1000,\"caption\":\"Skilteholder\"},{\"@type\":\"BreadcrumbList\",\"@id\":\"https:\/\/www.gdirekt.se\/da\/produkt\/fjederkrog-til-skilte\/#breadcrumb\",\"itemListElement\":[{\"@type\":\"ListItem\",\"position\":1,\"name\":\"Hem\",\"item\":\"https:\/\/www.gdirekt.se\/da\/\"},{\"@type\":\"ListItem\",\"position\":2,\"name\":\"Start\",\"item\":\"https:\/\/www.gdirekt.se\/da\/\"},{\"@type\":\"ListItem\",\"position\":3,\"name\":\"Fjederkrog til skilte\"}]},{\"@type\":\"WebSite\",\"@id\":\"https:\/\/www.gdirekt.se\/#website\",\"url\":\"https:\/\/www.gdirekt.se\/\",\"name\":\"Gdirekt.se\",\"description\":\"Tryck snabbt \u00e5 l\u00e4tt = Gdirekt\",\"potentialAction\":[{\"@type\":\"SearchAction\",\"target\":{\"@type\":\"EntryPoint\",\"urlTemplate\":\"https:\/\/www.gdirekt.se\/?s={search_term_string}\"},\"query-input\":{\"@type\":\"PropertyValueSpecification\",\"valueRequired\":true,\"valueName\":\"search_term_string\"}}],\"inLanguage\":\"da-DK\"}]}<\/script>\n<!-- \/ Yoast SEO plugin. -->","yoast_head_json":{"title":"Fjederkrog til skilte er holder for\u00e5ret at h\u00e6nge billeder i | Gdirekt.se","description":"Fjederkrog til skilte er beregnet til oph\u00e6ngning af budskaber. Det er en skilteholder med fjeder, som man kan tr\u00e6kke ud fra 20 cm til 90 cm.","robots":{"index":"index","follow":"follow","max-snippet":"max-snippet:-1","max-image-preview":"max-image-preview:large","max-video-preview":"max-video-preview:-1"},"canonical":"https:\/\/www.gdirekt.se\/da\/produkt\/fjederkrog-til-skilte\/","og_locale":"da_DK","og_type":"article","og_title":"Fjederkrog til skilte er holder for\u00e5ret at h\u00e6nge billeder i | Gdirekt.se","og_description":"Fjederkrog til skilte er beregnet til oph\u00e6ngning af budskaber. Det er en skilteholder med fjeder, som man kan tr\u00e6kke ud fra 20 cm til 90 cm.","og_url":"https:\/\/www.gdirekt.se\/da\/produkt\/fjederkrog-til-skilte\/","og_site_name":"Gdirekt.se","og_image":[{"width":1000,"height":1000,"url":"https:\/\/www.gdirekt.se\/wp-content\/uploads\/jetsnabb.png","type":"image\/png"}],"twitter_card":"summary_large_image","twitter_misc":{"Estimeret l\u00e6setid":"1 minut"},"schema":{"@context":"https:\/\/schema.org","@graph":[{"@type":"WebPage","@id":"https:\/\/www.gdirekt.se\/da\/produkt\/fjederkrog-til-skilte\/","url":"https:\/\/www.gdirekt.se\/da\/produkt\/fjederkrog-til-skilte\/","name":"Fjederkrog til skilte er holder for\u00e5ret at h\u00e6nge billeder i | Gdirekt.se","isPartOf":{"@id":"https:\/\/www.gdirekt.se\/#website"},"primaryImageOfPage":{"@id":"https:\/\/www.gdirekt.se\/da\/produkt\/fjederkrog-til-skilte\/#primaryimage"},"image":{"@id":"https:\/\/www.gdirekt.se\/da\/produkt\/fjederkrog-til-skilte\/#primaryimage"},"thumbnailUrl":"https:\/\/www.gdirekt.se\/wp-content\/uploads\/jetsnabb.png","datePublished":"2017-01-05T13:44:08+00:00","description":"Fjederkrog til skilte er beregnet til oph\u00e6ngning af budskaber. Det er en skilteholder med fjeder, som man kan tr\u00e6kke ud fra 20 cm til 90 cm.","breadcrumb":{"@id":"https:\/\/www.gdirekt.se\/da\/produkt\/fjederkrog-til-skilte\/#breadcrumb"},"inLanguage":"da-DK","potentialAction":[{"@type":"ReadAction","target":["https:\/\/www.gdirekt.se\/da\/produkt\/fjederkrog-til-skilte\/"]}]},{"@type":"ImageObject","inLanguage":"da-DK","@id":"https:\/\/www.gdirekt.se\/da\/produkt\/fjederkrog-til-skilte\/#primaryimage","url":"https:\/\/www.gdirekt.se\/wp-content\/uploads\/jetsnabb.png","contentUrl":"https:\/\/www.gdirekt.se\/wp-content\/uploads\/jetsnabb.png","width":1000,"height":1000,"caption":"Skilteholder"},{"@type":"BreadcrumbList","@id":"https:\/\/www.gdirekt.se\/da\/produkt\/fjederkrog-til-skilte\/#breadcrumb","itemListElement":[{"@type":"ListItem","position":1,"name":"Hem","item":"https:\/\/www.gdirekt.se\/da\/"},{"@type":"ListItem","position":2,"name":"Start","item":"https:\/\/www.gdirekt.se\/da\/"},{"@type":"ListItem","position":3,"name":"Fjederkrog til skilte"}]},{"@type":"WebSite","@id":"https:\/\/www.gdirekt.se\/#website","url":"https:\/\/www.gdirekt.se\/","name":"Gdirekt.se","description":"Tryck snabbt \u00e5 l\u00e4tt = Gdirekt","potentialAction":[{"@type":"SearchAction","target":{"@type":"EntryPoint","urlTemplate":"https:\/\/www.gdirekt.se\/?s={search_term_string}"},"query-input":{"@type":"PropertyValueSpecification","valueRequired":true,"valueName":"search_term_string"}}],"inLanguage":"da-DK"}]}},"_links":{"self":[{"href":"https:\/\/www.gdirekt.se\/da\/wp-json\/wp\/v2\/product\/10334","targetHints":{"allow":["GET"]}}],"collection":[{"href":"https:\/\/www.gdirekt.se\/da\/wp-json\/wp\/v2\/product"}],"about":[{"href":"https:\/\/www.gdirekt.se\/da\/wp-json\/wp\/v2\/types\/product"}],"wp:featuredmedia":[{"embeddable":true,"href":"https:\/\/www.gdirekt.se\/da\/wp-json\/wp\/v2\/media\/8406"}],"wp:attachment":[{"href":"https:\/\/www.gdirekt.se\/da\/wp-json\/wp\/v2\/media?parent=10334"}],"wp:term":[{"taxonomy":"product_brand","embeddable":true,"href":"https:\/\/www.gdirekt.se\/da\/wp-json\/wp\/v2\/product_brand?post=10334"},{"taxonomy":"product_cat","embeddable":true,"href":"https:\/\/www.gdirekt.se\/da\/wp-json\/wp\/v2\/product_cat?post=10334"},{"taxonomy":"product_tag","embeddable":true,"href":"https:\/\/www.gdirekt.se\/da\/wp-json\/wp\/v2\/product_tag?post=10334"}],"curies":[{"name":"wp","href":"https:\/\/api.w.org\/{rel}","templated":true}]}}