{"id":10333,"date":"2018-02-14T14:08:08","date_gmt":"2018-02-14T13:08:08","guid":{"rendered":"http:\/\/gdirekt.hamstage.hamrenmedia.se\/produkt\/klaebepuder-til-skilte\/"},"modified":"2024-02-01T09:30:48","modified_gmt":"2024-02-01T08:30:48","slug":"klaebepuder-til-skilte","status":"publish","type":"product","link":"https:\/\/www.gdirekt.se\/da\/produkt\/klaebepuder-til-skilte\/","title":{"rendered":"Kl\u00e6bepuder til skilte"},"content":{"rendered":"<p><span lang=\"DA\">Kl\u00e6bepuder til skilte fungerer som skilteholdere, der ikke ses. Mange kalder det for et skjult oph\u00e6ng. De selvkl\u00e6bende kl\u00e6bepuder er forsynet med lim. Det nemmeste er f\u00f8rst at fastg\u00f8re puderne p\u00e5 skiltet og derefter fjerne beskyttelsesfilmen. Derefter trykkes skiltet ganske enkelt fast p\u00e5 v\u00e6ggen, d\u00f8ren eller en anden plan flade.<\/span><\/p>\n<p><span lang=\"DA\">Vi har flere brugbare skiltebeslag og skilteholdere p\u00e5 vores side,<span class=\"apple-converted-space\">\u00a0<\/span><\/span><span lang=\"DA\"><a href=\"https:\/\/www.gdirekt.se\/produkt-kategori\/skyltar-tillbehor\/\"><b><i>se disse produkter<\/i><\/b><\/a><\/span><span lang=\"DA\">. Sommetider er det n\u00f8dvendigt at h\u00e6nge et skilt op eller bruge en liste. Og hvis I er p\u00e5 udkig efter f\u00e6rdige standardskilte, kan vi anbefale vores side<span class=\"apple-converted-space\">\u00a0<\/span><\/span><span lang=\"DA\"><a href=\"https:\/\/shop.svasab.se\/\"><b><i>SVASAB<\/i><\/b><\/a><\/span><span lang=\"DA\">.<\/span><\/p>\n","protected":false},"excerpt":{"rendered":"<p>Kl\u00e6bepuder til skilte er nemme at bestille her. \u00c6sken indeholder 100 stk. selvkl\u00e6bende kl\u00e6bepuder med m\u00e5lene 25 x 12 mm.<\/p>\n","protected":false},"featured_media":8897,"template":"","meta":{"_acf_changed":false},"product_brand":[],"product_cat":[379],"product_tag":[],"class_list":{"0":"post-10333","1":"product","2":"type-product","3":"status-publish","4":"has-post-thumbnail","6":"product_cat-skilte-tilbehoer","7":"product_shipping_class-85kr-da","9":"first","10":"instock","11":"taxable","12":"shipping-taxable","13":"purchasable","14":"product-type-simple"},"exclude_global_add_ons":[],"addons":[],"acf":[],"yoast_head":"<!-- This site is optimized with the Yoast SEO plugin v27.2 - https:\/\/yoast.com\/product\/yoast-seo-wordpress\/ -->\n<title>Kl\u00e6bepuder til skilte med kl\u00e6bemiddel. K\u00f8b billigt og hurtigt| Gdirekt.se<\/title>\n<meta name=\"description\" content=\"Kl\u00e6bepuder til skilte fungerer som skilteholdere. De passer til kartonskilte, plastskilte og aluminiumsskilte. K\u00f8b en lille \u00e6ske med 100 stk. Vi sender den direkte, og prisen er billig \u2013 kun 39 kr.\" \/>\n<meta name=\"robots\" content=\"index, follow, max-snippet:-1, max-image-preview:large, max-video-preview:-1\" \/>\n<link rel=\"canonical\" href=\"https:\/\/www.gdirekt.se\/da\/produkt\/klaebepuder-til-skilte\/\" \/>\n<meta property=\"og:locale\" content=\"da_DK\" \/>\n<meta property=\"og:type\" content=\"article\" \/>\n<meta property=\"og:title\" content=\"Kl\u00e6bepuder til skilte med kl\u00e6bemiddel. K\u00f8b billigt og hurtigt| Gdirekt.se\" \/>\n<meta property=\"og:description\" content=\"Kl\u00e6bepuder til skilte fungerer som skilteholdere. De passer til kartonskilte, plastskilte og aluminiumsskilte. K\u00f8b en lille \u00e6ske med 100 stk. Vi sender den direkte, og prisen er billig \u2013 kun 39 kr.\" \/>\n<meta property=\"og:url\" content=\"https:\/\/www.gdirekt.se\/da\/produkt\/klaebepuder-til-skilte\/\" \/>\n<meta property=\"og:site_name\" content=\"Gdirekt.se\" \/>\n<meta property=\"article:modified_time\" content=\"2024-02-01T08:30:48+00:00\" \/>\n<meta property=\"og:image\" content=\"https:\/\/www.gdirekt.se\/wp-content\/uploads\/f\u00e4stkuddar.png\" \/>\n\t<meta property=\"og:image:width\" content=\"1000\" \/>\n\t<meta property=\"og:image:height\" content=\"1000\" \/>\n\t<meta property=\"og:image:type\" content=\"image\/png\" \/>\n<meta name=\"twitter:card\" content=\"summary_large_image\" \/>\n<meta name=\"twitter:label1\" content=\"Estimeret l\u00e6setid\" \/>\n\t<meta name=\"twitter:data1\" content=\"1 minut\" \/>\n<script type=\"application\/ld+json\" class=\"yoast-schema-graph\">{\"@context\":\"https:\/\/schema.org\",\"@graph\":[{\"@type\":\"WebPage\",\"@id\":\"https:\/\/www.gdirekt.se\/da\/produkt\/klaebepuder-til-skilte\/\",\"url\":\"https:\/\/www.gdirekt.se\/da\/produkt\/klaebepuder-til-skilte\/\",\"name\":\"Kl\u00e6bepuder til skilte med kl\u00e6bemiddel. K\u00f8b billigt og hurtigt| Gdirekt.se\",\"isPartOf\":{\"@id\":\"https:\/\/www.gdirekt.se\/#website\"},\"primaryImageOfPage\":{\"@id\":\"https:\/\/www.gdirekt.se\/da\/produkt\/klaebepuder-til-skilte\/#primaryimage\"},\"image\":{\"@id\":\"https:\/\/www.gdirekt.se\/da\/produkt\/klaebepuder-til-skilte\/#primaryimage\"},\"thumbnailUrl\":\"https:\/\/www.gdirekt.se\/wp-content\/uploads\/f\u00e4stkuddar.png\",\"datePublished\":\"2018-02-14T13:08:08+00:00\",\"dateModified\":\"2024-02-01T08:30:48+00:00\",\"description\":\"Kl\u00e6bepuder til skilte fungerer som skilteholdere. De passer til kartonskilte, plastskilte og aluminiumsskilte. K\u00f8b en lille \u00e6ske med 100 stk. Vi sender den direkte, og prisen er billig \u2013 kun 39 kr.\",\"breadcrumb\":{\"@id\":\"https:\/\/www.gdirekt.se\/da\/produkt\/klaebepuder-til-skilte\/#breadcrumb\"},\"inLanguage\":\"da-DK\",\"potentialAction\":[{\"@type\":\"ReadAction\",\"target\":[\"https:\/\/www.gdirekt.se\/da\/produkt\/klaebepuder-til-skilte\/\"]}]},{\"@type\":\"ImageObject\",\"inLanguage\":\"da-DK\",\"@id\":\"https:\/\/www.gdirekt.se\/da\/produkt\/klaebepuder-til-skilte\/#primaryimage\",\"url\":\"https:\/\/www.gdirekt.se\/wp-content\/uploads\/f\u00e4stkuddar.png\",\"contentUrl\":\"https:\/\/www.gdirekt.se\/wp-content\/uploads\/f\u00e4stkuddar.png\",\"width\":1000,\"height\":1000,\"caption\":\"Skiltholder til sm\u00e5 skilte\"},{\"@type\":\"BreadcrumbList\",\"@id\":\"https:\/\/www.gdirekt.se\/da\/produkt\/klaebepuder-til-skilte\/#breadcrumb\",\"itemListElement\":[{\"@type\":\"ListItem\",\"position\":1,\"name\":\"Hem\",\"item\":\"https:\/\/www.gdirekt.se\/da\/\"},{\"@type\":\"ListItem\",\"position\":2,\"name\":\"Start\",\"item\":\"https:\/\/www.gdirekt.se\/da\/\"},{\"@type\":\"ListItem\",\"position\":3,\"name\":\"Kl\u00e6bepuder til skilte\"}]},{\"@type\":\"WebSite\",\"@id\":\"https:\/\/www.gdirekt.se\/#website\",\"url\":\"https:\/\/www.gdirekt.se\/\",\"name\":\"Gdirekt.se\",\"description\":\"Tryck snabbt \u00e5 l\u00e4tt = Gdirekt\",\"potentialAction\":[{\"@type\":\"SearchAction\",\"target\":{\"@type\":\"EntryPoint\",\"urlTemplate\":\"https:\/\/www.gdirekt.se\/?s={search_term_string}\"},\"query-input\":{\"@type\":\"PropertyValueSpecification\",\"valueRequired\":true,\"valueName\":\"search_term_string\"}}],\"inLanguage\":\"da-DK\"}]}<\/script>\n<!-- \/ Yoast SEO plugin. -->","yoast_head_json":{"title":"Kl\u00e6bepuder til skilte med kl\u00e6bemiddel. K\u00f8b billigt og hurtigt| Gdirekt.se","description":"Kl\u00e6bepuder til skilte fungerer som skilteholdere. De passer til kartonskilte, plastskilte og aluminiumsskilte. K\u00f8b en lille \u00e6ske med 100 stk. Vi sender den direkte, og prisen er billig \u2013 kun 39 kr.","robots":{"index":"index","follow":"follow","max-snippet":"max-snippet:-1","max-image-preview":"max-image-preview:large","max-video-preview":"max-video-preview:-1"},"canonical":"https:\/\/www.gdirekt.se\/da\/produkt\/klaebepuder-til-skilte\/","og_locale":"da_DK","og_type":"article","og_title":"Kl\u00e6bepuder til skilte med kl\u00e6bemiddel. K\u00f8b billigt og hurtigt| Gdirekt.se","og_description":"Kl\u00e6bepuder til skilte fungerer som skilteholdere. De passer til kartonskilte, plastskilte og aluminiumsskilte. K\u00f8b en lille \u00e6ske med 100 stk. Vi sender den direkte, og prisen er billig \u2013 kun 39 kr.","og_url":"https:\/\/www.gdirekt.se\/da\/produkt\/klaebepuder-til-skilte\/","og_site_name":"Gdirekt.se","article_modified_time":"2024-02-01T08:30:48+00:00","og_image":[{"width":1000,"height":1000,"url":"https:\/\/www.gdirekt.se\/wp-content\/uploads\/f\u00e4stkuddar.png","type":"image\/png"}],"twitter_card":"summary_large_image","twitter_misc":{"Estimeret l\u00e6setid":"1 minut"},"schema":{"@context":"https:\/\/schema.org","@graph":[{"@type":"WebPage","@id":"https:\/\/www.gdirekt.se\/da\/produkt\/klaebepuder-til-skilte\/","url":"https:\/\/www.gdirekt.se\/da\/produkt\/klaebepuder-til-skilte\/","name":"Kl\u00e6bepuder til skilte med kl\u00e6bemiddel. K\u00f8b billigt og hurtigt| Gdirekt.se","isPartOf":{"@id":"https:\/\/www.gdirekt.se\/#website"},"primaryImageOfPage":{"@id":"https:\/\/www.gdirekt.se\/da\/produkt\/klaebepuder-til-skilte\/#primaryimage"},"image":{"@id":"https:\/\/www.gdirekt.se\/da\/produkt\/klaebepuder-til-skilte\/#primaryimage"},"thumbnailUrl":"https:\/\/www.gdirekt.se\/wp-content\/uploads\/f\u00e4stkuddar.png","datePublished":"2018-02-14T13:08:08+00:00","dateModified":"2024-02-01T08:30:48+00:00","description":"Kl\u00e6bepuder til skilte fungerer som skilteholdere. De passer til kartonskilte, plastskilte og aluminiumsskilte. K\u00f8b en lille \u00e6ske med 100 stk. Vi sender den direkte, og prisen er billig \u2013 kun 39 kr.","breadcrumb":{"@id":"https:\/\/www.gdirekt.se\/da\/produkt\/klaebepuder-til-skilte\/#breadcrumb"},"inLanguage":"da-DK","potentialAction":[{"@type":"ReadAction","target":["https:\/\/www.gdirekt.se\/da\/produkt\/klaebepuder-til-skilte\/"]}]},{"@type":"ImageObject","inLanguage":"da-DK","@id":"https:\/\/www.gdirekt.se\/da\/produkt\/klaebepuder-til-skilte\/#primaryimage","url":"https:\/\/www.gdirekt.se\/wp-content\/uploads\/f\u00e4stkuddar.png","contentUrl":"https:\/\/www.gdirekt.se\/wp-content\/uploads\/f\u00e4stkuddar.png","width":1000,"height":1000,"caption":"Skiltholder til sm\u00e5 skilte"},{"@type":"BreadcrumbList","@id":"https:\/\/www.gdirekt.se\/da\/produkt\/klaebepuder-til-skilte\/#breadcrumb","itemListElement":[{"@type":"ListItem","position":1,"name":"Hem","item":"https:\/\/www.gdirekt.se\/da\/"},{"@type":"ListItem","position":2,"name":"Start","item":"https:\/\/www.gdirekt.se\/da\/"},{"@type":"ListItem","position":3,"name":"Kl\u00e6bepuder til skilte"}]},{"@type":"WebSite","@id":"https:\/\/www.gdirekt.se\/#website","url":"https:\/\/www.gdirekt.se\/","name":"Gdirekt.se","description":"Tryck snabbt \u00e5 l\u00e4tt = Gdirekt","potentialAction":[{"@type":"SearchAction","target":{"@type":"EntryPoint","urlTemplate":"https:\/\/www.gdirekt.se\/?s={search_term_string}"},"query-input":{"@type":"PropertyValueSpecification","valueRequired":true,"valueName":"search_term_string"}}],"inLanguage":"da-DK"}]}},"_links":{"self":[{"href":"https:\/\/www.gdirekt.se\/da\/wp-json\/wp\/v2\/product\/10333","targetHints":{"allow":["GET"]}}],"collection":[{"href":"https:\/\/www.gdirekt.se\/da\/wp-json\/wp\/v2\/product"}],"about":[{"href":"https:\/\/www.gdirekt.se\/da\/wp-json\/wp\/v2\/types\/product"}],"wp:featuredmedia":[{"embeddable":true,"href":"https:\/\/www.gdirekt.se\/da\/wp-json\/wp\/v2\/media\/8897"}],"wp:attachment":[{"href":"https:\/\/www.gdirekt.se\/da\/wp-json\/wp\/v2\/media?parent=10333"}],"wp:term":[{"taxonomy":"product_brand","embeddable":true,"href":"https:\/\/www.gdirekt.se\/da\/wp-json\/wp\/v2\/product_brand?post=10333"},{"taxonomy":"product_cat","embeddable":true,"href":"https:\/\/www.gdirekt.se\/da\/wp-json\/wp\/v2\/product_cat?post=10333"},{"taxonomy":"product_tag","embeddable":true,"href":"https:\/\/www.gdirekt.se\/da\/wp-json\/wp\/v2\/product_tag?post=10333"}],"curies":[{"name":"wp","href":"https:\/\/api.w.org\/{rel}","templated":true}]}}