{"id":10330,"date":"2017-02-08T09:24:49","date_gmt":"2017-02-08T08:24:49","guid":{"rendered":"http:\/\/gdirekt.hamstage.hamrenmedia.se\/produkt\/skjult-ophaeng-til-billeder-og-skilte\/"},"modified":"2019-11-08T11:17:31","modified_gmt":"2019-11-08T10:17:31","slug":"skjult-ophaeng-til-billeder-og-skilte","status":"publish","type":"product","link":"https:\/\/www.gdirekt.se\/da\/produkt\/skjult-ophaeng-til-billeder-og-skilte\/","title":{"rendered":"Skjult oph\u00e6ng til billeder og skilte"},"content":{"rendered":"<p>Skjult oph\u00e6ng til billeder og skilte. Anordningen fastg\u00f8res med medf\u00f8lgende tape p\u00e5 bagsiden af billedet\/skiltet, og beslaget skrues fast i v\u00e6ggen. Beslaget h\u00e6gtes fast i oph\u00e6ngningsanordningen p\u00e5 bagsiden af skiltet. Det smarte beslag g\u00f8r, at billedet kan h\u00e6nges lige, selv om beslagene er boret fast uj\u00e6vnt i v\u00e6ggen.<\/p>\n<p>Skruer og plugs er inkluderet i prisen, skruerne er 3 cm lange.<\/p>\n<p>Skjult oph\u00e6ng til billeder og skilte f\u00e5s i to st\u00f8rrelser \u2013 6\u00a0x 10 cm og 10 x 14 cm. Disse skjulte beslag er specielt beregnet til lettere skilte og billeder. Beslaget p\u00e5 6 x 10 cm kan b\u00e6re ca. 2 kg, og beslaget p\u00e5 10 x 14 cm kan b\u00e6re op til 4 kg. Afstandsstykket skaber en afstand mellem billedet\/skiltet og v\u00e6ggen p\u00e5 ca. 6 mm.<\/p>\n","protected":false},"excerpt":{"rendered":"<p>Skjult oph\u00e6ng til billeder og skilte. De fastg\u00f8res ved pladen med medf\u00f8lgende tape. Skru beslagene fast i v\u00e6ggen, og fastg\u00f8r holderen p\u00e5 bagsiden af skiltet. Beslag og holder kobles sammen med en smart drejefunktion, s\u00e5 billedet\/skiltet h\u00e6nger lige. F\u00e5s i to st\u00f8rrelser og s\u00e6lges stykvis.\u00a0Skruer og plugs er inkluderet i prisen, skruerne er 3 cm lange.<\/p>\n","protected":false},"featured_media":8500,"template":"","meta":{"_acf_changed":false},"product_brand":[],"product_cat":[379],"product_tag":[],"class_list":{"0":"post-10330","1":"product","2":"type-product","3":"status-publish","4":"has-post-thumbnail","6":"product_cat-skilte-tilbehoer","7":"product_shipping_class-85kr-da","9":"first","10":"instock","11":"taxable","12":"shipping-taxable","13":"purchasable","14":"product-type-variable","15":"has-default-attributes"},"exclude_global_add_ons":[],"addons":[],"acf":[],"yoast_head":"<!-- This site is optimized with the Yoast SEO plugin v27.2 - https:\/\/yoast.com\/product\/yoast-seo-wordpress\/ -->\n<title>Skjult oph\u00e6ng til billeder og skilte usynlig afstand eller distans | Gdirekt.se<\/title>\n<meta name=\"description\" content=\"Skjult oph\u00e6ng til billeder og skilte. Beslag og holder kobles sammen med en smart drejefunktion, s\u00e5 billedet\/skiltet h\u00e6nger lige. F\u00e5s i to st\u00f8rrelser.\" \/>\n<meta name=\"robots\" content=\"index, follow, max-snippet:-1, max-image-preview:large, max-video-preview:-1\" \/>\n<link rel=\"canonical\" href=\"https:\/\/www.gdirekt.se\/da\/produkt\/skjult-ophaeng-til-billeder-og-skilte\/\" \/>\n<meta property=\"og:locale\" content=\"da_DK\" \/>\n<meta property=\"og:type\" content=\"article\" \/>\n<meta property=\"og:title\" content=\"Skjult oph\u00e6ng til billeder og skilte usynlig afstand eller distans | Gdirekt.se\" \/>\n<meta property=\"og:description\" content=\"Skjult oph\u00e6ng til billeder og skilte. Beslag og holder kobles sammen med en smart drejefunktion, s\u00e5 billedet\/skiltet h\u00e6nger lige. F\u00e5s i to st\u00f8rrelser.\" \/>\n<meta property=\"og:url\" content=\"https:\/\/www.gdirekt.se\/da\/produkt\/skjult-ophaeng-til-billeder-og-skilte\/\" \/>\n<meta property=\"og:site_name\" content=\"Gdirekt.se\" \/>\n<meta property=\"article:modified_time\" content=\"2019-11-08T10:17:31+00:00\" \/>\n<meta property=\"og:image\" content=\"https:\/\/www.gdirekt.se\/wp-content\/uploads\/doldupphangning.png\" \/>\n\t<meta property=\"og:image:width\" content=\"1000\" \/>\n\t<meta property=\"og:image:height\" content=\"1000\" \/>\n\t<meta property=\"og:image:type\" content=\"image\/png\" \/>\n<meta name=\"twitter:card\" content=\"summary_large_image\" \/>\n<meta name=\"twitter:label1\" content=\"Estimeret l\u00e6setid\" \/>\n\t<meta name=\"twitter:data1\" content=\"1 minut\" \/>\n<script type=\"application\/ld+json\" class=\"yoast-schema-graph\">{\"@context\":\"https:\/\/schema.org\",\"@graph\":[{\"@type\":\"WebPage\",\"@id\":\"https:\/\/www.gdirekt.se\/da\/produkt\/skjult-ophaeng-til-billeder-og-skilte\/\",\"url\":\"https:\/\/www.gdirekt.se\/da\/produkt\/skjult-ophaeng-til-billeder-og-skilte\/\",\"name\":\"Skjult oph\u00e6ng til billeder og skilte usynlig afstand eller distans | Gdirekt.se\",\"isPartOf\":{\"@id\":\"https:\/\/www.gdirekt.se\/#website\"},\"primaryImageOfPage\":{\"@id\":\"https:\/\/www.gdirekt.se\/da\/produkt\/skjult-ophaeng-til-billeder-og-skilte\/#primaryimage\"},\"image\":{\"@id\":\"https:\/\/www.gdirekt.se\/da\/produkt\/skjult-ophaeng-til-billeder-og-skilte\/#primaryimage\"},\"thumbnailUrl\":\"https:\/\/www.gdirekt.se\/wp-content\/uploads\/doldupphangning.png\",\"datePublished\":\"2017-02-08T08:24:49+00:00\",\"dateModified\":\"2019-11-08T10:17:31+00:00\",\"description\":\"Skjult oph\u00e6ng til billeder og skilte. Beslag og holder kobles sammen med en smart drejefunktion, s\u00e5 billedet\/skiltet h\u00e6nger lige. F\u00e5s i to st\u00f8rrelser.\",\"breadcrumb\":{\"@id\":\"https:\/\/www.gdirekt.se\/da\/produkt\/skjult-ophaeng-til-billeder-og-skilte\/#breadcrumb\"},\"inLanguage\":\"da-DK\",\"potentialAction\":[{\"@type\":\"ReadAction\",\"target\":[\"https:\/\/www.gdirekt.se\/da\/produkt\/skjult-ophaeng-til-billeder-og-skilte\/\"]}]},{\"@type\":\"ImageObject\",\"inLanguage\":\"da-DK\",\"@id\":\"https:\/\/www.gdirekt.se\/da\/produkt\/skjult-ophaeng-til-billeder-og-skilte\/#primaryimage\",\"url\":\"https:\/\/www.gdirekt.se\/wp-content\/uploads\/doldupphangning.png\",\"contentUrl\":\"https:\/\/www.gdirekt.se\/wp-content\/uploads\/doldupphangning.png\",\"width\":1000,\"height\":1000,\"caption\":\"H\u00e6ng dit skilt sammen med en skjult vedh\u00e6ftning\"},{\"@type\":\"BreadcrumbList\",\"@id\":\"https:\/\/www.gdirekt.se\/da\/produkt\/skjult-ophaeng-til-billeder-og-skilte\/#breadcrumb\",\"itemListElement\":[{\"@type\":\"ListItem\",\"position\":1,\"name\":\"Hem\",\"item\":\"https:\/\/www.gdirekt.se\/da\/\"},{\"@type\":\"ListItem\",\"position\":2,\"name\":\"Start\",\"item\":\"https:\/\/www.gdirekt.se\/da\/\"},{\"@type\":\"ListItem\",\"position\":3,\"name\":\"Skjult oph\u00e6ng til billeder og skilte\"}]},{\"@type\":\"WebSite\",\"@id\":\"https:\/\/www.gdirekt.se\/#website\",\"url\":\"https:\/\/www.gdirekt.se\/\",\"name\":\"Gdirekt.se\",\"description\":\"Tryck snabbt \u00e5 l\u00e4tt = Gdirekt\",\"potentialAction\":[{\"@type\":\"SearchAction\",\"target\":{\"@type\":\"EntryPoint\",\"urlTemplate\":\"https:\/\/www.gdirekt.se\/?s={search_term_string}\"},\"query-input\":{\"@type\":\"PropertyValueSpecification\",\"valueRequired\":true,\"valueName\":\"search_term_string\"}}],\"inLanguage\":\"da-DK\"}]}<\/script>\n<!-- \/ Yoast SEO plugin. -->","yoast_head_json":{"title":"Skjult oph\u00e6ng til billeder og skilte usynlig afstand eller distans | Gdirekt.se","description":"Skjult oph\u00e6ng til billeder og skilte. Beslag og holder kobles sammen med en smart drejefunktion, s\u00e5 billedet\/skiltet h\u00e6nger lige. F\u00e5s i to st\u00f8rrelser.","robots":{"index":"index","follow":"follow","max-snippet":"max-snippet:-1","max-image-preview":"max-image-preview:large","max-video-preview":"max-video-preview:-1"},"canonical":"https:\/\/www.gdirekt.se\/da\/produkt\/skjult-ophaeng-til-billeder-og-skilte\/","og_locale":"da_DK","og_type":"article","og_title":"Skjult oph\u00e6ng til billeder og skilte usynlig afstand eller distans | Gdirekt.se","og_description":"Skjult oph\u00e6ng til billeder og skilte. Beslag og holder kobles sammen med en smart drejefunktion, s\u00e5 billedet\/skiltet h\u00e6nger lige. F\u00e5s i to st\u00f8rrelser.","og_url":"https:\/\/www.gdirekt.se\/da\/produkt\/skjult-ophaeng-til-billeder-og-skilte\/","og_site_name":"Gdirekt.se","article_modified_time":"2019-11-08T10:17:31+00:00","og_image":[{"width":1000,"height":1000,"url":"https:\/\/www.gdirekt.se\/wp-content\/uploads\/doldupphangning.png","type":"image\/png"}],"twitter_card":"summary_large_image","twitter_misc":{"Estimeret l\u00e6setid":"1 minut"},"schema":{"@context":"https:\/\/schema.org","@graph":[{"@type":"WebPage","@id":"https:\/\/www.gdirekt.se\/da\/produkt\/skjult-ophaeng-til-billeder-og-skilte\/","url":"https:\/\/www.gdirekt.se\/da\/produkt\/skjult-ophaeng-til-billeder-og-skilte\/","name":"Skjult oph\u00e6ng til billeder og skilte usynlig afstand eller distans | Gdirekt.se","isPartOf":{"@id":"https:\/\/www.gdirekt.se\/#website"},"primaryImageOfPage":{"@id":"https:\/\/www.gdirekt.se\/da\/produkt\/skjult-ophaeng-til-billeder-og-skilte\/#primaryimage"},"image":{"@id":"https:\/\/www.gdirekt.se\/da\/produkt\/skjult-ophaeng-til-billeder-og-skilte\/#primaryimage"},"thumbnailUrl":"https:\/\/www.gdirekt.se\/wp-content\/uploads\/doldupphangning.png","datePublished":"2017-02-08T08:24:49+00:00","dateModified":"2019-11-08T10:17:31+00:00","description":"Skjult oph\u00e6ng til billeder og skilte. Beslag og holder kobles sammen med en smart drejefunktion, s\u00e5 billedet\/skiltet h\u00e6nger lige. F\u00e5s i to st\u00f8rrelser.","breadcrumb":{"@id":"https:\/\/www.gdirekt.se\/da\/produkt\/skjult-ophaeng-til-billeder-og-skilte\/#breadcrumb"},"inLanguage":"da-DK","potentialAction":[{"@type":"ReadAction","target":["https:\/\/www.gdirekt.se\/da\/produkt\/skjult-ophaeng-til-billeder-og-skilte\/"]}]},{"@type":"ImageObject","inLanguage":"da-DK","@id":"https:\/\/www.gdirekt.se\/da\/produkt\/skjult-ophaeng-til-billeder-og-skilte\/#primaryimage","url":"https:\/\/www.gdirekt.se\/wp-content\/uploads\/doldupphangning.png","contentUrl":"https:\/\/www.gdirekt.se\/wp-content\/uploads\/doldupphangning.png","width":1000,"height":1000,"caption":"H\u00e6ng dit skilt sammen med en skjult vedh\u00e6ftning"},{"@type":"BreadcrumbList","@id":"https:\/\/www.gdirekt.se\/da\/produkt\/skjult-ophaeng-til-billeder-og-skilte\/#breadcrumb","itemListElement":[{"@type":"ListItem","position":1,"name":"Hem","item":"https:\/\/www.gdirekt.se\/da\/"},{"@type":"ListItem","position":2,"name":"Start","item":"https:\/\/www.gdirekt.se\/da\/"},{"@type":"ListItem","position":3,"name":"Skjult oph\u00e6ng til billeder og skilte"}]},{"@type":"WebSite","@id":"https:\/\/www.gdirekt.se\/#website","url":"https:\/\/www.gdirekt.se\/","name":"Gdirekt.se","description":"Tryck snabbt \u00e5 l\u00e4tt = Gdirekt","potentialAction":[{"@type":"SearchAction","target":{"@type":"EntryPoint","urlTemplate":"https:\/\/www.gdirekt.se\/?s={search_term_string}"},"query-input":{"@type":"PropertyValueSpecification","valueRequired":true,"valueName":"search_term_string"}}],"inLanguage":"da-DK"}]}},"_links":{"self":[{"href":"https:\/\/www.gdirekt.se\/da\/wp-json\/wp\/v2\/product\/10330","targetHints":{"allow":["GET"]}}],"collection":[{"href":"https:\/\/www.gdirekt.se\/da\/wp-json\/wp\/v2\/product"}],"about":[{"href":"https:\/\/www.gdirekt.se\/da\/wp-json\/wp\/v2\/types\/product"}],"wp:featuredmedia":[{"embeddable":true,"href":"https:\/\/www.gdirekt.se\/da\/wp-json\/wp\/v2\/media\/8500"}],"wp:attachment":[{"href":"https:\/\/www.gdirekt.se\/da\/wp-json\/wp\/v2\/media?parent=10330"}],"wp:term":[{"taxonomy":"product_brand","embeddable":true,"href":"https:\/\/www.gdirekt.se\/da\/wp-json\/wp\/v2\/product_brand?post=10330"},{"taxonomy":"product_cat","embeddable":true,"href":"https:\/\/www.gdirekt.se\/da\/wp-json\/wp\/v2\/product_cat?post=10330"},{"taxonomy":"product_tag","embeddable":true,"href":"https:\/\/www.gdirekt.se\/da\/wp-json\/wp\/v2\/product_tag?post=10330"}],"curies":[{"name":"wp","href":"https:\/\/api.w.org\/{rel}","templated":true}]}}