{"id":10324,"date":"2016-12-22T10:30:49","date_gmt":"2016-12-22T09:30:49","guid":{"rendered":"http:\/\/gdirekt.hamstage.hamrenmedia.se\/produkt\/taske-til-scenebanner\/"},"modified":"2024-02-01T09:37:07","modified_gmt":"2024-02-01T08:37:07","slug":"taske-til-scenebanner","status":"publish","type":"product","link":"https:\/\/www.gdirekt.se\/da\/produkt\/taske-til-scenebanner\/","title":{"rendered":"Taske til scenebanner"},"content":{"rendered":"<p>Taske til scenebanner er en stor kraftig taske i slidst\u00e6rkt og vandt\u00e6t nylon. Smart\u00a0til opbevaring og transport af jeres scenebannere. En slidst\u00e6rk taske med to h\u00e5ndtag. Tasken er r\u00f8rformet, og \u00e5bningen kan foldes ind, hvorefter man folder den et par omgange og klikker den sammen. Meget enkel h\u00e5ndtering, og st\u00f8rrelsen er 80 cm lang med en diameter p\u00e5 30 cm. Her bestiller I det trykte\u00a0<a href=\"https:\/\/www.gdirekt.se\/produkt\/backdrop-med-tygtryck\/\"><strong><em>scenebanner<\/em><\/strong><\/a>! Her kan I se\u00a0<a href=\"http:\/\/www.gigantprint.se\/event\/\"><strong><em>masser af billeder fra events<\/em><\/strong><\/a>, hvor man bruger trykte scenet\u00e6pper i stof!<\/p>\n","protected":false},"excerpt":{"rendered":"<p>Tasken til stort scenebanner er en smart l\u00f8sning til opbevaring og transport af store scenebannere. En robust taske med skulderrem, der ogs\u00e5 kan b\u00e6res som rygs\u00e6k og i h\u00e5nden.<\/p>\n","protected":false},"featured_media":11291,"template":"","meta":{"_acf_changed":false},"product_brand":[],"product_cat":[380],"product_tag":[],"class_list":{"0":"post-10324","1":"product","2":"type-product","3":"status-publish","4":"has-post-thumbnail","6":"product_cat-tekstiltryk-og-scenetaepper","7":"product_shipping_class-180sek","9":"first","10":"instock","11":"taxable","12":"shipping-taxable","13":"purchasable","14":"product-type-simple"},"exclude_global_add_ons":[],"addons":[],"acf":[],"yoast_head":"<!-- This site is optimized with the Yoast SEO plugin v27.2 - https:\/\/yoast.com\/product\/yoast-seo-wordpress\/ -->\n<title>Taske til scenebanner i stof til koncerten p\u00e5 scenen | Gdirekt.se<\/title>\n<meta name=\"description\" content=\"Tasken til scenebanner er en smart l\u00f8sning til opbevaring og transport af store scenebannere. Vandt\u00e6t taske med h\u00e5ndtag g\u00f8r det nemt at b\u00e6re stofbannerne.\" \/>\n<meta name=\"robots\" content=\"index, follow, max-snippet:-1, max-image-preview:large, max-video-preview:-1\" \/>\n<link rel=\"canonical\" href=\"https:\/\/www.gdirekt.se\/da\/produkt\/taske-til-scenebanner\/\" \/>\n<meta property=\"og:locale\" content=\"da_DK\" \/>\n<meta property=\"og:type\" content=\"article\" \/>\n<meta property=\"og:title\" content=\"Taske til scenebanner i stof til koncerten p\u00e5 scenen | Gdirekt.se\" \/>\n<meta property=\"og:description\" content=\"Tasken til scenebanner er en smart l\u00f8sning til opbevaring og transport af store scenebannere. Vandt\u00e6t taske med h\u00e5ndtag g\u00f8r det nemt at b\u00e6re stofbannerne.\" \/>\n<meta property=\"og:url\" content=\"https:\/\/www.gdirekt.se\/da\/produkt\/taske-til-scenebanner\/\" \/>\n<meta property=\"og:site_name\" content=\"Gdirekt.se\" \/>\n<meta property=\"article:modified_time\" content=\"2024-02-01T08:37:07+00:00\" \/>\n<meta property=\"og:image\" content=\"https:\/\/www.gdirekt.se\/wp-content\/uploads\/backdropva\u0308ska.png\" \/>\n\t<meta property=\"og:image:width\" content=\"1000\" \/>\n\t<meta property=\"og:image:height\" content=\"1000\" \/>\n\t<meta property=\"og:image:type\" content=\"image\/png\" \/>\n<meta name=\"twitter:card\" content=\"summary_large_image\" \/>\n<script type=\"application\/ld+json\" class=\"yoast-schema-graph\">{\"@context\":\"https:\/\/schema.org\",\"@graph\":[{\"@type\":\"WebPage\",\"@id\":\"https:\/\/www.gdirekt.se\/da\/produkt\/taske-til-scenebanner\/\",\"url\":\"https:\/\/www.gdirekt.se\/da\/produkt\/taske-til-scenebanner\/\",\"name\":\"Taske til scenebanner i stof til koncerten p\u00e5 scenen | Gdirekt.se\",\"isPartOf\":{\"@id\":\"https:\/\/www.gdirekt.se\/#website\"},\"primaryImageOfPage\":{\"@id\":\"https:\/\/www.gdirekt.se\/da\/produkt\/taske-til-scenebanner\/#primaryimage\"},\"image\":{\"@id\":\"https:\/\/www.gdirekt.se\/da\/produkt\/taske-til-scenebanner\/#primaryimage\"},\"thumbnailUrl\":\"https:\/\/www.gdirekt.se\/wp-content\/uploads\/backdropva\u0308ska.png\",\"datePublished\":\"2016-12-22T09:30:49+00:00\",\"dateModified\":\"2024-02-01T08:37:07+00:00\",\"description\":\"Tasken til scenebanner er en smart l\u00f8sning til opbevaring og transport af store scenebannere. Vandt\u00e6t taske med h\u00e5ndtag g\u00f8r det nemt at b\u00e6re stofbannerne.\",\"breadcrumb\":{\"@id\":\"https:\/\/www.gdirekt.se\/da\/produkt\/taske-til-scenebanner\/#breadcrumb\"},\"inLanguage\":\"da-DK\",\"potentialAction\":[{\"@type\":\"ReadAction\",\"target\":[\"https:\/\/www.gdirekt.se\/da\/produkt\/taske-til-scenebanner\/\"]}]},{\"@type\":\"ImageObject\",\"inLanguage\":\"da-DK\",\"@id\":\"https:\/\/www.gdirekt.se\/da\/produkt\/taske-til-scenebanner\/#primaryimage\",\"url\":\"https:\/\/www.gdirekt.se\/wp-content\/uploads\/backdropva\u0308ska.png\",\"contentUrl\":\"https:\/\/www.gdirekt.se\/wp-content\/uploads\/backdropva\u0308ska.png\",\"width\":1000,\"height\":1000},{\"@type\":\"BreadcrumbList\",\"@id\":\"https:\/\/www.gdirekt.se\/da\/produkt\/taske-til-scenebanner\/#breadcrumb\",\"itemListElement\":[{\"@type\":\"ListItem\",\"position\":1,\"name\":\"Hem\",\"item\":\"https:\/\/www.gdirekt.se\/da\/\"},{\"@type\":\"ListItem\",\"position\":2,\"name\":\"Start\",\"item\":\"https:\/\/www.gdirekt.se\/da\/\"},{\"@type\":\"ListItem\",\"position\":3,\"name\":\"Taske til scenebanner\"}]},{\"@type\":\"WebSite\",\"@id\":\"https:\/\/www.gdirekt.se\/#website\",\"url\":\"https:\/\/www.gdirekt.se\/\",\"name\":\"Gdirekt.se\",\"description\":\"Tryck snabbt \u00e5 l\u00e4tt = Gdirekt\",\"potentialAction\":[{\"@type\":\"SearchAction\",\"target\":{\"@type\":\"EntryPoint\",\"urlTemplate\":\"https:\/\/www.gdirekt.se\/?s={search_term_string}\"},\"query-input\":{\"@type\":\"PropertyValueSpecification\",\"valueRequired\":true,\"valueName\":\"search_term_string\"}}],\"inLanguage\":\"da-DK\"}]}<\/script>\n<!-- \/ Yoast SEO plugin. -->","yoast_head_json":{"title":"Taske til scenebanner i stof til koncerten p\u00e5 scenen | Gdirekt.se","description":"Tasken til scenebanner er en smart l\u00f8sning til opbevaring og transport af store scenebannere. Vandt\u00e6t taske med h\u00e5ndtag g\u00f8r det nemt at b\u00e6re stofbannerne.","robots":{"index":"index","follow":"follow","max-snippet":"max-snippet:-1","max-image-preview":"max-image-preview:large","max-video-preview":"max-video-preview:-1"},"canonical":"https:\/\/www.gdirekt.se\/da\/produkt\/taske-til-scenebanner\/","og_locale":"da_DK","og_type":"article","og_title":"Taske til scenebanner i stof til koncerten p\u00e5 scenen | Gdirekt.se","og_description":"Tasken til scenebanner er en smart l\u00f8sning til opbevaring og transport af store scenebannere. Vandt\u00e6t taske med h\u00e5ndtag g\u00f8r det nemt at b\u00e6re stofbannerne.","og_url":"https:\/\/www.gdirekt.se\/da\/produkt\/taske-til-scenebanner\/","og_site_name":"Gdirekt.se","article_modified_time":"2024-02-01T08:37:07+00:00","og_image":[{"width":1000,"height":1000,"url":"https:\/\/www.gdirekt.se\/wp-content\/uploads\/backdropva\u0308ska.png","type":"image\/png"}],"twitter_card":"summary_large_image","schema":{"@context":"https:\/\/schema.org","@graph":[{"@type":"WebPage","@id":"https:\/\/www.gdirekt.se\/da\/produkt\/taske-til-scenebanner\/","url":"https:\/\/www.gdirekt.se\/da\/produkt\/taske-til-scenebanner\/","name":"Taske til scenebanner i stof til koncerten p\u00e5 scenen | Gdirekt.se","isPartOf":{"@id":"https:\/\/www.gdirekt.se\/#website"},"primaryImageOfPage":{"@id":"https:\/\/www.gdirekt.se\/da\/produkt\/taske-til-scenebanner\/#primaryimage"},"image":{"@id":"https:\/\/www.gdirekt.se\/da\/produkt\/taske-til-scenebanner\/#primaryimage"},"thumbnailUrl":"https:\/\/www.gdirekt.se\/wp-content\/uploads\/backdropva\u0308ska.png","datePublished":"2016-12-22T09:30:49+00:00","dateModified":"2024-02-01T08:37:07+00:00","description":"Tasken til scenebanner er en smart l\u00f8sning til opbevaring og transport af store scenebannere. Vandt\u00e6t taske med h\u00e5ndtag g\u00f8r det nemt at b\u00e6re stofbannerne.","breadcrumb":{"@id":"https:\/\/www.gdirekt.se\/da\/produkt\/taske-til-scenebanner\/#breadcrumb"},"inLanguage":"da-DK","potentialAction":[{"@type":"ReadAction","target":["https:\/\/www.gdirekt.se\/da\/produkt\/taske-til-scenebanner\/"]}]},{"@type":"ImageObject","inLanguage":"da-DK","@id":"https:\/\/www.gdirekt.se\/da\/produkt\/taske-til-scenebanner\/#primaryimage","url":"https:\/\/www.gdirekt.se\/wp-content\/uploads\/backdropva\u0308ska.png","contentUrl":"https:\/\/www.gdirekt.se\/wp-content\/uploads\/backdropva\u0308ska.png","width":1000,"height":1000},{"@type":"BreadcrumbList","@id":"https:\/\/www.gdirekt.se\/da\/produkt\/taske-til-scenebanner\/#breadcrumb","itemListElement":[{"@type":"ListItem","position":1,"name":"Hem","item":"https:\/\/www.gdirekt.se\/da\/"},{"@type":"ListItem","position":2,"name":"Start","item":"https:\/\/www.gdirekt.se\/da\/"},{"@type":"ListItem","position":3,"name":"Taske til scenebanner"}]},{"@type":"WebSite","@id":"https:\/\/www.gdirekt.se\/#website","url":"https:\/\/www.gdirekt.se\/","name":"Gdirekt.se","description":"Tryck snabbt \u00e5 l\u00e4tt = Gdirekt","potentialAction":[{"@type":"SearchAction","target":{"@type":"EntryPoint","urlTemplate":"https:\/\/www.gdirekt.se\/?s={search_term_string}"},"query-input":{"@type":"PropertyValueSpecification","valueRequired":true,"valueName":"search_term_string"}}],"inLanguage":"da-DK"}]}},"_links":{"self":[{"href":"https:\/\/www.gdirekt.se\/da\/wp-json\/wp\/v2\/product\/10324","targetHints":{"allow":["GET"]}}],"collection":[{"href":"https:\/\/www.gdirekt.se\/da\/wp-json\/wp\/v2\/product"}],"about":[{"href":"https:\/\/www.gdirekt.se\/da\/wp-json\/wp\/v2\/types\/product"}],"wp:featuredmedia":[{"embeddable":true,"href":"https:\/\/www.gdirekt.se\/da\/wp-json\/wp\/v2\/media\/11291"}],"wp:attachment":[{"href":"https:\/\/www.gdirekt.se\/da\/wp-json\/wp\/v2\/media?parent=10324"}],"wp:term":[{"taxonomy":"product_brand","embeddable":true,"href":"https:\/\/www.gdirekt.se\/da\/wp-json\/wp\/v2\/product_brand?post=10324"},{"taxonomy":"product_cat","embeddable":true,"href":"https:\/\/www.gdirekt.se\/da\/wp-json\/wp\/v2\/product_cat?post=10324"},{"taxonomy":"product_tag","embeddable":true,"href":"https:\/\/www.gdirekt.se\/da\/wp-json\/wp\/v2\/product_tag?post=10324"}],"curies":[{"name":"wp","href":"https:\/\/api.w.org\/{rel}","templated":true}]}}