{"id":10303,"date":"2018-02-09T11:38:38","date_gmt":"2018-02-09T10:38:38","guid":{"rendered":"http:\/\/gdirekt.hamstage.hamrenmedia.se\/produkt\/valgplakater-med-tryk\/"},"modified":"2022-07-07T16:40:20","modified_gmt":"2022-07-07T14:40:20","slug":"valgplakater-med-tryk","status":"publish","type":"product","link":"https:\/\/www.gdirekt.se\/da\/produkt\/valgplakater-med-tryk\/","title":{"rendered":"Valgplakater med tryk"},"content":{"rendered":"<p>Valgplakater med tryk til\u00a0skilte til valgkampagner. Frem for alt til de politiske partier, n\u00e5r det er valg\u00e5r. Men disse trykte skilte fungerer ogs\u00e5 godt som parkeringsskilte og udsalgsskilte, og I kan designe jeres eget skilt helt efter egne \u00f8nsker. Her har vi udvalgt nogle standardm\u00e5l, men vi hj\u00e6lper jer ogs\u00e5 med andre formater og st\u00f8rrelser. Hvis I har behov for at kontursk\u00e6re kanalplastskiltene, l\u00f8ser vi det. Disse plastskilte egner sig s\u00e6rdeles godt som skilte, der skal s\u00e6ttes op i byer, eksempelvis p\u00e5 lygtep\u00e6le. I s\u00e5 fald borer vi huller, s\u00e5 man kan tr\u00e6kke en snor igennem, der kan fastg\u00f8res rundt om lygtep\u00e6lene. De k\u00f8bte skilte i kanalplast holder godt udend\u00f8rs i regn og sol. De blegner ikke, da vi bruger milj\u00f8venlig UV-farve i vores trykkeri.<\/p>\n<p><strong>Ved st\u00f8rre oplag eller kanalplastskilte i andre st\u00f8rrelser kan I kontakte os for at f\u00e5 et tilbud:\u00a0info@gdirekt.se<\/strong><\/p>\n","protected":false},"excerpt":{"rendered":"<p>Valgplakater med tryk p\u00e5 kanalplast 3mm, der holder godt udend\u00f8rs. Bestil skilte, s\u00e5 kampagnen bliver vellykket. V\u00e6lg mellem st\u00f8rrelserne A3, 50 x 70 cm eller 70 x 100 cm.<\/p>\n","protected":false},"featured_media":8893,"template":"","meta":{"_acf_changed":false},"product_brand":[],"product_cat":[378],"product_tag":[],"class_list":{"0":"post-10303","1":"product","2":"type-product","3":"status-publish","4":"has-post-thumbnail","6":"product_cat-skilte","7":"product_shipping_class-350kr","9":"first","10":"instock","11":"taxable","12":"shipping-taxable","13":"purchasable","14":"product-type-variable","15":"has-default-attributes"},"exclude_global_add_ons":[],"addons":[],"acf":[],"yoast_head":"<!-- This site is optimized with the Yoast SEO plugin v27.2 - https:\/\/yoast.com\/product\/yoast-seo-wordpress\/ -->\n<title>Valgplakater med tryk som skilt til parti, hurtig levering | Gdirekt.se<\/title>\n<meta name=\"description\" content=\"Valgplakater med tryk som skilte bestilles nemt p\u00e5 nettet. Plastskiltene t\u00e5ler udend\u00f8rsbrug og har milj\u00f8venlig farve og en kanonbillig pris. Trykkeriet leverer direkte til de politiske partier med hurtig og sporbar fragt. Vi kan trykke valgkampagner p\u00e5 den bedste m\u00e5de.\" \/>\n<meta name=\"robots\" content=\"index, follow, max-snippet:-1, max-image-preview:large, max-video-preview:-1\" \/>\n<link rel=\"canonical\" href=\"https:\/\/www.gdirekt.se\/da\/produkt\/valgplakater-med-tryk\/\" \/>\n<meta property=\"og:locale\" content=\"da_DK\" \/>\n<meta property=\"og:type\" content=\"article\" \/>\n<meta property=\"og:title\" content=\"Valgplakater med tryk som skilt til parti, hurtig levering | Gdirekt.se\" \/>\n<meta property=\"og:description\" content=\"Valgplakater med tryk som skilte bestilles nemt p\u00e5 nettet. Plastskiltene t\u00e5ler udend\u00f8rsbrug og har milj\u00f8venlig farve og en kanonbillig pris. Trykkeriet leverer direkte til de politiske partier med hurtig og sporbar fragt. Vi kan trykke valgkampagner p\u00e5 den bedste m\u00e5de.\" \/>\n<meta property=\"og:url\" content=\"https:\/\/www.gdirekt.se\/da\/produkt\/valgplakater-med-tryk\/\" \/>\n<meta property=\"og:site_name\" content=\"Gdirekt.se\" \/>\n<meta property=\"article:modified_time\" content=\"2022-07-07T14:40:20+00:00\" \/>\n<meta property=\"og:image\" content=\"https:\/\/www.gdirekt.se\/wp-content\/uploads\/valaffisch-med-tryck.png\" \/>\n\t<meta property=\"og:image:width\" content=\"1000\" \/>\n\t<meta property=\"og:image:height\" content=\"1000\" \/>\n\t<meta property=\"og:image:type\" content=\"image\/png\" \/>\n<meta name=\"twitter:card\" content=\"summary_large_image\" \/>\n<meta name=\"twitter:label1\" content=\"Estimeret l\u00e6setid\" \/>\n\t<meta name=\"twitter:data1\" content=\"1 minut\" \/>\n<script type=\"application\/ld+json\" class=\"yoast-schema-graph\">{\"@context\":\"https:\/\/schema.org\",\"@graph\":[{\"@type\":\"WebPage\",\"@id\":\"https:\/\/www.gdirekt.se\/da\/produkt\/valgplakater-med-tryk\/\",\"url\":\"https:\/\/www.gdirekt.se\/da\/produkt\/valgplakater-med-tryk\/\",\"name\":\"Valgplakater med tryk som skilt til parti, hurtig levering | Gdirekt.se\",\"isPartOf\":{\"@id\":\"https:\/\/www.gdirekt.se\/#website\"},\"primaryImageOfPage\":{\"@id\":\"https:\/\/www.gdirekt.se\/da\/produkt\/valgplakater-med-tryk\/#primaryimage\"},\"image\":{\"@id\":\"https:\/\/www.gdirekt.se\/da\/produkt\/valgplakater-med-tryk\/#primaryimage\"},\"thumbnailUrl\":\"https:\/\/www.gdirekt.se\/wp-content\/uploads\/valaffisch-med-tryck.png\",\"datePublished\":\"2018-02-09T10:38:38+00:00\",\"dateModified\":\"2022-07-07T14:40:20+00:00\",\"description\":\"Valgplakater med tryk som skilte bestilles nemt p\u00e5 nettet. Plastskiltene t\u00e5ler udend\u00f8rsbrug og har milj\u00f8venlig farve og en kanonbillig pris. Trykkeriet leverer direkte til de politiske partier med hurtig og sporbar fragt. Vi kan trykke valgkampagner p\u00e5 den bedste m\u00e5de.\",\"breadcrumb\":{\"@id\":\"https:\/\/www.gdirekt.se\/da\/produkt\/valgplakater-med-tryk\/#breadcrumb\"},\"inLanguage\":\"da-DK\",\"potentialAction\":[{\"@type\":\"ReadAction\",\"target\":[\"https:\/\/www.gdirekt.se\/da\/produkt\/valgplakater-med-tryk\/\"]}]},{\"@type\":\"ImageObject\",\"inLanguage\":\"da-DK\",\"@id\":\"https:\/\/www.gdirekt.se\/da\/produkt\/valgplakater-med-tryk\/#primaryimage\",\"url\":\"https:\/\/www.gdirekt.se\/wp-content\/uploads\/valaffisch-med-tryck.png\",\"contentUrl\":\"https:\/\/www.gdirekt.se\/wp-content\/uploads\/valaffisch-med-tryck.png\",\"width\":1000,\"height\":1000,\"caption\":\"Skilte til valgplakater til politiske partier\"},{\"@type\":\"BreadcrumbList\",\"@id\":\"https:\/\/www.gdirekt.se\/da\/produkt\/valgplakater-med-tryk\/#breadcrumb\",\"itemListElement\":[{\"@type\":\"ListItem\",\"position\":1,\"name\":\"Hem\",\"item\":\"https:\/\/www.gdirekt.se\/da\/\"},{\"@type\":\"ListItem\",\"position\":2,\"name\":\"Start\",\"item\":\"https:\/\/www.gdirekt.se\/da\/\"},{\"@type\":\"ListItem\",\"position\":3,\"name\":\"Valgplakater med tryk\"}]},{\"@type\":\"WebSite\",\"@id\":\"https:\/\/www.gdirekt.se\/#website\",\"url\":\"https:\/\/www.gdirekt.se\/\",\"name\":\"Gdirekt.se\",\"description\":\"Tryck snabbt \u00e5 l\u00e4tt = Gdirekt\",\"potentialAction\":[{\"@type\":\"SearchAction\",\"target\":{\"@type\":\"EntryPoint\",\"urlTemplate\":\"https:\/\/www.gdirekt.se\/?s={search_term_string}\"},\"query-input\":{\"@type\":\"PropertyValueSpecification\",\"valueRequired\":true,\"valueName\":\"search_term_string\"}}],\"inLanguage\":\"da-DK\"}]}<\/script>\n<!-- \/ Yoast SEO plugin. -->","yoast_head_json":{"title":"Valgplakater med tryk som skilt til parti, hurtig levering | Gdirekt.se","description":"Valgplakater med tryk som skilte bestilles nemt p\u00e5 nettet. Plastskiltene t\u00e5ler udend\u00f8rsbrug og har milj\u00f8venlig farve og en kanonbillig pris. Trykkeriet leverer direkte til de politiske partier med hurtig og sporbar fragt. Vi kan trykke valgkampagner p\u00e5 den bedste m\u00e5de.","robots":{"index":"index","follow":"follow","max-snippet":"max-snippet:-1","max-image-preview":"max-image-preview:large","max-video-preview":"max-video-preview:-1"},"canonical":"https:\/\/www.gdirekt.se\/da\/produkt\/valgplakater-med-tryk\/","og_locale":"da_DK","og_type":"article","og_title":"Valgplakater med tryk som skilt til parti, hurtig levering | Gdirekt.se","og_description":"Valgplakater med tryk som skilte bestilles nemt p\u00e5 nettet. Plastskiltene t\u00e5ler udend\u00f8rsbrug og har milj\u00f8venlig farve og en kanonbillig pris. Trykkeriet leverer direkte til de politiske partier med hurtig og sporbar fragt. Vi kan trykke valgkampagner p\u00e5 den bedste m\u00e5de.","og_url":"https:\/\/www.gdirekt.se\/da\/produkt\/valgplakater-med-tryk\/","og_site_name":"Gdirekt.se","article_modified_time":"2022-07-07T14:40:20+00:00","og_image":[{"width":1000,"height":1000,"url":"https:\/\/www.gdirekt.se\/wp-content\/uploads\/valaffisch-med-tryck.png","type":"image\/png"}],"twitter_card":"summary_large_image","twitter_misc":{"Estimeret l\u00e6setid":"1 minut"},"schema":{"@context":"https:\/\/schema.org","@graph":[{"@type":"WebPage","@id":"https:\/\/www.gdirekt.se\/da\/produkt\/valgplakater-med-tryk\/","url":"https:\/\/www.gdirekt.se\/da\/produkt\/valgplakater-med-tryk\/","name":"Valgplakater med tryk som skilt til parti, hurtig levering | Gdirekt.se","isPartOf":{"@id":"https:\/\/www.gdirekt.se\/#website"},"primaryImageOfPage":{"@id":"https:\/\/www.gdirekt.se\/da\/produkt\/valgplakater-med-tryk\/#primaryimage"},"image":{"@id":"https:\/\/www.gdirekt.se\/da\/produkt\/valgplakater-med-tryk\/#primaryimage"},"thumbnailUrl":"https:\/\/www.gdirekt.se\/wp-content\/uploads\/valaffisch-med-tryck.png","datePublished":"2018-02-09T10:38:38+00:00","dateModified":"2022-07-07T14:40:20+00:00","description":"Valgplakater med tryk som skilte bestilles nemt p\u00e5 nettet. Plastskiltene t\u00e5ler udend\u00f8rsbrug og har milj\u00f8venlig farve og en kanonbillig pris. Trykkeriet leverer direkte til de politiske partier med hurtig og sporbar fragt. Vi kan trykke valgkampagner p\u00e5 den bedste m\u00e5de.","breadcrumb":{"@id":"https:\/\/www.gdirekt.se\/da\/produkt\/valgplakater-med-tryk\/#breadcrumb"},"inLanguage":"da-DK","potentialAction":[{"@type":"ReadAction","target":["https:\/\/www.gdirekt.se\/da\/produkt\/valgplakater-med-tryk\/"]}]},{"@type":"ImageObject","inLanguage":"da-DK","@id":"https:\/\/www.gdirekt.se\/da\/produkt\/valgplakater-med-tryk\/#primaryimage","url":"https:\/\/www.gdirekt.se\/wp-content\/uploads\/valaffisch-med-tryck.png","contentUrl":"https:\/\/www.gdirekt.se\/wp-content\/uploads\/valaffisch-med-tryck.png","width":1000,"height":1000,"caption":"Skilte til valgplakater til politiske partier"},{"@type":"BreadcrumbList","@id":"https:\/\/www.gdirekt.se\/da\/produkt\/valgplakater-med-tryk\/#breadcrumb","itemListElement":[{"@type":"ListItem","position":1,"name":"Hem","item":"https:\/\/www.gdirekt.se\/da\/"},{"@type":"ListItem","position":2,"name":"Start","item":"https:\/\/www.gdirekt.se\/da\/"},{"@type":"ListItem","position":3,"name":"Valgplakater med tryk"}]},{"@type":"WebSite","@id":"https:\/\/www.gdirekt.se\/#website","url":"https:\/\/www.gdirekt.se\/","name":"Gdirekt.se","description":"Tryck snabbt \u00e5 l\u00e4tt = Gdirekt","potentialAction":[{"@type":"SearchAction","target":{"@type":"EntryPoint","urlTemplate":"https:\/\/www.gdirekt.se\/?s={search_term_string}"},"query-input":{"@type":"PropertyValueSpecification","valueRequired":true,"valueName":"search_term_string"}}],"inLanguage":"da-DK"}]}},"_links":{"self":[{"href":"https:\/\/www.gdirekt.se\/da\/wp-json\/wp\/v2\/product\/10303","targetHints":{"allow":["GET"]}}],"collection":[{"href":"https:\/\/www.gdirekt.se\/da\/wp-json\/wp\/v2\/product"}],"about":[{"href":"https:\/\/www.gdirekt.se\/da\/wp-json\/wp\/v2\/types\/product"}],"wp:featuredmedia":[{"embeddable":true,"href":"https:\/\/www.gdirekt.se\/da\/wp-json\/wp\/v2\/media\/8893"}],"wp:attachment":[{"href":"https:\/\/www.gdirekt.se\/da\/wp-json\/wp\/v2\/media?parent=10303"}],"wp:term":[{"taxonomy":"product_brand","embeddable":true,"href":"https:\/\/www.gdirekt.se\/da\/wp-json\/wp\/v2\/product_brand?post=10303"},{"taxonomy":"product_cat","embeddable":true,"href":"https:\/\/www.gdirekt.se\/da\/wp-json\/wp\/v2\/product_cat?post=10303"},{"taxonomy":"product_tag","embeddable":true,"href":"https:\/\/www.gdirekt.se\/da\/wp-json\/wp\/v2\/product_tag?post=10303"}],"curies":[{"name":"wp","href":"https:\/\/api.w.org\/{rel}","templated":true}]}}