{"id":10291,"date":"2017-02-22T09:54:18","date_gmt":"2017-02-22T08:54:18","guid":{"rendered":"http:\/\/gdirekt.hamstage.hamrenmedia.se\/produkt\/stofbillede-i-ramme\/"},"modified":"2019-01-16T16:12:50","modified_gmt":"2019-01-16T15:12:50","slug":"stofbillede-i-ramme","status":"publish","type":"product","link":"https:\/\/www.gdirekt.se\/da\/produkt\/stofbillede-i-ramme\/","title":{"rendered":"Stofbillede i ramme"},"content":{"rendered":"<p><span lang=\"DA\">Stofbillede i ramme er en moderne aluminiumsramme med ryg og et enkelt design. Rammen, som mange kalder Sommerramme, er 28 mm dyb, og selve kanten foran er kun 2 mm tyk. Stofbanneret sp\u00e6ndes op i rammen ved hj\u00e6lp af en gummiliste, som vi syr p\u00e5. Gummilisten passer i et spor i aluminiumsskinnen, som g\u00f8r, at stofmotivet med foto og tekst holder sig strakt. Profilen er smart konstrueret og g\u00f8r, at billedet sidder fast og bliver sp\u00e6ndt som et trommeskind. Den bliver helt usynlig, og det trykte stof i farve eller sort\/hvid sp\u00e6ndes rigtig flot op. At bruge store stofbannere som billeder g\u00f8r, at lyden d\u00e6mpes i lokalet, og det giver en hyggelig stemning p\u00e5 kontorer og i lokaler. Fungerer naturligvis ogs\u00e5 derhjemme i sovev\u00e6relset, stuen og i b\u00f8rnev\u00e6relserne. Det stof, vi anvender, er brandgodkendt tykt polyester med en tykkelse p\u00e5 220 g og certificeret iht.<\/span><span lang=\"DA\"><a href=\"https:\/\/www.oeko-tex.com\/de\/business\/business_home\/business_home.xhtml\">OEKO-TEX\u00ae.<\/a><\/span><\/p>\n<h3><span lang=\"DA\">En fordel med stofbillede i ramme<\/span><\/h3>\n<p><span lang=\"DA\">En af fordelene med disse store rammer med stof i er, at det er nemt at skifte motiv. Stofbillede i ramme giver ogs\u00e5 en god indretningsatmosf\u00e6re i butikker, kontorer, lokaler og eksempelvis skoler med et h\u00f8jt lydniveau. Vi producerer alt selv p\u00e5 vores fabrik i Norrk\u00f6ping og har kontor i Stockholm, G\u00f6teborg, Malm\u00f6, Link\u00f6ping samt J\u00f6nk\u00f6ping. Vi har produceret store trykte billeder p\u00e5 stof siden 2000 og har god erfaring, og billederne har den h\u00f8jeste opl\u00f8sning p\u00e5 de digitale udskrifter. Tekster, logoer og fotos bliver skarpe, og farverne holder deres glans godt. Se<span class=\"apple-converted-space\">\u00a0<\/span><\/span><span lang=\"DA\"><a href=\"https:\/\/www.gdirekt.se\/produkt-kategori\/ramar-till-fotobilder\/\"><b><i>andre rammer,<\/i><\/b><\/a><\/span><span lang=\"DA\">som I kan k\u00f8be online hos os!<\/span><\/p>\n<p><span lang=\"DA\">I kan ogs\u00e5 bestille disse rammer i andre st\u00f8rrelser til stofbannere. Som leverand\u00f8r af aluminiumsrammer f\u00f8rer vi et lager med l\u00e6ngder p\u00e5 hele 6 meter og sk\u00e6rer godset til, s\u00e5 det f\u00e5r pr\u00e6cist det korrekte m\u00e5l. Vi har ogs\u00e5 alle typer af l\u00f8sninger til oph\u00e6ngning af disse rammer og stofbilleder. Beslag til v\u00e6gmontering <\/span><span lang=\"DA\"><a>Mail os<\/a><\/span><span lang=\"DA\">\u00a0en foresp\u00f8rgsel, s\u00e5 s\u00f8rger vi for, at I f\u00e5r oplyst en pris med det samme.<\/span><\/p>\n","protected":false},"excerpt":{"rendered":"<p>Stofbillede i ramme er en aluminiumsramme, der er 28 mm tyk med stofprint. Stofbanneret med gummiliste sp\u00e6ndes op i rammen, der kaldes Sommerramme. Det er nemt at skifte billedmotiv. Bestil eget tryk, og v\u00e6lg st\u00f8rrelse nedenfor. St\u00e5ende eller liggende motiv, og hvis I \u00f8nsker andre st\u00f8rrelser, kan I kontakte os.<\/p>\n","protected":false},"featured_media":8570,"template":"","meta":{"_acf_changed":false},"product_brand":[],"product_cat":[378,380],"product_tag":[],"class_list":{"0":"post-10291","1":"product","2":"type-product","3":"status-publish","4":"has-post-thumbnail","6":"product_cat-skilte","7":"product_cat-tekstiltryk-og-scenetaepper","8":"product_shipping_class-350kr","10":"first","11":"instock","12":"taxable","13":"shipping-taxable","14":"purchasable","15":"product-type-variable","16":"has-default-attributes"},"exclude_global_add_ons":[],"addons":[],"acf":[],"yoast_head":"<!-- This site is optimized with the Yoast SEO plugin v27.2 - https:\/\/yoast.com\/product\/yoast-seo-wordpress\/ -->\n<title>Stofbillede i ramme, sommerramme, tekstilprint med gummiramme i aluminiumsramme | Gdirekt.se<\/title>\n<meta name=\"description\" content=\"Stofbillede i ramme er en aluminiumsramme med stofprint. Opsp\u00e6ndt stofbanner med gummiliste i aluminiumsrammen, der kaldes Sommerramme. Bestil med eget tryk og egen st\u00f8rrelse. Disse rammer kan bestilles store og er moderne i indretningen.\" \/>\n<meta name=\"robots\" content=\"index, follow, max-snippet:-1, max-image-preview:large, max-video-preview:-1\" \/>\n<link rel=\"canonical\" href=\"https:\/\/www.gdirekt.se\/da\/produkt\/stofbillede-i-ramme\/\" \/>\n<meta property=\"og:locale\" content=\"da_DK\" \/>\n<meta property=\"og:type\" content=\"article\" \/>\n<meta property=\"og:title\" content=\"Stofbillede i ramme, sommerramme, tekstilprint med gummiramme i aluminiumsramme | Gdirekt.se\" \/>\n<meta property=\"og:description\" content=\"Stofbillede i ramme er en aluminiumsramme med stofprint. Opsp\u00e6ndt stofbanner med gummiliste i aluminiumsrammen, der kaldes Sommerramme. Bestil med eget tryk og egen st\u00f8rrelse. Disse rammer kan bestilles store og er moderne i indretningen.\" \/>\n<meta property=\"og:url\" content=\"https:\/\/www.gdirekt.se\/da\/produkt\/stofbillede-i-ramme\/\" \/>\n<meta property=\"og:site_name\" content=\"Gdirekt.se\" \/>\n<meta property=\"article:modified_time\" content=\"2019-01-16T15:12:50+00:00\" \/>\n<meta property=\"og:image\" content=\"https:\/\/www.gdirekt.se\/wp-content\/uploads\/tygbild.png\" \/>\n\t<meta property=\"og:image:width\" content=\"1000\" \/>\n\t<meta property=\"og:image:height\" content=\"1000\" \/>\n\t<meta property=\"og:image:type\" content=\"image\/png\" \/>\n<meta name=\"twitter:card\" content=\"summary_large_image\" \/>\n<meta name=\"twitter:label1\" content=\"Estimeret l\u00e6setid\" \/>\n\t<meta name=\"twitter:data1\" content=\"2 minutter\" \/>\n<script type=\"application\/ld+json\" class=\"yoast-schema-graph\">{\"@context\":\"https:\/\/schema.org\",\"@graph\":[{\"@type\":\"WebPage\",\"@id\":\"https:\/\/www.gdirekt.se\/da\/produkt\/stofbillede-i-ramme\/\",\"url\":\"https:\/\/www.gdirekt.se\/da\/produkt\/stofbillede-i-ramme\/\",\"name\":\"Stofbillede i ramme, sommerramme, tekstilprint med gummiramme i aluminiumsramme | Gdirekt.se\",\"isPartOf\":{\"@id\":\"https:\/\/www.gdirekt.se\/#website\"},\"primaryImageOfPage\":{\"@id\":\"https:\/\/www.gdirekt.se\/da\/produkt\/stofbillede-i-ramme\/#primaryimage\"},\"image\":{\"@id\":\"https:\/\/www.gdirekt.se\/da\/produkt\/stofbillede-i-ramme\/#primaryimage\"},\"thumbnailUrl\":\"https:\/\/www.gdirekt.se\/wp-content\/uploads\/tygbild.png\",\"datePublished\":\"2017-02-22T08:54:18+00:00\",\"dateModified\":\"2019-01-16T15:12:50+00:00\",\"description\":\"Stofbillede i ramme er en aluminiumsramme med stofprint. Opsp\u00e6ndt stofbanner med gummiliste i aluminiumsrammen, der kaldes Sommerramme. Bestil med eget tryk og egen st\u00f8rrelse. Disse rammer kan bestilles store og er moderne i indretningen.\",\"breadcrumb\":{\"@id\":\"https:\/\/www.gdirekt.se\/da\/produkt\/stofbillede-i-ramme\/#breadcrumb\"},\"inLanguage\":\"da-DK\",\"potentialAction\":[{\"@type\":\"ReadAction\",\"target\":[\"https:\/\/www.gdirekt.se\/da\/produkt\/stofbillede-i-ramme\/\"]}]},{\"@type\":\"ImageObject\",\"inLanguage\":\"da-DK\",\"@id\":\"https:\/\/www.gdirekt.se\/da\/produkt\/stofbillede-i-ramme\/#primaryimage\",\"url\":\"https:\/\/www.gdirekt.se\/wp-content\/uploads\/tygbild.png\",\"contentUrl\":\"https:\/\/www.gdirekt.se\/wp-content\/uploads\/tygbild.png\",\"width\":1000,\"height\":1000,\"caption\":\"Stofbillede med gummib\u00e5nd til ramme\"},{\"@type\":\"BreadcrumbList\",\"@id\":\"https:\/\/www.gdirekt.se\/da\/produkt\/stofbillede-i-ramme\/#breadcrumb\",\"itemListElement\":[{\"@type\":\"ListItem\",\"position\":1,\"name\":\"Hem\",\"item\":\"https:\/\/www.gdirekt.se\/da\/\"},{\"@type\":\"ListItem\",\"position\":2,\"name\":\"Start\",\"item\":\"https:\/\/www.gdirekt.se\/da\/\"},{\"@type\":\"ListItem\",\"position\":3,\"name\":\"Stofbillede i ramme\"}]},{\"@type\":\"WebSite\",\"@id\":\"https:\/\/www.gdirekt.se\/#website\",\"url\":\"https:\/\/www.gdirekt.se\/\",\"name\":\"Gdirekt.se\",\"description\":\"Tryck snabbt \u00e5 l\u00e4tt = Gdirekt\",\"potentialAction\":[{\"@type\":\"SearchAction\",\"target\":{\"@type\":\"EntryPoint\",\"urlTemplate\":\"https:\/\/www.gdirekt.se\/?s={search_term_string}\"},\"query-input\":{\"@type\":\"PropertyValueSpecification\",\"valueRequired\":true,\"valueName\":\"search_term_string\"}}],\"inLanguage\":\"da-DK\"}]}<\/script>\n<!-- \/ Yoast SEO plugin. -->","yoast_head_json":{"title":"Stofbillede i ramme, sommerramme, tekstilprint med gummiramme i aluminiumsramme | Gdirekt.se","description":"Stofbillede i ramme er en aluminiumsramme med stofprint. Opsp\u00e6ndt stofbanner med gummiliste i aluminiumsrammen, der kaldes Sommerramme. Bestil med eget tryk og egen st\u00f8rrelse. Disse rammer kan bestilles store og er moderne i indretningen.","robots":{"index":"index","follow":"follow","max-snippet":"max-snippet:-1","max-image-preview":"max-image-preview:large","max-video-preview":"max-video-preview:-1"},"canonical":"https:\/\/www.gdirekt.se\/da\/produkt\/stofbillede-i-ramme\/","og_locale":"da_DK","og_type":"article","og_title":"Stofbillede i ramme, sommerramme, tekstilprint med gummiramme i aluminiumsramme | Gdirekt.se","og_description":"Stofbillede i ramme er en aluminiumsramme med stofprint. Opsp\u00e6ndt stofbanner med gummiliste i aluminiumsrammen, der kaldes Sommerramme. Bestil med eget tryk og egen st\u00f8rrelse. Disse rammer kan bestilles store og er moderne i indretningen.","og_url":"https:\/\/www.gdirekt.se\/da\/produkt\/stofbillede-i-ramme\/","og_site_name":"Gdirekt.se","article_modified_time":"2019-01-16T15:12:50+00:00","og_image":[{"width":1000,"height":1000,"url":"https:\/\/www.gdirekt.se\/wp-content\/uploads\/tygbild.png","type":"image\/png"}],"twitter_card":"summary_large_image","twitter_misc":{"Estimeret l\u00e6setid":"2 minutter"},"schema":{"@context":"https:\/\/schema.org","@graph":[{"@type":"WebPage","@id":"https:\/\/www.gdirekt.se\/da\/produkt\/stofbillede-i-ramme\/","url":"https:\/\/www.gdirekt.se\/da\/produkt\/stofbillede-i-ramme\/","name":"Stofbillede i ramme, sommerramme, tekstilprint med gummiramme i aluminiumsramme | Gdirekt.se","isPartOf":{"@id":"https:\/\/www.gdirekt.se\/#website"},"primaryImageOfPage":{"@id":"https:\/\/www.gdirekt.se\/da\/produkt\/stofbillede-i-ramme\/#primaryimage"},"image":{"@id":"https:\/\/www.gdirekt.se\/da\/produkt\/stofbillede-i-ramme\/#primaryimage"},"thumbnailUrl":"https:\/\/www.gdirekt.se\/wp-content\/uploads\/tygbild.png","datePublished":"2017-02-22T08:54:18+00:00","dateModified":"2019-01-16T15:12:50+00:00","description":"Stofbillede i ramme er en aluminiumsramme med stofprint. Opsp\u00e6ndt stofbanner med gummiliste i aluminiumsrammen, der kaldes Sommerramme. Bestil med eget tryk og egen st\u00f8rrelse. Disse rammer kan bestilles store og er moderne i indretningen.","breadcrumb":{"@id":"https:\/\/www.gdirekt.se\/da\/produkt\/stofbillede-i-ramme\/#breadcrumb"},"inLanguage":"da-DK","potentialAction":[{"@type":"ReadAction","target":["https:\/\/www.gdirekt.se\/da\/produkt\/stofbillede-i-ramme\/"]}]},{"@type":"ImageObject","inLanguage":"da-DK","@id":"https:\/\/www.gdirekt.se\/da\/produkt\/stofbillede-i-ramme\/#primaryimage","url":"https:\/\/www.gdirekt.se\/wp-content\/uploads\/tygbild.png","contentUrl":"https:\/\/www.gdirekt.se\/wp-content\/uploads\/tygbild.png","width":1000,"height":1000,"caption":"Stofbillede med gummib\u00e5nd til ramme"},{"@type":"BreadcrumbList","@id":"https:\/\/www.gdirekt.se\/da\/produkt\/stofbillede-i-ramme\/#breadcrumb","itemListElement":[{"@type":"ListItem","position":1,"name":"Hem","item":"https:\/\/www.gdirekt.se\/da\/"},{"@type":"ListItem","position":2,"name":"Start","item":"https:\/\/www.gdirekt.se\/da\/"},{"@type":"ListItem","position":3,"name":"Stofbillede i ramme"}]},{"@type":"WebSite","@id":"https:\/\/www.gdirekt.se\/#website","url":"https:\/\/www.gdirekt.se\/","name":"Gdirekt.se","description":"Tryck snabbt \u00e5 l\u00e4tt = Gdirekt","potentialAction":[{"@type":"SearchAction","target":{"@type":"EntryPoint","urlTemplate":"https:\/\/www.gdirekt.se\/?s={search_term_string}"},"query-input":{"@type":"PropertyValueSpecification","valueRequired":true,"valueName":"search_term_string"}}],"inLanguage":"da-DK"}]}},"_links":{"self":[{"href":"https:\/\/www.gdirekt.se\/da\/wp-json\/wp\/v2\/product\/10291","targetHints":{"allow":["GET"]}}],"collection":[{"href":"https:\/\/www.gdirekt.se\/da\/wp-json\/wp\/v2\/product"}],"about":[{"href":"https:\/\/www.gdirekt.se\/da\/wp-json\/wp\/v2\/types\/product"}],"wp:featuredmedia":[{"embeddable":true,"href":"https:\/\/www.gdirekt.se\/da\/wp-json\/wp\/v2\/media\/8570"}],"wp:attachment":[{"href":"https:\/\/www.gdirekt.se\/da\/wp-json\/wp\/v2\/media?parent=10291"}],"wp:term":[{"taxonomy":"product_brand","embeddable":true,"href":"https:\/\/www.gdirekt.se\/da\/wp-json\/wp\/v2\/product_brand?post=10291"},{"taxonomy":"product_cat","embeddable":true,"href":"https:\/\/www.gdirekt.se\/da\/wp-json\/wp\/v2\/product_cat?post=10291"},{"taxonomy":"product_tag","embeddable":true,"href":"https:\/\/www.gdirekt.se\/da\/wp-json\/wp\/v2\/product_tag?post=10291"}],"curies":[{"name":"wp","href":"https:\/\/api.w.org\/{rel}","templated":true}]}}