{"id":10274,"date":"2017-01-10T11:01:59","date_gmt":"2017-01-10T10:01:59","guid":{"rendered":"http:\/\/gdirekt.hamstage.hamrenmedia.se\/produkt\/traeskilte-traebilleder\/"},"modified":"2023-02-23T13:34:56","modified_gmt":"2023-02-23T12:34:56","slug":"traeskilte-traebilleder","status":"publish","type":"product","link":"https:\/\/www.gdirekt.se\/da\/produkt\/traeskilte-traebilleder\/","title":{"rendered":"Tr\u00e6skilte\/tr\u00e6billeder"},"content":{"rendered":"<p><span lang=\"DA\">Tr\u00e6skilte\/tr\u00e6billeder trykt med tekst eller fotomotiv. Bestil skilte med eget design og foto p\u00e5 tr\u00e6.Trykkes p\u00e5 en 9 mm tyk tr\u00e6plade i birkefin\u00e9r i flere st\u00f8rrelser. Trykte billeder og tekster p\u00e5 tr\u00e6 bliver en flot indretningsdetalje, men frem for alt et unikt billede, som alle de andre ikke har.<\/span><\/p>\n<p><span lang=\"DA\">Vi printer p\u00e5 tr\u00e6 med milj\u00f8venlig farve, og man kan v\u00e6lge, om man vil have tr\u00e6baggrund eller hvid baggrund. Hvis man v\u00e6lger tr\u00e6 som baggrund, bliver alt hvidt p\u00e5 fotoet, og teksterne f\u00e5r ingen farve, s\u00e5 tr\u00e6strukturen er synlig. Hvis man v\u00e6lger hvid baggrund p\u00e5 billedet eller skiltet, plantrykker vi en hvid flade bag hele motivet. Et kvadratisk billede fra Instagram kan v\u00e6re flot at trykke p\u00e5 en tr\u00e6plade. Hvis I leder efter fine fotos og billeder, der skal printes eller trykkes p\u00e5 tr\u00e6, kan I bes\u00f8ge vores side<span class=\"apple-converted-space\">\u00a0<\/span><\/span><span lang=\"DA\"><a href=\"https:\/\/www.dinprint.se\/\"><b><i>dinprint.se.<\/i><\/b><\/a><\/span><span lang=\"DA\">Her kan I ogs\u00e5 v\u00e6lge store billeder i jeres helt egne st\u00f8rrelser.<\/span><\/p>\n<p><span lang=\"DA\">Fordelen ved Gdirekt og ved at k\u00f8be tryksager p\u00e5 nettet er, at man kan se alle de forskellige skilte og materialer p\u00e5 \u00e9t sted. Se vores udvalg af trykte skilte via dette<span class=\"apple-converted-space\">\u00a0<\/span><\/span><span lang=\"DA\"><a href=\"https:\/\/www.gdirekt.se\/produkt-kategori\/skyltar\/\"><b><i>link<\/i><\/b><\/a><\/span><span lang=\"DA\">!<\/span><\/p>\n","protected":false},"excerpt":{"rendered":"<p>Tr\u00e6skilte trykt med tekst eller fotomotiv. Bestil skilte med eget design og foto p\u00e5 tr\u00e6.Trykkes p\u00e5 en 9 mm tyk tr\u00e6plade i birkefin\u00e9r i flere st\u00f8rrelser. V\u00e6lg, om I vil have natur-\/tr\u00e6baggrund eller hvid farve.<\/p>\n","protected":false},"featured_media":8422,"template":"","meta":{"_acf_changed":false},"product_brand":[],"product_cat":[378],"product_tag":[],"class_list":{"0":"post-10274","1":"product","2":"type-product","3":"status-publish","4":"has-post-thumbnail","6":"product_cat-skilte","8":"first","9":"instock","10":"taxable","11":"shipping-taxable","12":"purchasable","13":"product-type-variable","14":"has-default-attributes"},"exclude_global_add_ons":[],"addons":[],"acf":[],"yoast_head":"<!-- This site is optimized with the Yoast SEO plugin v27.2 - https:\/\/yoast.com\/product\/yoast-seo-wordpress\/ -->\n<title>Tr\u00e6skilte\/tr\u00e6billeder trykt med eget designmotiv | Gdirekt.se<\/title>\n<meta name=\"description\" content=\"Tr\u00e6skilte\/tr\u00e6billeder trykt med tekst eller fotomotiv. Bestil skilte med eget design og foto p\u00e5 tr\u00e6. Trykkes p\u00e5 en 9 mm tyk tr\u00e6plade i birkefin\u00e9r i flere st\u00f8rrelser. Trykket er inkluderet i prisen, n\u00e5r du k\u00f8ber billeder hos Gdirekt. Hurtig leveringstid er en selvf\u00f8lge.\" \/>\n<meta name=\"robots\" content=\"index, follow, max-snippet:-1, max-image-preview:large, max-video-preview:-1\" \/>\n<link rel=\"canonical\" href=\"https:\/\/www.gdirekt.se\/da\/produkt\/traeskilte-traebilleder\/\" \/>\n<meta property=\"og:locale\" content=\"da_DK\" \/>\n<meta property=\"og:type\" content=\"article\" \/>\n<meta property=\"og:title\" content=\"Tr\u00e6skilte\/tr\u00e6billeder trykt med eget designmotiv | Gdirekt.se\" \/>\n<meta property=\"og:description\" content=\"Tr\u00e6skilte\/tr\u00e6billeder trykt med tekst eller fotomotiv. Bestil skilte med eget design og foto p\u00e5 tr\u00e6. Trykkes p\u00e5 en 9 mm tyk tr\u00e6plade i birkefin\u00e9r i flere st\u00f8rrelser. Trykket er inkluderet i prisen, n\u00e5r du k\u00f8ber billeder hos Gdirekt. Hurtig leveringstid er en selvf\u00f8lge.\" \/>\n<meta property=\"og:url\" content=\"https:\/\/www.gdirekt.se\/da\/produkt\/traeskilte-traebilleder\/\" \/>\n<meta property=\"og:site_name\" content=\"Gdirekt.se\" \/>\n<meta property=\"article:modified_time\" content=\"2023-02-23T12:34:56+00:00\" \/>\n<meta property=\"og:image\" content=\"https:\/\/www.gdirekt.se\/wp-content\/uploads\/tratavlor.png\" \/>\n\t<meta property=\"og:image:width\" content=\"1000\" \/>\n\t<meta property=\"og:image:height\" content=\"1000\" \/>\n\t<meta property=\"og:image:type\" content=\"image\/png\" \/>\n<meta name=\"twitter:card\" content=\"summary_large_image\" \/>\n<meta name=\"twitter:label1\" content=\"Estimeret l\u00e6setid\" \/>\n\t<meta name=\"twitter:data1\" content=\"1 minut\" \/>\n<script type=\"application\/ld+json\" class=\"yoast-schema-graph\">{\"@context\":\"https:\/\/schema.org\",\"@graph\":[{\"@type\":\"WebPage\",\"@id\":\"https:\/\/www.gdirekt.se\/da\/produkt\/traeskilte-traebilleder\/\",\"url\":\"https:\/\/www.gdirekt.se\/da\/produkt\/traeskilte-traebilleder\/\",\"name\":\"Tr\u00e6skilte\/tr\u00e6billeder trykt med eget designmotiv | Gdirekt.se\",\"isPartOf\":{\"@id\":\"https:\/\/www.gdirekt.se\/#website\"},\"primaryImageOfPage\":{\"@id\":\"https:\/\/www.gdirekt.se\/da\/produkt\/traeskilte-traebilleder\/#primaryimage\"},\"image\":{\"@id\":\"https:\/\/www.gdirekt.se\/da\/produkt\/traeskilte-traebilleder\/#primaryimage\"},\"thumbnailUrl\":\"https:\/\/www.gdirekt.se\/wp-content\/uploads\/tratavlor.png\",\"datePublished\":\"2017-01-10T10:01:59+00:00\",\"dateModified\":\"2023-02-23T12:34:56+00:00\",\"description\":\"Tr\u00e6skilte\/tr\u00e6billeder trykt med tekst eller fotomotiv. Bestil skilte med eget design og foto p\u00e5 tr\u00e6. Trykkes p\u00e5 en 9 mm tyk tr\u00e6plade i birkefin\u00e9r i flere st\u00f8rrelser. Trykket er inkluderet i prisen, n\u00e5r du k\u00f8ber billeder hos Gdirekt. Hurtig leveringstid er en selvf\u00f8lge.\",\"breadcrumb\":{\"@id\":\"https:\/\/www.gdirekt.se\/da\/produkt\/traeskilte-traebilleder\/#breadcrumb\"},\"inLanguage\":\"da-DK\",\"potentialAction\":[{\"@type\":\"ReadAction\",\"target\":[\"https:\/\/www.gdirekt.se\/da\/produkt\/traeskilte-traebilleder\/\"]}]},{\"@type\":\"ImageObject\",\"inLanguage\":\"da-DK\",\"@id\":\"https:\/\/www.gdirekt.se\/da\/produkt\/traeskilte-traebilleder\/#primaryimage\",\"url\":\"https:\/\/www.gdirekt.se\/wp-content\/uploads\/tratavlor.png\",\"contentUrl\":\"https:\/\/www.gdirekt.se\/wp-content\/uploads\/tratavlor.png\",\"width\":1000,\"height\":1000,\"caption\":\"Tryk p\u00e5 tr\u00e6\"},{\"@type\":\"BreadcrumbList\",\"@id\":\"https:\/\/www.gdirekt.se\/da\/produkt\/traeskilte-traebilleder\/#breadcrumb\",\"itemListElement\":[{\"@type\":\"ListItem\",\"position\":1,\"name\":\"Hem\",\"item\":\"https:\/\/www.gdirekt.se\/da\/\"},{\"@type\":\"ListItem\",\"position\":2,\"name\":\"Start\",\"item\":\"https:\/\/www.gdirekt.se\/da\/\"},{\"@type\":\"ListItem\",\"position\":3,\"name\":\"Tr\u00e6skilte\/tr\u00e6billeder\"}]},{\"@type\":\"WebSite\",\"@id\":\"https:\/\/www.gdirekt.se\/#website\",\"url\":\"https:\/\/www.gdirekt.se\/\",\"name\":\"Gdirekt.se\",\"description\":\"Tryck snabbt \u00e5 l\u00e4tt = Gdirekt\",\"potentialAction\":[{\"@type\":\"SearchAction\",\"target\":{\"@type\":\"EntryPoint\",\"urlTemplate\":\"https:\/\/www.gdirekt.se\/?s={search_term_string}\"},\"query-input\":{\"@type\":\"PropertyValueSpecification\",\"valueRequired\":true,\"valueName\":\"search_term_string\"}}],\"inLanguage\":\"da-DK\"}]}<\/script>\n<!-- \/ Yoast SEO plugin. -->","yoast_head_json":{"title":"Tr\u00e6skilte\/tr\u00e6billeder trykt med eget designmotiv | Gdirekt.se","description":"Tr\u00e6skilte\/tr\u00e6billeder trykt med tekst eller fotomotiv. Bestil skilte med eget design og foto p\u00e5 tr\u00e6. Trykkes p\u00e5 en 9 mm tyk tr\u00e6plade i birkefin\u00e9r i flere st\u00f8rrelser. Trykket er inkluderet i prisen, n\u00e5r du k\u00f8ber billeder hos Gdirekt. Hurtig leveringstid er en selvf\u00f8lge.","robots":{"index":"index","follow":"follow","max-snippet":"max-snippet:-1","max-image-preview":"max-image-preview:large","max-video-preview":"max-video-preview:-1"},"canonical":"https:\/\/www.gdirekt.se\/da\/produkt\/traeskilte-traebilleder\/","og_locale":"da_DK","og_type":"article","og_title":"Tr\u00e6skilte\/tr\u00e6billeder trykt med eget designmotiv | Gdirekt.se","og_description":"Tr\u00e6skilte\/tr\u00e6billeder trykt med tekst eller fotomotiv. Bestil skilte med eget design og foto p\u00e5 tr\u00e6. Trykkes p\u00e5 en 9 mm tyk tr\u00e6plade i birkefin\u00e9r i flere st\u00f8rrelser. Trykket er inkluderet i prisen, n\u00e5r du k\u00f8ber billeder hos Gdirekt. Hurtig leveringstid er en selvf\u00f8lge.","og_url":"https:\/\/www.gdirekt.se\/da\/produkt\/traeskilte-traebilleder\/","og_site_name":"Gdirekt.se","article_modified_time":"2023-02-23T12:34:56+00:00","og_image":[{"width":1000,"height":1000,"url":"https:\/\/www.gdirekt.se\/wp-content\/uploads\/tratavlor.png","type":"image\/png"}],"twitter_card":"summary_large_image","twitter_misc":{"Estimeret l\u00e6setid":"1 minut"},"schema":{"@context":"https:\/\/schema.org","@graph":[{"@type":"WebPage","@id":"https:\/\/www.gdirekt.se\/da\/produkt\/traeskilte-traebilleder\/","url":"https:\/\/www.gdirekt.se\/da\/produkt\/traeskilte-traebilleder\/","name":"Tr\u00e6skilte\/tr\u00e6billeder trykt med eget designmotiv | Gdirekt.se","isPartOf":{"@id":"https:\/\/www.gdirekt.se\/#website"},"primaryImageOfPage":{"@id":"https:\/\/www.gdirekt.se\/da\/produkt\/traeskilte-traebilleder\/#primaryimage"},"image":{"@id":"https:\/\/www.gdirekt.se\/da\/produkt\/traeskilte-traebilleder\/#primaryimage"},"thumbnailUrl":"https:\/\/www.gdirekt.se\/wp-content\/uploads\/tratavlor.png","datePublished":"2017-01-10T10:01:59+00:00","dateModified":"2023-02-23T12:34:56+00:00","description":"Tr\u00e6skilte\/tr\u00e6billeder trykt med tekst eller fotomotiv. Bestil skilte med eget design og foto p\u00e5 tr\u00e6. Trykkes p\u00e5 en 9 mm tyk tr\u00e6plade i birkefin\u00e9r i flere st\u00f8rrelser. Trykket er inkluderet i prisen, n\u00e5r du k\u00f8ber billeder hos Gdirekt. Hurtig leveringstid er en selvf\u00f8lge.","breadcrumb":{"@id":"https:\/\/www.gdirekt.se\/da\/produkt\/traeskilte-traebilleder\/#breadcrumb"},"inLanguage":"da-DK","potentialAction":[{"@type":"ReadAction","target":["https:\/\/www.gdirekt.se\/da\/produkt\/traeskilte-traebilleder\/"]}]},{"@type":"ImageObject","inLanguage":"da-DK","@id":"https:\/\/www.gdirekt.se\/da\/produkt\/traeskilte-traebilleder\/#primaryimage","url":"https:\/\/www.gdirekt.se\/wp-content\/uploads\/tratavlor.png","contentUrl":"https:\/\/www.gdirekt.se\/wp-content\/uploads\/tratavlor.png","width":1000,"height":1000,"caption":"Tryk p\u00e5 tr\u00e6"},{"@type":"BreadcrumbList","@id":"https:\/\/www.gdirekt.se\/da\/produkt\/traeskilte-traebilleder\/#breadcrumb","itemListElement":[{"@type":"ListItem","position":1,"name":"Hem","item":"https:\/\/www.gdirekt.se\/da\/"},{"@type":"ListItem","position":2,"name":"Start","item":"https:\/\/www.gdirekt.se\/da\/"},{"@type":"ListItem","position":3,"name":"Tr\u00e6skilte\/tr\u00e6billeder"}]},{"@type":"WebSite","@id":"https:\/\/www.gdirekt.se\/#website","url":"https:\/\/www.gdirekt.se\/","name":"Gdirekt.se","description":"Tryck snabbt \u00e5 l\u00e4tt = Gdirekt","potentialAction":[{"@type":"SearchAction","target":{"@type":"EntryPoint","urlTemplate":"https:\/\/www.gdirekt.se\/?s={search_term_string}"},"query-input":{"@type":"PropertyValueSpecification","valueRequired":true,"valueName":"search_term_string"}}],"inLanguage":"da-DK"}]}},"_links":{"self":[{"href":"https:\/\/www.gdirekt.se\/da\/wp-json\/wp\/v2\/product\/10274","targetHints":{"allow":["GET"]}}],"collection":[{"href":"https:\/\/www.gdirekt.se\/da\/wp-json\/wp\/v2\/product"}],"about":[{"href":"https:\/\/www.gdirekt.se\/da\/wp-json\/wp\/v2\/types\/product"}],"wp:featuredmedia":[{"embeddable":true,"href":"https:\/\/www.gdirekt.se\/da\/wp-json\/wp\/v2\/media\/8422"}],"wp:attachment":[{"href":"https:\/\/www.gdirekt.se\/da\/wp-json\/wp\/v2\/media?parent=10274"}],"wp:term":[{"taxonomy":"product_brand","embeddable":true,"href":"https:\/\/www.gdirekt.se\/da\/wp-json\/wp\/v2\/product_brand?post=10274"},{"taxonomy":"product_cat","embeddable":true,"href":"https:\/\/www.gdirekt.se\/da\/wp-json\/wp\/v2\/product_cat?post=10274"},{"taxonomy":"product_tag","embeddable":true,"href":"https:\/\/www.gdirekt.se\/da\/wp-json\/wp\/v2\/product_tag?post=10274"}],"curies":[{"name":"wp","href":"https:\/\/api.w.org\/{rel}","templated":true}]}}