{"id":10221,"date":"2017-10-12T16:19:12","date_gmt":"2017-10-12T14:19:12","guid":{"rendered":"http:\/\/gdirekt.hamstage.hamrenmedia.se\/produkt\/stor-gevinstcheck-praemiecheck\/"},"modified":"2019-01-16T16:13:11","modified_gmt":"2019-01-16T15:13:11","slug":"stor-gevinstcheck-praemiecheck","status":"publish","type":"product","link":"https:\/\/www.gdirekt.se\/da\/produkt\/stor-gevinstcheck-praemiecheck\/","title":{"rendered":"Stor gevinstcheck\/pr\u00e6miecheck"},"content":{"rendered":"<p>Stor gevinstcheck\/pr\u00e6miecheck med eget trykt budskab.Vi trykker fotos, billeder og tekster i h\u00f8jeste kvalitet, og farverne er milj\u00f8venlige. Kartonets overflade er fin og glat. N\u00e5r man taler om kartonets v\u00e6gt, vejer en kvadratmeter 800 g. Disse trykte kartonskilte bruges bl.a., n\u00e5r man skal uddele stipendier og gevinster. Det kan v\u00e6re til idr\u00e6tsforeninger og andre klubber samt privatpersoner. De, der uddeler disse priser, er oftest banker, store virksomheder samt stiftelser, der har forvaltet pengene til gode form\u00e5l.<\/p>\n<p>De trykte pr\u00e6miechecks f\u00e5s i tre forskellige st\u00f8rrelser. 70 x 47 cm, 100 x 50 cm og 140 x 70 cm afh\u00e6ngigt af, hvad der passer bedst ved selve overr\u00e6kkelsen. Disse m\u00e5l og tykkelser er standard, men hos Gdirekt kan du naturligvis k\u00f8be kartonskilte i andre st\u00f8rrelser og oplag. Vi har ogs\u00e5 andre tykkelser 350 g, 500 g, 800 g og 1100 g.<\/p>\n<p><strong>Ved st\u00f8rre oplag, andre formater og tykkelser kan I kontakte os for at f\u00e5 et tilbud: info@gdirekt.se<\/strong><\/p>\n","protected":false},"excerpt":{"rendered":"<p>Stor gevinstcheck\/pr\u00e6miecheck med eget budskab eller billedmotiv. Skiltene er trykt p\u00e5 karton med en tykkelse p\u00e5 800 g og bruges ved uddeling af gevinster og udm\u00e6rkelser samt stipendier.V\u00e6lg st\u00f8rrelse og antal nedenfor.<\/p>\n","protected":false},"featured_media":11231,"template":"","meta":{"_acf_changed":false},"product_brand":[],"product_cat":[378],"product_tag":[],"class_list":{"0":"post-10221","1":"product","2":"type-product","3":"status-publish","4":"has-post-thumbnail","6":"product_cat-skilte","8":"first","9":"instock","10":"taxable","11":"shipping-taxable","12":"purchasable","13":"product-type-variable","14":"has-default-attributes"},"exclude_global_add_ons":[],"addons":[],"acf":[],"yoast_head":"<!-- This site is optimized with the Yoast SEO plugin v27.2 - https:\/\/yoast.com\/product\/yoast-seo-wordpress\/ -->\n<title>Stor gevinstcheck\/pr\u00e6miecheck med trykt eget motiv | Gdirekt.se<\/title>\n<meta name=\"description\" content=\"De trykte pr\u00e6miechecks f\u00e5s i tre forskellige st\u00f8rrelser. 70 x 47 cm, 100 x 50 cm og 140 x 70 cm afh\u00e6ngigt af, hvad der passer bedst ved selve overr\u00e6kkelsen. Disse m\u00e5l og tykkelser er standard, men hos Gdirekt kan du naturligvis k\u00f8be kartonskilte i andre st\u00f8rrelser og oplag. Vi har ogs\u00e5 andre tykkelser 350g, 500g, 800g og 1100g.\" \/>\n<meta name=\"robots\" content=\"index, follow, max-snippet:-1, max-image-preview:large, max-video-preview:-1\" \/>\n<link rel=\"canonical\" href=\"https:\/\/www.gdirekt.se\/da\/produkt\/stor-gevinstcheck-praemiecheck\/\" \/>\n<meta property=\"og:locale\" content=\"da_DK\" \/>\n<meta property=\"og:type\" content=\"article\" \/>\n<meta property=\"og:title\" content=\"Stor gevinstcheck\/pr\u00e6miecheck med trykt eget motiv | Gdirekt.se\" \/>\n<meta property=\"og:description\" content=\"De trykte pr\u00e6miechecks f\u00e5s i tre forskellige st\u00f8rrelser. 70 x 47 cm, 100 x 50 cm og 140 x 70 cm afh\u00e6ngigt af, hvad der passer bedst ved selve overr\u00e6kkelsen. Disse m\u00e5l og tykkelser er standard, men hos Gdirekt kan du naturligvis k\u00f8be kartonskilte i andre st\u00f8rrelser og oplag. Vi har ogs\u00e5 andre tykkelser 350g, 500g, 800g og 1100g.\" \/>\n<meta property=\"og:url\" content=\"https:\/\/www.gdirekt.se\/da\/produkt\/stor-gevinstcheck-praemiecheck\/\" \/>\n<meta property=\"og:site_name\" content=\"Gdirekt.se\" \/>\n<meta property=\"article:modified_time\" content=\"2019-01-16T15:13:11+00:00\" \/>\n<meta property=\"og:image\" content=\"https:\/\/www.gdirekt.se\/wp-content\/uploads\/prischeck_vinstcheck.png\" \/>\n\t<meta property=\"og:image:width\" content=\"1000\" \/>\n\t<meta property=\"og:image:height\" content=\"1000\" \/>\n\t<meta property=\"og:image:type\" content=\"image\/png\" \/>\n<meta name=\"twitter:card\" content=\"summary_large_image\" \/>\n<meta name=\"twitter:label1\" content=\"Estimeret l\u00e6setid\" \/>\n\t<meta name=\"twitter:data1\" content=\"1 minut\" \/>\n<script type=\"application\/ld+json\" class=\"yoast-schema-graph\">{\"@context\":\"https:\/\/schema.org\",\"@graph\":[{\"@type\":\"WebPage\",\"@id\":\"https:\/\/www.gdirekt.se\/da\/produkt\/stor-gevinstcheck-praemiecheck\/\",\"url\":\"https:\/\/www.gdirekt.se\/da\/produkt\/stor-gevinstcheck-praemiecheck\/\",\"name\":\"Stor gevinstcheck\/pr\u00e6miecheck med trykt eget motiv | Gdirekt.se\",\"isPartOf\":{\"@id\":\"https:\/\/www.gdirekt.se\/#website\"},\"primaryImageOfPage\":{\"@id\":\"https:\/\/www.gdirekt.se\/da\/produkt\/stor-gevinstcheck-praemiecheck\/#primaryimage\"},\"image\":{\"@id\":\"https:\/\/www.gdirekt.se\/da\/produkt\/stor-gevinstcheck-praemiecheck\/#primaryimage\"},\"thumbnailUrl\":\"https:\/\/www.gdirekt.se\/wp-content\/uploads\/prischeck_vinstcheck.png\",\"datePublished\":\"2017-10-12T14:19:12+00:00\",\"dateModified\":\"2019-01-16T15:13:11+00:00\",\"description\":\"De trykte pr\u00e6miechecks f\u00e5s i tre forskellige st\u00f8rrelser. 70 x 47 cm, 100 x 50 cm og 140 x 70 cm afh\u00e6ngigt af, hvad der passer bedst ved selve overr\u00e6kkelsen. Disse m\u00e5l og tykkelser er standard, men hos Gdirekt kan du naturligvis k\u00f8be kartonskilte i andre st\u00f8rrelser og oplag. Vi har ogs\u00e5 andre tykkelser 350g, 500g, 800g og 1100g.\",\"breadcrumb\":{\"@id\":\"https:\/\/www.gdirekt.se\/da\/produkt\/stor-gevinstcheck-praemiecheck\/#breadcrumb\"},\"inLanguage\":\"da-DK\",\"potentialAction\":[{\"@type\":\"ReadAction\",\"target\":[\"https:\/\/www.gdirekt.se\/da\/produkt\/stor-gevinstcheck-praemiecheck\/\"]}]},{\"@type\":\"ImageObject\",\"inLanguage\":\"da-DK\",\"@id\":\"https:\/\/www.gdirekt.se\/da\/produkt\/stor-gevinstcheck-praemiecheck\/#primaryimage\",\"url\":\"https:\/\/www.gdirekt.se\/wp-content\/uploads\/prischeck_vinstcheck.png\",\"contentUrl\":\"https:\/\/www.gdirekt.se\/wp-content\/uploads\/prischeck_vinstcheck.png\",\"width\":1000,\"height\":1000},{\"@type\":\"BreadcrumbList\",\"@id\":\"https:\/\/www.gdirekt.se\/da\/produkt\/stor-gevinstcheck-praemiecheck\/#breadcrumb\",\"itemListElement\":[{\"@type\":\"ListItem\",\"position\":1,\"name\":\"Hem\",\"item\":\"https:\/\/www.gdirekt.se\/da\/\"},{\"@type\":\"ListItem\",\"position\":2,\"name\":\"Start\",\"item\":\"https:\/\/www.gdirekt.se\/da\/\"},{\"@type\":\"ListItem\",\"position\":3,\"name\":\"Stor gevinstcheck\/pr\u00e6miecheck\"}]},{\"@type\":\"WebSite\",\"@id\":\"https:\/\/www.gdirekt.se\/#website\",\"url\":\"https:\/\/www.gdirekt.se\/\",\"name\":\"Gdirekt.se\",\"description\":\"Tryck snabbt \u00e5 l\u00e4tt = Gdirekt\",\"potentialAction\":[{\"@type\":\"SearchAction\",\"target\":{\"@type\":\"EntryPoint\",\"urlTemplate\":\"https:\/\/www.gdirekt.se\/?s={search_term_string}\"},\"query-input\":{\"@type\":\"PropertyValueSpecification\",\"valueRequired\":true,\"valueName\":\"search_term_string\"}}],\"inLanguage\":\"da-DK\"}]}<\/script>\n<!-- \/ Yoast SEO plugin. -->","yoast_head_json":{"title":"Stor gevinstcheck\/pr\u00e6miecheck med trykt eget motiv | Gdirekt.se","description":"De trykte pr\u00e6miechecks f\u00e5s i tre forskellige st\u00f8rrelser. 70 x 47 cm, 100 x 50 cm og 140 x 70 cm afh\u00e6ngigt af, hvad der passer bedst ved selve overr\u00e6kkelsen. Disse m\u00e5l og tykkelser er standard, men hos Gdirekt kan du naturligvis k\u00f8be kartonskilte i andre st\u00f8rrelser og oplag. Vi har ogs\u00e5 andre tykkelser 350g, 500g, 800g og 1100g.","robots":{"index":"index","follow":"follow","max-snippet":"max-snippet:-1","max-image-preview":"max-image-preview:large","max-video-preview":"max-video-preview:-1"},"canonical":"https:\/\/www.gdirekt.se\/da\/produkt\/stor-gevinstcheck-praemiecheck\/","og_locale":"da_DK","og_type":"article","og_title":"Stor gevinstcheck\/pr\u00e6miecheck med trykt eget motiv | Gdirekt.se","og_description":"De trykte pr\u00e6miechecks f\u00e5s i tre forskellige st\u00f8rrelser. 70 x 47 cm, 100 x 50 cm og 140 x 70 cm afh\u00e6ngigt af, hvad der passer bedst ved selve overr\u00e6kkelsen. Disse m\u00e5l og tykkelser er standard, men hos Gdirekt kan du naturligvis k\u00f8be kartonskilte i andre st\u00f8rrelser og oplag. Vi har ogs\u00e5 andre tykkelser 350g, 500g, 800g og 1100g.","og_url":"https:\/\/www.gdirekt.se\/da\/produkt\/stor-gevinstcheck-praemiecheck\/","og_site_name":"Gdirekt.se","article_modified_time":"2019-01-16T15:13:11+00:00","og_image":[{"width":1000,"height":1000,"url":"https:\/\/www.gdirekt.se\/wp-content\/uploads\/prischeck_vinstcheck.png","type":"image\/png"}],"twitter_card":"summary_large_image","twitter_misc":{"Estimeret l\u00e6setid":"1 minut"},"schema":{"@context":"https:\/\/schema.org","@graph":[{"@type":"WebPage","@id":"https:\/\/www.gdirekt.se\/da\/produkt\/stor-gevinstcheck-praemiecheck\/","url":"https:\/\/www.gdirekt.se\/da\/produkt\/stor-gevinstcheck-praemiecheck\/","name":"Stor gevinstcheck\/pr\u00e6miecheck med trykt eget motiv | Gdirekt.se","isPartOf":{"@id":"https:\/\/www.gdirekt.se\/#website"},"primaryImageOfPage":{"@id":"https:\/\/www.gdirekt.se\/da\/produkt\/stor-gevinstcheck-praemiecheck\/#primaryimage"},"image":{"@id":"https:\/\/www.gdirekt.se\/da\/produkt\/stor-gevinstcheck-praemiecheck\/#primaryimage"},"thumbnailUrl":"https:\/\/www.gdirekt.se\/wp-content\/uploads\/prischeck_vinstcheck.png","datePublished":"2017-10-12T14:19:12+00:00","dateModified":"2019-01-16T15:13:11+00:00","description":"De trykte pr\u00e6miechecks f\u00e5s i tre forskellige st\u00f8rrelser. 70 x 47 cm, 100 x 50 cm og 140 x 70 cm afh\u00e6ngigt af, hvad der passer bedst ved selve overr\u00e6kkelsen. Disse m\u00e5l og tykkelser er standard, men hos Gdirekt kan du naturligvis k\u00f8be kartonskilte i andre st\u00f8rrelser og oplag. Vi har ogs\u00e5 andre tykkelser 350g, 500g, 800g og 1100g.","breadcrumb":{"@id":"https:\/\/www.gdirekt.se\/da\/produkt\/stor-gevinstcheck-praemiecheck\/#breadcrumb"},"inLanguage":"da-DK","potentialAction":[{"@type":"ReadAction","target":["https:\/\/www.gdirekt.se\/da\/produkt\/stor-gevinstcheck-praemiecheck\/"]}]},{"@type":"ImageObject","inLanguage":"da-DK","@id":"https:\/\/www.gdirekt.se\/da\/produkt\/stor-gevinstcheck-praemiecheck\/#primaryimage","url":"https:\/\/www.gdirekt.se\/wp-content\/uploads\/prischeck_vinstcheck.png","contentUrl":"https:\/\/www.gdirekt.se\/wp-content\/uploads\/prischeck_vinstcheck.png","width":1000,"height":1000},{"@type":"BreadcrumbList","@id":"https:\/\/www.gdirekt.se\/da\/produkt\/stor-gevinstcheck-praemiecheck\/#breadcrumb","itemListElement":[{"@type":"ListItem","position":1,"name":"Hem","item":"https:\/\/www.gdirekt.se\/da\/"},{"@type":"ListItem","position":2,"name":"Start","item":"https:\/\/www.gdirekt.se\/da\/"},{"@type":"ListItem","position":3,"name":"Stor gevinstcheck\/pr\u00e6miecheck"}]},{"@type":"WebSite","@id":"https:\/\/www.gdirekt.se\/#website","url":"https:\/\/www.gdirekt.se\/","name":"Gdirekt.se","description":"Tryck snabbt \u00e5 l\u00e4tt = Gdirekt","potentialAction":[{"@type":"SearchAction","target":{"@type":"EntryPoint","urlTemplate":"https:\/\/www.gdirekt.se\/?s={search_term_string}"},"query-input":{"@type":"PropertyValueSpecification","valueRequired":true,"valueName":"search_term_string"}}],"inLanguage":"da-DK"}]}},"_links":{"self":[{"href":"https:\/\/www.gdirekt.se\/da\/wp-json\/wp\/v2\/product\/10221","targetHints":{"allow":["GET"]}}],"collection":[{"href":"https:\/\/www.gdirekt.se\/da\/wp-json\/wp\/v2\/product"}],"about":[{"href":"https:\/\/www.gdirekt.se\/da\/wp-json\/wp\/v2\/types\/product"}],"wp:featuredmedia":[{"embeddable":true,"href":"https:\/\/www.gdirekt.se\/da\/wp-json\/wp\/v2\/media\/11231"}],"wp:attachment":[{"href":"https:\/\/www.gdirekt.se\/da\/wp-json\/wp\/v2\/media?parent=10221"}],"wp:term":[{"taxonomy":"product_brand","embeddable":true,"href":"https:\/\/www.gdirekt.se\/da\/wp-json\/wp\/v2\/product_brand?post=10221"},{"taxonomy":"product_cat","embeddable":true,"href":"https:\/\/www.gdirekt.se\/da\/wp-json\/wp\/v2\/product_cat?post=10221"},{"taxonomy":"product_tag","embeddable":true,"href":"https:\/\/www.gdirekt.se\/da\/wp-json\/wp\/v2\/product_tag?post=10221"}],"curies":[{"name":"wp","href":"https:\/\/api.w.org\/{rel}","templated":true}]}}