{"id":10175,"date":"2018-07-12T14:17:56","date_gmt":"2018-07-12T12:17:56","guid":{"rendered":"http:\/\/gdirekt.hamstage.hamrenmedia.se\/produkt\/tal-akryl-plexiglas\/"},"modified":"2019-01-16T16:17:09","modified_gmt":"2019-01-16T15:17:09","slug":"tal-akryl-plexiglas","status":"publish","type":"product","link":"https:\/\/www.gdirekt.se\/da\/produkt\/tal-akryl-plexiglas\/","title":{"rendered":"Tal akryl plexiglas"},"content":{"rendered":"<p>Hos Gdirekt kan I bestille tal i plexiglas eller akrylplast, som det ogs\u00e5 kaldes. Det er ogs\u00e5 muligt at k\u00f8be mindre st\u00f8rrelser. Disse udsk\u00e5rne tal eller logoer giver et eksklusivt udseende i h\u00f8jeste kvalitet. Vi lasersk\u00e6rer plexitallene, s\u00e5 de f\u00e5r polerede kanter fra starten. I kan v\u00e6lge alle forskellige skrifttyper til de udsk\u00e5rne tal.<\/p>\n<p>Disse udsk\u00e5rne tal i 3D i plexiglas bruges til information og logoer til virksomhedens varem\u00e6rker og kontorlokaler. De bruges ogs\u00e5 typisk i indgangspartier, receptioner og hoteller for at vise vej p\u00e5 en flot m\u00e5de. Eksempelvis som numre p\u00e5 konferencerum, spa m.m. eller som v\u00e6relsesnumre p\u00e5 d\u00f8rene med 3D-effekt. Samt til udstillinger i butikker med et eksklusivt design.<\/p>\n<p>Vi har som standard tre forskellige tykkelser p\u00e5 vores akrylglas\/plexiglas: 3 mm, 5 mm samt 10 mm. Pladernes totale st\u00f8rrelse er betydeligt st\u00f8rre, hvis I skulle \u00f8nske at bestille rigtig store tal i plexiglas eller akrylplast.<\/p>\n<p>Hvis I har behov for hj\u00e6lp eller har sp\u00f8rgsm\u00e5l, s\u00e5 send os en foresp\u00f8rgsel via e-mail til\u00a0<strong><em>info@gdirekt.se,<\/em><\/strong>eller ring til os p\u00e5 telefonnummer +46 (0) 11-251515, s\u00e5 hj\u00e6lper vores dygtige projektledere jer. Disse Tal akryl plexiglas kan have alle former og st\u00f8rrelser. Det g\u00e6lder om at have gode ideer for at skabe en flot indretning, der passer til det \u00f8vrige rum eller facaden. Vi sender normalt bogstaverne i l\u00f8bet af en uge, fra I har trykket p\u00e5 k\u00f8b-knappen ved bestillingen. Det er ogs\u00e5 muligt at afhente de tal, vi har fremstillet. Vi pakker de udsk\u00e5rne tal eller plexifigurer godt ind f\u00f8r transporten. Det g\u00f8r vi for at beskytte jeres plasttekster under transporten, da de kan v\u00e6re f\u00f8lsomme over for st\u00f8d, n\u00e5r de h\u00e5ndteres af fragtselskabet.<\/p>\n<p>Vi har ogs\u00e5 andre\u00a0<a href=\"https:\/\/www.gdirekt.se\/produkt-kategori\/skyltar\/\"><strong><em>mere enkle skilte<\/em><\/strong><\/a>, som du kan bestille hos Gdirekt. Hjemmesiden har masser af tryksager til messer, udstillinger og reklamekampagner.\u00a0Vores fragt er altid sporbar, og vi har vores egne budbiler, hvis fragten skal h\u00e5ndteres p\u00e5 korrekt vis. Hvis I har brug for hj\u00e6lp til at lave profilering til hele jeres virksomhed, kan vores moderselskab\u00a0<a href=\"http:\/\/www.gigantprint.se\/\"><strong><em>GigantPrint<\/em><\/strong><\/a>hj\u00e6lpe jer!<\/p>\n","protected":false},"excerpt":{"rendered":"<p>Tal akryl plexiglas f\u00e5s i hvid, sort og transparent\/klar.\u00a0<strong>Dette er prisen p\u00e5 tal i plexiglas i forskellige h\u00f8jdest\u00f8rrelser.<\/strong>V\u00e6lg st\u00f8rrelse, tykkelse og antal tal nedenfor, alle skrifttyper kan bruges. Rabat ved flere stk.\u00a0 Kontakt os, hvis du har andre \u00f8nsker. Vi er naturligvis leveringsdygtige i mange flere l\u00f8sninger.<\/p>\n","protected":false},"featured_media":8938,"template":"","meta":{"_acf_changed":false},"product_brand":[],"product_cat":[378],"product_tag":[],"class_list":{"0":"post-10175","1":"product","2":"type-product","3":"status-publish","4":"has-post-thumbnail","6":"product_cat-skilte","7":"product_shipping_class-180sek","9":"first","10":"instock","11":"taxable","12":"shipping-taxable","13":"purchasable","14":"product-type-variable","15":"has-default-attributes"},"exclude_global_add_ons":[],"addons":[],"acf":[],"yoast_head":"<!-- This site is optimized with the Yoast SEO plugin v27.2 - https:\/\/yoast.com\/product\/yoast-seo-wordpress\/ -->\n<title>Tal akryl plexiglas Bestiller du d\u00f8re, v\u00e6gge til virksomheder til en god pris | Gdirekt.se<\/title>\n<meta name=\"description\" content=\"Tal akryl plexiglas kan k\u00f8bes til en billig pris p\u00e5 nettet hos os. Vi har dem i sort, hvid, transparent\/klar plast. Bruges p\u00e5 d\u00f8re og v\u00e6gge og f\u00e5s i tre tykkelser: 3 mm, 5 mm og 10 mm. Logoer i form af plexiglasskilte er ogs\u00e5 en mulighed. Typisk som d\u00f8rnummer p\u00e5 hoteller.\" \/>\n<meta name=\"robots\" content=\"index, follow, max-snippet:-1, max-image-preview:large, max-video-preview:-1\" \/>\n<link rel=\"canonical\" href=\"https:\/\/www.gdirekt.se\/da\/produkt\/tal-akryl-plexiglas\/\" \/>\n<meta property=\"og:locale\" content=\"da_DK\" \/>\n<meta property=\"og:type\" content=\"article\" \/>\n<meta property=\"og:title\" content=\"Tal akryl plexiglas Bestiller du d\u00f8re, v\u00e6gge til virksomheder til en god pris | Gdirekt.se\" \/>\n<meta property=\"og:description\" content=\"Tal akryl plexiglas kan k\u00f8bes til en billig pris p\u00e5 nettet hos os. Vi har dem i sort, hvid, transparent\/klar plast. Bruges p\u00e5 d\u00f8re og v\u00e6gge og f\u00e5s i tre tykkelser: 3 mm, 5 mm og 10 mm. Logoer i form af plexiglasskilte er ogs\u00e5 en mulighed. Typisk som d\u00f8rnummer p\u00e5 hoteller.\" \/>\n<meta property=\"og:url\" content=\"https:\/\/www.gdirekt.se\/da\/produkt\/tal-akryl-plexiglas\/\" \/>\n<meta property=\"og:site_name\" content=\"Gdirekt.se\" \/>\n<meta property=\"article:modified_time\" content=\"2019-01-16T15:17:09+00:00\" \/>\n<meta property=\"og:image\" content=\"https:\/\/www.gdirekt.se\/wp-content\/uploads\/siffror-akryl-plexiglas.png\" \/>\n\t<meta property=\"og:image:width\" content=\"1000\" \/>\n\t<meta property=\"og:image:height\" content=\"1000\" \/>\n\t<meta property=\"og:image:type\" content=\"image\/png\" \/>\n<meta name=\"twitter:card\" content=\"summary_large_image\" \/>\n<meta name=\"twitter:label1\" content=\"Estimeret l\u00e6setid\" \/>\n\t<meta name=\"twitter:data1\" content=\"2 minutter\" \/>\n<script type=\"application\/ld+json\" class=\"yoast-schema-graph\">{\"@context\":\"https:\/\/schema.org\",\"@graph\":[{\"@type\":\"WebPage\",\"@id\":\"https:\/\/www.gdirekt.se\/da\/produkt\/tal-akryl-plexiglas\/\",\"url\":\"https:\/\/www.gdirekt.se\/da\/produkt\/tal-akryl-plexiglas\/\",\"name\":\"Tal akryl plexiglas Bestiller du d\u00f8re, v\u00e6gge til virksomheder til en god pris | Gdirekt.se\",\"isPartOf\":{\"@id\":\"https:\/\/www.gdirekt.se\/#website\"},\"primaryImageOfPage\":{\"@id\":\"https:\/\/www.gdirekt.se\/da\/produkt\/tal-akryl-plexiglas\/#primaryimage\"},\"image\":{\"@id\":\"https:\/\/www.gdirekt.se\/da\/produkt\/tal-akryl-plexiglas\/#primaryimage\"},\"thumbnailUrl\":\"https:\/\/www.gdirekt.se\/wp-content\/uploads\/siffror-akryl-plexiglas.png\",\"datePublished\":\"2018-07-12T12:17:56+00:00\",\"dateModified\":\"2019-01-16T15:17:09+00:00\",\"description\":\"Tal akryl plexiglas kan k\u00f8bes til en billig pris p\u00e5 nettet hos os. Vi har dem i sort, hvid, transparent\/klar plast. Bruges p\u00e5 d\u00f8re og v\u00e6gge og f\u00e5s i tre tykkelser: 3 mm, 5 mm og 10 mm. Logoer i form af plexiglasskilte er ogs\u00e5 en mulighed. Typisk som d\u00f8rnummer p\u00e5 hoteller.\",\"breadcrumb\":{\"@id\":\"https:\/\/www.gdirekt.se\/da\/produkt\/tal-akryl-plexiglas\/#breadcrumb\"},\"inLanguage\":\"da-DK\",\"potentialAction\":[{\"@type\":\"ReadAction\",\"target\":[\"https:\/\/www.gdirekt.se\/da\/produkt\/tal-akryl-plexiglas\/\"]}]},{\"@type\":\"ImageObject\",\"inLanguage\":\"da-DK\",\"@id\":\"https:\/\/www.gdirekt.se\/da\/produkt\/tal-akryl-plexiglas\/#primaryimage\",\"url\":\"https:\/\/www.gdirekt.se\/wp-content\/uploads\/siffror-akryl-plexiglas.png\",\"contentUrl\":\"https:\/\/www.gdirekt.se\/wp-content\/uploads\/siffror-akryl-plexiglas.png\",\"width\":1000,\"height\":1000,\"caption\":\"Nummer cifre i blank akrylplast.\"},{\"@type\":\"BreadcrumbList\",\"@id\":\"https:\/\/www.gdirekt.se\/da\/produkt\/tal-akryl-plexiglas\/#breadcrumb\",\"itemListElement\":[{\"@type\":\"ListItem\",\"position\":1,\"name\":\"Hem\",\"item\":\"https:\/\/www.gdirekt.se\/da\/\"},{\"@type\":\"ListItem\",\"position\":2,\"name\":\"Start\",\"item\":\"https:\/\/www.gdirekt.se\/da\/\"},{\"@type\":\"ListItem\",\"position\":3,\"name\":\"Tal akryl plexiglas\"}]},{\"@type\":\"WebSite\",\"@id\":\"https:\/\/www.gdirekt.se\/#website\",\"url\":\"https:\/\/www.gdirekt.se\/\",\"name\":\"Gdirekt.se\",\"description\":\"Tryck snabbt \u00e5 l\u00e4tt = Gdirekt\",\"potentialAction\":[{\"@type\":\"SearchAction\",\"target\":{\"@type\":\"EntryPoint\",\"urlTemplate\":\"https:\/\/www.gdirekt.se\/?s={search_term_string}\"},\"query-input\":{\"@type\":\"PropertyValueSpecification\",\"valueRequired\":true,\"valueName\":\"search_term_string\"}}],\"inLanguage\":\"da-DK\"}]}<\/script>\n<!-- \/ Yoast SEO plugin. -->","yoast_head_json":{"title":"Tal akryl plexiglas Bestiller du d\u00f8re, v\u00e6gge til virksomheder til en god pris | Gdirekt.se","description":"Tal akryl plexiglas kan k\u00f8bes til en billig pris p\u00e5 nettet hos os. Vi har dem i sort, hvid, transparent\/klar plast. Bruges p\u00e5 d\u00f8re og v\u00e6gge og f\u00e5s i tre tykkelser: 3 mm, 5 mm og 10 mm. Logoer i form af plexiglasskilte er ogs\u00e5 en mulighed. Typisk som d\u00f8rnummer p\u00e5 hoteller.","robots":{"index":"index","follow":"follow","max-snippet":"max-snippet:-1","max-image-preview":"max-image-preview:large","max-video-preview":"max-video-preview:-1"},"canonical":"https:\/\/www.gdirekt.se\/da\/produkt\/tal-akryl-plexiglas\/","og_locale":"da_DK","og_type":"article","og_title":"Tal akryl plexiglas Bestiller du d\u00f8re, v\u00e6gge til virksomheder til en god pris | Gdirekt.se","og_description":"Tal akryl plexiglas kan k\u00f8bes til en billig pris p\u00e5 nettet hos os. Vi har dem i sort, hvid, transparent\/klar plast. Bruges p\u00e5 d\u00f8re og v\u00e6gge og f\u00e5s i tre tykkelser: 3 mm, 5 mm og 10 mm. Logoer i form af plexiglasskilte er ogs\u00e5 en mulighed. Typisk som d\u00f8rnummer p\u00e5 hoteller.","og_url":"https:\/\/www.gdirekt.se\/da\/produkt\/tal-akryl-plexiglas\/","og_site_name":"Gdirekt.se","article_modified_time":"2019-01-16T15:17:09+00:00","og_image":[{"width":1000,"height":1000,"url":"https:\/\/www.gdirekt.se\/wp-content\/uploads\/siffror-akryl-plexiglas.png","type":"image\/png"}],"twitter_card":"summary_large_image","twitter_misc":{"Estimeret l\u00e6setid":"2 minutter"},"schema":{"@context":"https:\/\/schema.org","@graph":[{"@type":"WebPage","@id":"https:\/\/www.gdirekt.se\/da\/produkt\/tal-akryl-plexiglas\/","url":"https:\/\/www.gdirekt.se\/da\/produkt\/tal-akryl-plexiglas\/","name":"Tal akryl plexiglas Bestiller du d\u00f8re, v\u00e6gge til virksomheder til en god pris | Gdirekt.se","isPartOf":{"@id":"https:\/\/www.gdirekt.se\/#website"},"primaryImageOfPage":{"@id":"https:\/\/www.gdirekt.se\/da\/produkt\/tal-akryl-plexiglas\/#primaryimage"},"image":{"@id":"https:\/\/www.gdirekt.se\/da\/produkt\/tal-akryl-plexiglas\/#primaryimage"},"thumbnailUrl":"https:\/\/www.gdirekt.se\/wp-content\/uploads\/siffror-akryl-plexiglas.png","datePublished":"2018-07-12T12:17:56+00:00","dateModified":"2019-01-16T15:17:09+00:00","description":"Tal akryl plexiglas kan k\u00f8bes til en billig pris p\u00e5 nettet hos os. Vi har dem i sort, hvid, transparent\/klar plast. Bruges p\u00e5 d\u00f8re og v\u00e6gge og f\u00e5s i tre tykkelser: 3 mm, 5 mm og 10 mm. Logoer i form af plexiglasskilte er ogs\u00e5 en mulighed. Typisk som d\u00f8rnummer p\u00e5 hoteller.","breadcrumb":{"@id":"https:\/\/www.gdirekt.se\/da\/produkt\/tal-akryl-plexiglas\/#breadcrumb"},"inLanguage":"da-DK","potentialAction":[{"@type":"ReadAction","target":["https:\/\/www.gdirekt.se\/da\/produkt\/tal-akryl-plexiglas\/"]}]},{"@type":"ImageObject","inLanguage":"da-DK","@id":"https:\/\/www.gdirekt.se\/da\/produkt\/tal-akryl-plexiglas\/#primaryimage","url":"https:\/\/www.gdirekt.se\/wp-content\/uploads\/siffror-akryl-plexiglas.png","contentUrl":"https:\/\/www.gdirekt.se\/wp-content\/uploads\/siffror-akryl-plexiglas.png","width":1000,"height":1000,"caption":"Nummer cifre i blank akrylplast."},{"@type":"BreadcrumbList","@id":"https:\/\/www.gdirekt.se\/da\/produkt\/tal-akryl-plexiglas\/#breadcrumb","itemListElement":[{"@type":"ListItem","position":1,"name":"Hem","item":"https:\/\/www.gdirekt.se\/da\/"},{"@type":"ListItem","position":2,"name":"Start","item":"https:\/\/www.gdirekt.se\/da\/"},{"@type":"ListItem","position":3,"name":"Tal akryl plexiglas"}]},{"@type":"WebSite","@id":"https:\/\/www.gdirekt.se\/#website","url":"https:\/\/www.gdirekt.se\/","name":"Gdirekt.se","description":"Tryck snabbt \u00e5 l\u00e4tt = Gdirekt","potentialAction":[{"@type":"SearchAction","target":{"@type":"EntryPoint","urlTemplate":"https:\/\/www.gdirekt.se\/?s={search_term_string}"},"query-input":{"@type":"PropertyValueSpecification","valueRequired":true,"valueName":"search_term_string"}}],"inLanguage":"da-DK"}]}},"_links":{"self":[{"href":"https:\/\/www.gdirekt.se\/da\/wp-json\/wp\/v2\/product\/10175","targetHints":{"allow":["GET"]}}],"collection":[{"href":"https:\/\/www.gdirekt.se\/da\/wp-json\/wp\/v2\/product"}],"about":[{"href":"https:\/\/www.gdirekt.se\/da\/wp-json\/wp\/v2\/types\/product"}],"wp:featuredmedia":[{"embeddable":true,"href":"https:\/\/www.gdirekt.se\/da\/wp-json\/wp\/v2\/media\/8938"}],"wp:attachment":[{"href":"https:\/\/www.gdirekt.se\/da\/wp-json\/wp\/v2\/media?parent=10175"}],"wp:term":[{"taxonomy":"product_brand","embeddable":true,"href":"https:\/\/www.gdirekt.se\/da\/wp-json\/wp\/v2\/product_brand?post=10175"},{"taxonomy":"product_cat","embeddable":true,"href":"https:\/\/www.gdirekt.se\/da\/wp-json\/wp\/v2\/product_cat?post=10175"},{"taxonomy":"product_tag","embeddable":true,"href":"https:\/\/www.gdirekt.se\/da\/wp-json\/wp\/v2\/product_tag?post=10175"}],"curies":[{"name":"wp","href":"https:\/\/api.w.org\/{rel}","templated":true}]}}