{"id":10164,"date":"2017-01-13T10:30:59","date_gmt":"2017-01-13T09:30:59","guid":{"rendered":"http:\/\/gdirekt.hamstage.hamrenmedia.se\/produkt\/re-board-skilt\/"},"modified":"2025-01-29T09:24:37","modified_gmt":"2025-01-29T08:24:37","slug":"re-board-skilt","status":"publish","type":"product","link":"https:\/\/www.gdirekt.se\/da\/produkt\/re-board-skilt\/","title":{"rendered":"Re-board\u00ae skilt"},"content":{"rendered":"<p><span lang=\"DA\">Re-board\u00ae skilt er h\u00e5rdt karton med riflet kerne og glat overflade til tryk eller print. Skiltekartonet kaldes ogs\u00e5 for Falconboard. Et let skiltemateriale, der er meget robust og holdbart. V\u00e6lg mellem vores standardformater, og hvis I \u00f8nsker at trykke skilte i andre m\u00e5l, s\u00e5 l\u00f8ser vi naturligvis det for jer. Kontakt os p\u00e5 +46 (0) 11-251515 eller info@gdirekt.se.<\/span><\/p>\n<p><span lang=\"DA\">Disse skilte i Re-board\u00ae karton bruges som butiksskilte og interi\u00f8r i butikker samt til profilering af varem\u00e6rker. Skiltet har et naturligt udtryk, og det er helt med rette. Vi bruger milj\u00f8venlig farve, og disse skilte kan genvindes som almindeligt papir.<\/span><\/p>\n<p><span lang=\"DA\">Man kan bygge hele v\u00e6gge til messer og udstillinger.Messemontrer, butiksstandere, udstillingsstandere, butiksinteri\u00f8r, m\u00f8bler og scenedekorationer. Passer vores standardm\u00e5l, er det perfekt, men vi hj\u00e6lper jer naturligvis med andre st\u00f8rrelser. Kontakt os, og I f\u00e5r hurtig hj\u00e6lp af vores venlige personale.<\/span><\/p>\n<p><span lang=\"DA\">Materialerne f\u00e5s i f\u00f8lgende st\u00f8rrelser:<\/span><\/p>\n<p><span lang=\"DA\">Re-board 10 mm tykke: 122 x 244 cm og 160 x 320 cm<\/span><\/p>\n<p><span lang=\"DA\">Re-board 16 mm tykke: 160 x 320 cm og 240 x 160 cm samt 122 x 244 cm<\/span><\/p>\n<p><span lang=\"DA\">I kan v\u00e6lge mellem alle vores pladematerialer, n\u00e5r I skal bestille skilte;<span class=\"apple-converted-space\">\u00a0<\/span><\/span><span lang=\"DA\"><a href=\"https:\/\/www.gdirekt.se\/produkt-kategori\/skyltar\/\"><b><i>tjek denne side<\/i><\/b><\/a><\/span><span lang=\"DA\">.<\/span><\/p>\n<p><strong><span lang=\"DA\">\u00d8nskes et st\u00f8rre oplag eller andre Re-board-l\u00f8sninger kan I kontakte os for at f\u00e5 et tilbud: info@gdirekt.se<\/span><\/strong><\/p>\n","protected":false},"excerpt":{"rendered":"<p>Et Re-board\u00ae skilt er karton med riflet kerne og glat overflade til tryk. Kaldes ogs\u00e5 for Falconboard. Let og st\u00e6rkt til messemontrer, udstillingsstandere, butiksinteri\u00f8r.Bestil 10 og 16mm.<\/p>\n","protected":false},"featured_media":8437,"template":"","meta":{"_acf_changed":false},"product_brand":[],"product_cat":[378],"product_tag":[],"class_list":{"0":"post-10164","1":"product","2":"type-product","3":"status-publish","4":"has-post-thumbnail","6":"product_cat-skilte","8":"first","9":"instock","10":"taxable","11":"shipping-taxable","12":"purchasable","13":"product-type-variable","14":"has-default-attributes"},"exclude_global_add_ons":[],"addons":[],"acf":[],"yoast_head":"<!-- This site is optimized with the Yoast SEO plugin v27.2 - https:\/\/yoast.com\/product\/yoast-seo-wordpress\/ -->\n<title>Re-board\u00ae skilt eller Reeboard bestilt med print til en god pris | Gdirekt.se<\/title>\n<meta name=\"description\" content=\"Et Re-board\u00ae skilt er karton med riflet kerne og glat overflade til tryk. Let og robust til messemontrer, udstillingsstandere, butiksinteri\u00f8r. Re-board-pladerne, der ogs\u00e5 kaldes Falconboard, kan bestilles med en tykkelse p\u00e5 10 og 16 mm. Flere st\u00f8rrelser til den rette pris og med hurtige leveringstider.\" \/>\n<meta name=\"robots\" content=\"index, follow, max-snippet:-1, max-image-preview:large, max-video-preview:-1\" \/>\n<link rel=\"canonical\" href=\"https:\/\/www.gdirekt.se\/da\/produkt\/re-board-skilt\/\" \/>\n<meta property=\"og:locale\" content=\"da_DK\" \/>\n<meta property=\"og:type\" content=\"article\" \/>\n<meta property=\"og:title\" content=\"Re-board\u00ae skilt eller Reeboard bestilt med print til en god pris | Gdirekt.se\" \/>\n<meta property=\"og:description\" content=\"Et Re-board\u00ae skilt er karton med riflet kerne og glat overflade til tryk. Let og robust til messemontrer, udstillingsstandere, butiksinteri\u00f8r. Re-board-pladerne, der ogs\u00e5 kaldes Falconboard, kan bestilles med en tykkelse p\u00e5 10 og 16 mm. Flere st\u00f8rrelser til den rette pris og med hurtige leveringstider.\" \/>\n<meta property=\"og:url\" content=\"https:\/\/www.gdirekt.se\/da\/produkt\/re-board-skilt\/\" \/>\n<meta property=\"og:site_name\" content=\"Gdirekt.se\" \/>\n<meta property=\"article:modified_time\" content=\"2025-01-29T08:24:37+00:00\" \/>\n<meta property=\"og:image\" content=\"https:\/\/www.gdirekt.se\/wp-content\/uploads\/re-board-skylt.png\" \/>\n\t<meta property=\"og:image:width\" content=\"1000\" \/>\n\t<meta property=\"og:image:height\" content=\"1000\" \/>\n\t<meta property=\"og:image:type\" content=\"image\/png\" \/>\n<meta name=\"twitter:card\" content=\"summary_large_image\" \/>\n<meta name=\"twitter:label1\" content=\"Estimeret l\u00e6setid\" \/>\n\t<meta name=\"twitter:data1\" content=\"2 minutter\" \/>\n<script type=\"application\/ld+json\" class=\"yoast-schema-graph\">{\"@context\":\"https:\/\/schema.org\",\"@graph\":[{\"@type\":\"WebPage\",\"@id\":\"https:\/\/www.gdirekt.se\/da\/produkt\/re-board-skilt\/\",\"url\":\"https:\/\/www.gdirekt.se\/da\/produkt\/re-board-skilt\/\",\"name\":\"Re-board\u00ae skilt eller Reeboard bestilt med print til en god pris | Gdirekt.se\",\"isPartOf\":{\"@id\":\"https:\/\/www.gdirekt.se\/#website\"},\"primaryImageOfPage\":{\"@id\":\"https:\/\/www.gdirekt.se\/da\/produkt\/re-board-skilt\/#primaryimage\"},\"image\":{\"@id\":\"https:\/\/www.gdirekt.se\/da\/produkt\/re-board-skilt\/#primaryimage\"},\"thumbnailUrl\":\"https:\/\/www.gdirekt.se\/wp-content\/uploads\/re-board-skylt.png\",\"datePublished\":\"2017-01-13T09:30:59+00:00\",\"dateModified\":\"2025-01-29T08:24:37+00:00\",\"description\":\"Et Re-board\u00ae skilt er karton med riflet kerne og glat overflade til tryk. Let og robust til messemontrer, udstillingsstandere, butiksinteri\u00f8r. Re-board-pladerne, der ogs\u00e5 kaldes Falconboard, kan bestilles med en tykkelse p\u00e5 10 og 16 mm. Flere st\u00f8rrelser til den rette pris og med hurtige leveringstider.\",\"breadcrumb\":{\"@id\":\"https:\/\/www.gdirekt.se\/da\/produkt\/re-board-skilt\/#breadcrumb\"},\"inLanguage\":\"da-DK\",\"potentialAction\":[{\"@type\":\"ReadAction\",\"target\":[\"https:\/\/www.gdirekt.se\/da\/produkt\/re-board-skilt\/\"]}]},{\"@type\":\"ImageObject\",\"inLanguage\":\"da-DK\",\"@id\":\"https:\/\/www.gdirekt.se\/da\/produkt\/re-board-skilt\/#primaryimage\",\"url\":\"https:\/\/www.gdirekt.se\/wp-content\/uploads\/re-board-skylt.png\",\"contentUrl\":\"https:\/\/www.gdirekt.se\/wp-content\/uploads\/re-board-skylt.png\",\"width\":1000,\"height\":1000,\"caption\":\"Reeboard plade til skilt\"},{\"@type\":\"BreadcrumbList\",\"@id\":\"https:\/\/www.gdirekt.se\/da\/produkt\/re-board-skilt\/#breadcrumb\",\"itemListElement\":[{\"@type\":\"ListItem\",\"position\":1,\"name\":\"Hem\",\"item\":\"https:\/\/www.gdirekt.se\/da\/\"},{\"@type\":\"ListItem\",\"position\":2,\"name\":\"Start\",\"item\":\"https:\/\/www.gdirekt.se\/da\/\"},{\"@type\":\"ListItem\",\"position\":3,\"name\":\"Re-board\u00ae skilt\"}]},{\"@type\":\"WebSite\",\"@id\":\"https:\/\/www.gdirekt.se\/#website\",\"url\":\"https:\/\/www.gdirekt.se\/\",\"name\":\"Gdirekt.se\",\"description\":\"Tryck snabbt \u00e5 l\u00e4tt = Gdirekt\",\"potentialAction\":[{\"@type\":\"SearchAction\",\"target\":{\"@type\":\"EntryPoint\",\"urlTemplate\":\"https:\/\/www.gdirekt.se\/?s={search_term_string}\"},\"query-input\":{\"@type\":\"PropertyValueSpecification\",\"valueRequired\":true,\"valueName\":\"search_term_string\"}}],\"inLanguage\":\"da-DK\"}]}<\/script>\n<!-- \/ Yoast SEO plugin. -->","yoast_head_json":{"title":"Re-board\u00ae skilt eller Reeboard bestilt med print til en god pris | Gdirekt.se","description":"Et Re-board\u00ae skilt er karton med riflet kerne og glat overflade til tryk. Let og robust til messemontrer, udstillingsstandere, butiksinteri\u00f8r. Re-board-pladerne, der ogs\u00e5 kaldes Falconboard, kan bestilles med en tykkelse p\u00e5 10 og 16 mm. Flere st\u00f8rrelser til den rette pris og med hurtige leveringstider.","robots":{"index":"index","follow":"follow","max-snippet":"max-snippet:-1","max-image-preview":"max-image-preview:large","max-video-preview":"max-video-preview:-1"},"canonical":"https:\/\/www.gdirekt.se\/da\/produkt\/re-board-skilt\/","og_locale":"da_DK","og_type":"article","og_title":"Re-board\u00ae skilt eller Reeboard bestilt med print til en god pris | Gdirekt.se","og_description":"Et Re-board\u00ae skilt er karton med riflet kerne og glat overflade til tryk. Let og robust til messemontrer, udstillingsstandere, butiksinteri\u00f8r. Re-board-pladerne, der ogs\u00e5 kaldes Falconboard, kan bestilles med en tykkelse p\u00e5 10 og 16 mm. Flere st\u00f8rrelser til den rette pris og med hurtige leveringstider.","og_url":"https:\/\/www.gdirekt.se\/da\/produkt\/re-board-skilt\/","og_site_name":"Gdirekt.se","article_modified_time":"2025-01-29T08:24:37+00:00","og_image":[{"width":1000,"height":1000,"url":"https:\/\/www.gdirekt.se\/wp-content\/uploads\/re-board-skylt.png","type":"image\/png"}],"twitter_card":"summary_large_image","twitter_misc":{"Estimeret l\u00e6setid":"2 minutter"},"schema":{"@context":"https:\/\/schema.org","@graph":[{"@type":"WebPage","@id":"https:\/\/www.gdirekt.se\/da\/produkt\/re-board-skilt\/","url":"https:\/\/www.gdirekt.se\/da\/produkt\/re-board-skilt\/","name":"Re-board\u00ae skilt eller Reeboard bestilt med print til en god pris | Gdirekt.se","isPartOf":{"@id":"https:\/\/www.gdirekt.se\/#website"},"primaryImageOfPage":{"@id":"https:\/\/www.gdirekt.se\/da\/produkt\/re-board-skilt\/#primaryimage"},"image":{"@id":"https:\/\/www.gdirekt.se\/da\/produkt\/re-board-skilt\/#primaryimage"},"thumbnailUrl":"https:\/\/www.gdirekt.se\/wp-content\/uploads\/re-board-skylt.png","datePublished":"2017-01-13T09:30:59+00:00","dateModified":"2025-01-29T08:24:37+00:00","description":"Et Re-board\u00ae skilt er karton med riflet kerne og glat overflade til tryk. Let og robust til messemontrer, udstillingsstandere, butiksinteri\u00f8r. Re-board-pladerne, der ogs\u00e5 kaldes Falconboard, kan bestilles med en tykkelse p\u00e5 10 og 16 mm. Flere st\u00f8rrelser til den rette pris og med hurtige leveringstider.","breadcrumb":{"@id":"https:\/\/www.gdirekt.se\/da\/produkt\/re-board-skilt\/#breadcrumb"},"inLanguage":"da-DK","potentialAction":[{"@type":"ReadAction","target":["https:\/\/www.gdirekt.se\/da\/produkt\/re-board-skilt\/"]}]},{"@type":"ImageObject","inLanguage":"da-DK","@id":"https:\/\/www.gdirekt.se\/da\/produkt\/re-board-skilt\/#primaryimage","url":"https:\/\/www.gdirekt.se\/wp-content\/uploads\/re-board-skylt.png","contentUrl":"https:\/\/www.gdirekt.se\/wp-content\/uploads\/re-board-skylt.png","width":1000,"height":1000,"caption":"Reeboard plade til skilt"},{"@type":"BreadcrumbList","@id":"https:\/\/www.gdirekt.se\/da\/produkt\/re-board-skilt\/#breadcrumb","itemListElement":[{"@type":"ListItem","position":1,"name":"Hem","item":"https:\/\/www.gdirekt.se\/da\/"},{"@type":"ListItem","position":2,"name":"Start","item":"https:\/\/www.gdirekt.se\/da\/"},{"@type":"ListItem","position":3,"name":"Re-board\u00ae skilt"}]},{"@type":"WebSite","@id":"https:\/\/www.gdirekt.se\/#website","url":"https:\/\/www.gdirekt.se\/","name":"Gdirekt.se","description":"Tryck snabbt \u00e5 l\u00e4tt = Gdirekt","potentialAction":[{"@type":"SearchAction","target":{"@type":"EntryPoint","urlTemplate":"https:\/\/www.gdirekt.se\/?s={search_term_string}"},"query-input":{"@type":"PropertyValueSpecification","valueRequired":true,"valueName":"search_term_string"}}],"inLanguage":"da-DK"}]}},"_links":{"self":[{"href":"https:\/\/www.gdirekt.se\/da\/wp-json\/wp\/v2\/product\/10164","targetHints":{"allow":["GET"]}}],"collection":[{"href":"https:\/\/www.gdirekt.se\/da\/wp-json\/wp\/v2\/product"}],"about":[{"href":"https:\/\/www.gdirekt.se\/da\/wp-json\/wp\/v2\/types\/product"}],"wp:featuredmedia":[{"embeddable":true,"href":"https:\/\/www.gdirekt.se\/da\/wp-json\/wp\/v2\/media\/8437"}],"wp:attachment":[{"href":"https:\/\/www.gdirekt.se\/da\/wp-json\/wp\/v2\/media?parent=10164"}],"wp:term":[{"taxonomy":"product_brand","embeddable":true,"href":"https:\/\/www.gdirekt.se\/da\/wp-json\/wp\/v2\/product_brand?post=10164"},{"taxonomy":"product_cat","embeddable":true,"href":"https:\/\/www.gdirekt.se\/da\/wp-json\/wp\/v2\/product_cat?post=10164"},{"taxonomy":"product_tag","embeddable":true,"href":"https:\/\/www.gdirekt.se\/da\/wp-json\/wp\/v2\/product_tag?post=10164"}],"curies":[{"name":"wp","href":"https:\/\/api.w.org\/{rel}","templated":true}]}}