{"id":10134,"date":"2016-01-14T16:53:30","date_gmt":"2016-01-14T15:53:30","guid":{"rendered":"http:\/\/gdirekt.hamstage.hamrenmedia.se\/produkt\/metalskilt-plant-glat\/"},"modified":"2019-01-16T16:08:32","modified_gmt":"2019-01-16T15:08:32","slug":"metalskilt-plant-glat","status":"publish","type":"product","link":"https:\/\/www.gdirekt.se\/da\/produkt\/metalskilt-plant-glat\/","title":{"rendered":"Metalskilt &#8211; Plant Glat"},"content":{"rendered":"<p><span lang=\"DA\">Metalskilt \u2013 Plant Glat til byggeskilt eller reklameskilt k\u00f8bes nemt hos os p\u00e5 Gdirekt. Bestil dit eget metalskilt i rustfrit aluminium online med eget tryk! V\u00e6lg det glatte metalskilt, n\u00e5r det skal monteres p\u00e5 en v\u00e6g eller et stakit. Mange kalder det for et facadeskilt. Vores metalskilte og byggeskilte er altid beskyttelseslaminerede eller matte for at give ekstra beskyttelse mod slitage. Laminater g\u00f8r, at de ikke blegner i solen, men holder l\u00e6nge. Det er popul\u00e6rt at bestille velkommenskilte hos os, som man s\u00e6tter op uden for virksomhedens lokaler. Enten som henvisning eller med virksomhedens logo samt kombineret med et tekstbudskab.<\/span><\/p>\n<p><span lang=\"DA\">Reklameskilte som Metalskilt \u2013 Plant Glat skal kunne holde udend\u00f8rs og i regn, og st\u00e6rkt sollys kr\u00e6ver h\u00f8j kvalitet. Det garanterer vi; vores metalskilte med egen tekst er kraftige og 1,8 mm tykke. Vi leverer jeres skilt direkte fra vores trykkeri, uanset om det er et foto i h\u00f8j opl\u00f8sning eller skilte med tekst. Hvis I har brug for hj\u00e6lp til at designe jeres eget skilt og lave metalskilte med egen tekst, skal I kontakte os p\u00e5<span class=\"apple-converted-space\">\u00a0<\/span><\/span><span lang=\"DA\"><a><b><i>info@gdirekt.se<\/i><\/b><\/a><\/span><\/p>\n<p><span lang=\"DA\">Vi har levet mange forskellige standardm\u00e5l p\u00e5 metalskilte; se alle st\u00f8rrelserne her:<\/span><\/p>\n<p><span lang=\"DA\">Metalskilt i st\u00f8rrelse A4 (21 x 29,7 cm)<\/span><\/p>\n<p><span lang=\"DA\">Metalskilt i st\u00f8rrelse 100 x 50\u00a0cm<\/span><\/p>\n<p><span lang=\"DA\">Metalskilt i st\u00f8rrelse 150 x 70\u00a0cm<\/span><\/p>\n<p><span lang=\"DA\">Metalskilt i st\u00f8rrelse 200 x 120 cm<\/span><\/p>\n<p><span lang=\"DA\">Metalskilt i st\u00f8rrelse\u00a0300 x 100 cm<\/span><\/p>\n<p><span lang=\"DA\">Du kan naturligvis bestille metalskilte i egne m\u00e5l, som vi sk\u00e6rer til efter bestilling \u2013 kontakt os endelig. Vi tilbyder ogs\u00e5 skilte i andre materialer; se hele vores<span class=\"apple-converted-space\">\u00a0<\/span><\/span><span lang=\"DA\"><a href=\"https:\/\/www.gdirekt.se\/produkt-kategori\/skyltar\/\"><b><i>udvalg af skilte her<\/i><\/b><\/a><\/span><span lang=\"DA\">!<\/span><\/p>\n<p><span lang=\"DA\">\u00a0<\/span><\/p>\n<p><span lang=\"DA\">Hvis I vil bestille faste skilte, k\u00f8ber I dem nemmest hos SVASAB:<\/span><\/p>\n<p><span lang=\"DA\"><a href=\"http:\/\/shop.svasab.se\/search\/?lang=sv&amp;q=parkering\"><b><i>Parkeringsskilte<\/i><\/b><\/a><\/span><strong><i><span lang=\"DA\">\u00a0 \u00a0\u00a0<\/span><\/i><\/strong><span lang=\"DA\"><a href=\"http:\/\/shop.svasab.se\/trafikskyltar-vagmarken-vagskyltar\/\"><b><i>Vejskilte og trafikskilte<\/i><\/b><\/a><\/span><strong><i><span lang=\"DA\">\u00a0 \u00a0\u00a0<\/span><\/i><\/strong><span lang=\"DA\"><a href=\"http:\/\/shop.svasab.se\/pabudsskyltar\/\"><b><i>P\u00e5budsskilte<\/i><\/b><\/a><\/span><\/p>\n","protected":false},"excerpt":{"rendered":"<p>Metalskilt Reklameskilt Byggeskilt &#8211; Plan Glat er i rustfrit aluminium. Bestil skilt online med eget tryk! V\u00e6lg standardst\u00f8rrelse, beskyttelseslaminat er altid inkluderet, s\u00e5 skiltene holder. Har I behov for at k\u00f8be et metalskilt i jeres egen st\u00f8rrelse, skal I blot maile tilinfo@gdirekt.se.<\/p>\n","protected":false},"featured_media":8164,"template":"","meta":{"_acf_changed":false},"product_brand":[],"product_cat":[378,356],"product_tag":[],"class_list":{"0":"post-10134","1":"product","2":"type-product","3":"status-publish","4":"has-post-thumbnail","6":"product_cat-skilte","7":"product_cat-udendoersskilte-og-expo","8":"product_shipping_class-350kr","10":"first","11":"instock","12":"taxable","13":"shipping-taxable","14":"purchasable","15":"product-type-variable","16":"has-default-attributes"},"exclude_global_add_ons":[],"addons":[],"acf":[],"yoast_head":"<!-- This site is optimized with the Yoast SEO plugin v27.2 - https:\/\/yoast.com\/product\/yoast-seo-wordpress\/ -->\n<title>Metalskilt - Plant Glat med eget print, god pris hurtig og levering | Gdirekt.se<\/title>\n<meta name=\"description\" content=\"Metalskilt \u2013 Plant Glat som reklameskilte og byggeskilte bestiller I til den rigtige pris hos Gdirekt. Skilte k\u00f8bt hos os er altid beskyttelseslaminerede, s\u00e5 de holder udend\u00f8rs. Eget tryk p\u00e5 skiltet er inkluderet i den billige pris, n\u00e5r du k\u00f8ber et metalskilt hos os.\" \/>\n<meta name=\"robots\" content=\"index, follow, max-snippet:-1, max-image-preview:large, max-video-preview:-1\" \/>\n<link rel=\"canonical\" href=\"https:\/\/www.gdirekt.se\/da\/produkt\/metalskilt-plant-glat\/\" \/>\n<meta property=\"og:locale\" content=\"da_DK\" \/>\n<meta property=\"og:type\" content=\"article\" \/>\n<meta property=\"og:title\" content=\"Metalskilt - Plant Glat med eget print, god pris hurtig og levering | Gdirekt.se\" \/>\n<meta property=\"og:description\" content=\"Metalskilt \u2013 Plant Glat som reklameskilte og byggeskilte bestiller I til den rigtige pris hos Gdirekt. Skilte k\u00f8bt hos os er altid beskyttelseslaminerede, s\u00e5 de holder udend\u00f8rs. Eget tryk p\u00e5 skiltet er inkluderet i den billige pris, n\u00e5r du k\u00f8ber et metalskilt hos os.\" \/>\n<meta property=\"og:url\" content=\"https:\/\/www.gdirekt.se\/da\/produkt\/metalskilt-plant-glat\/\" \/>\n<meta property=\"og:site_name\" content=\"Gdirekt.se\" \/>\n<meta property=\"article:modified_time\" content=\"2019-01-16T15:08:32+00:00\" \/>\n<meta property=\"og:image\" content=\"https:\/\/www.gdirekt.se\/wp-content\/uploads\/Slat-platskylt-1.png\" \/>\n\t<meta property=\"og:image:width\" content=\"1000\" \/>\n\t<meta property=\"og:image:height\" content=\"1000\" \/>\n\t<meta property=\"og:image:type\" content=\"image\/png\" \/>\n<meta name=\"twitter:card\" content=\"summary_large_image\" \/>\n<meta name=\"twitter:label1\" content=\"Estimeret l\u00e6setid\" \/>\n\t<meta name=\"twitter:data1\" content=\"1 minut\" \/>\n<script type=\"application\/ld+json\" class=\"yoast-schema-graph\">{\"@context\":\"https:\/\/schema.org\",\"@graph\":[{\"@type\":\"WebPage\",\"@id\":\"https:\/\/www.gdirekt.se\/da\/produkt\/metalskilt-plant-glat\/\",\"url\":\"https:\/\/www.gdirekt.se\/da\/produkt\/metalskilt-plant-glat\/\",\"name\":\"Metalskilt - Plant Glat med eget print, god pris hurtig og levering | Gdirekt.se\",\"isPartOf\":{\"@id\":\"https:\/\/www.gdirekt.se\/#website\"},\"primaryImageOfPage\":{\"@id\":\"https:\/\/www.gdirekt.se\/da\/produkt\/metalskilt-plant-glat\/#primaryimage\"},\"image\":{\"@id\":\"https:\/\/www.gdirekt.se\/da\/produkt\/metalskilt-plant-glat\/#primaryimage\"},\"thumbnailUrl\":\"https:\/\/www.gdirekt.se\/wp-content\/uploads\/Slat-platskylt-1.png\",\"datePublished\":\"2016-01-14T15:53:30+00:00\",\"dateModified\":\"2019-01-16T15:08:32+00:00\",\"description\":\"Metalskilt \u2013 Plant Glat som reklameskilte og byggeskilte bestiller I til den rigtige pris hos Gdirekt. Skilte k\u00f8bt hos os er altid beskyttelseslaminerede, s\u00e5 de holder udend\u00f8rs. Eget tryk p\u00e5 skiltet er inkluderet i den billige pris, n\u00e5r du k\u00f8ber et metalskilt hos os.\",\"breadcrumb\":{\"@id\":\"https:\/\/www.gdirekt.se\/da\/produkt\/metalskilt-plant-glat\/#breadcrumb\"},\"inLanguage\":\"da-DK\",\"potentialAction\":[{\"@type\":\"ReadAction\",\"target\":[\"https:\/\/www.gdirekt.se\/da\/produkt\/metalskilt-plant-glat\/\"]}]},{\"@type\":\"ImageObject\",\"inLanguage\":\"da-DK\",\"@id\":\"https:\/\/www.gdirekt.se\/da\/produkt\/metalskilt-plant-glat\/#primaryimage\",\"url\":\"https:\/\/www.gdirekt.se\/wp-content\/uploads\/Slat-platskylt-1.png\",\"contentUrl\":\"https:\/\/www.gdirekt.se\/wp-content\/uploads\/Slat-platskylt-1.png\",\"width\":1000,\"height\":1000,\"caption\":\"Metalskilte i alle st\u00f8rrelser med printtekst og fotobillede\"},{\"@type\":\"BreadcrumbList\",\"@id\":\"https:\/\/www.gdirekt.se\/da\/produkt\/metalskilt-plant-glat\/#breadcrumb\",\"itemListElement\":[{\"@type\":\"ListItem\",\"position\":1,\"name\":\"Hem\",\"item\":\"https:\/\/www.gdirekt.se\/da\/\"},{\"@type\":\"ListItem\",\"position\":2,\"name\":\"Start\",\"item\":\"https:\/\/www.gdirekt.se\/da\/\"},{\"@type\":\"ListItem\",\"position\":3,\"name\":\"Metalskilt &#8211; Plant Glat\"}]},{\"@type\":\"WebSite\",\"@id\":\"https:\/\/www.gdirekt.se\/#website\",\"url\":\"https:\/\/www.gdirekt.se\/\",\"name\":\"Gdirekt.se\",\"description\":\"Tryck snabbt \u00e5 l\u00e4tt = Gdirekt\",\"potentialAction\":[{\"@type\":\"SearchAction\",\"target\":{\"@type\":\"EntryPoint\",\"urlTemplate\":\"https:\/\/www.gdirekt.se\/?s={search_term_string}\"},\"query-input\":{\"@type\":\"PropertyValueSpecification\",\"valueRequired\":true,\"valueName\":\"search_term_string\"}}],\"inLanguage\":\"da-DK\"}]}<\/script>\n<!-- \/ Yoast SEO plugin. -->","yoast_head_json":{"title":"Metalskilt - Plant Glat med eget print, god pris hurtig og levering | Gdirekt.se","description":"Metalskilt \u2013 Plant Glat som reklameskilte og byggeskilte bestiller I til den rigtige pris hos Gdirekt. Skilte k\u00f8bt hos os er altid beskyttelseslaminerede, s\u00e5 de holder udend\u00f8rs. Eget tryk p\u00e5 skiltet er inkluderet i den billige pris, n\u00e5r du k\u00f8ber et metalskilt hos os.","robots":{"index":"index","follow":"follow","max-snippet":"max-snippet:-1","max-image-preview":"max-image-preview:large","max-video-preview":"max-video-preview:-1"},"canonical":"https:\/\/www.gdirekt.se\/da\/produkt\/metalskilt-plant-glat\/","og_locale":"da_DK","og_type":"article","og_title":"Metalskilt - Plant Glat med eget print, god pris hurtig og levering | Gdirekt.se","og_description":"Metalskilt \u2013 Plant Glat som reklameskilte og byggeskilte bestiller I til den rigtige pris hos Gdirekt. Skilte k\u00f8bt hos os er altid beskyttelseslaminerede, s\u00e5 de holder udend\u00f8rs. Eget tryk p\u00e5 skiltet er inkluderet i den billige pris, n\u00e5r du k\u00f8ber et metalskilt hos os.","og_url":"https:\/\/www.gdirekt.se\/da\/produkt\/metalskilt-plant-glat\/","og_site_name":"Gdirekt.se","article_modified_time":"2019-01-16T15:08:32+00:00","og_image":[{"width":1000,"height":1000,"url":"https:\/\/www.gdirekt.se\/wp-content\/uploads\/Slat-platskylt-1.png","type":"image\/png"}],"twitter_card":"summary_large_image","twitter_misc":{"Estimeret l\u00e6setid":"1 minut"},"schema":{"@context":"https:\/\/schema.org","@graph":[{"@type":"WebPage","@id":"https:\/\/www.gdirekt.se\/da\/produkt\/metalskilt-plant-glat\/","url":"https:\/\/www.gdirekt.se\/da\/produkt\/metalskilt-plant-glat\/","name":"Metalskilt - Plant Glat med eget print, god pris hurtig og levering | Gdirekt.se","isPartOf":{"@id":"https:\/\/www.gdirekt.se\/#website"},"primaryImageOfPage":{"@id":"https:\/\/www.gdirekt.se\/da\/produkt\/metalskilt-plant-glat\/#primaryimage"},"image":{"@id":"https:\/\/www.gdirekt.se\/da\/produkt\/metalskilt-plant-glat\/#primaryimage"},"thumbnailUrl":"https:\/\/www.gdirekt.se\/wp-content\/uploads\/Slat-platskylt-1.png","datePublished":"2016-01-14T15:53:30+00:00","dateModified":"2019-01-16T15:08:32+00:00","description":"Metalskilt \u2013 Plant Glat som reklameskilte og byggeskilte bestiller I til den rigtige pris hos Gdirekt. Skilte k\u00f8bt hos os er altid beskyttelseslaminerede, s\u00e5 de holder udend\u00f8rs. Eget tryk p\u00e5 skiltet er inkluderet i den billige pris, n\u00e5r du k\u00f8ber et metalskilt hos os.","breadcrumb":{"@id":"https:\/\/www.gdirekt.se\/da\/produkt\/metalskilt-plant-glat\/#breadcrumb"},"inLanguage":"da-DK","potentialAction":[{"@type":"ReadAction","target":["https:\/\/www.gdirekt.se\/da\/produkt\/metalskilt-plant-glat\/"]}]},{"@type":"ImageObject","inLanguage":"da-DK","@id":"https:\/\/www.gdirekt.se\/da\/produkt\/metalskilt-plant-glat\/#primaryimage","url":"https:\/\/www.gdirekt.se\/wp-content\/uploads\/Slat-platskylt-1.png","contentUrl":"https:\/\/www.gdirekt.se\/wp-content\/uploads\/Slat-platskylt-1.png","width":1000,"height":1000,"caption":"Metalskilte i alle st\u00f8rrelser med printtekst og fotobillede"},{"@type":"BreadcrumbList","@id":"https:\/\/www.gdirekt.se\/da\/produkt\/metalskilt-plant-glat\/#breadcrumb","itemListElement":[{"@type":"ListItem","position":1,"name":"Hem","item":"https:\/\/www.gdirekt.se\/da\/"},{"@type":"ListItem","position":2,"name":"Start","item":"https:\/\/www.gdirekt.se\/da\/"},{"@type":"ListItem","position":3,"name":"Metalskilt &#8211; Plant Glat"}]},{"@type":"WebSite","@id":"https:\/\/www.gdirekt.se\/#website","url":"https:\/\/www.gdirekt.se\/","name":"Gdirekt.se","description":"Tryck snabbt \u00e5 l\u00e4tt = Gdirekt","potentialAction":[{"@type":"SearchAction","target":{"@type":"EntryPoint","urlTemplate":"https:\/\/www.gdirekt.se\/?s={search_term_string}"},"query-input":{"@type":"PropertyValueSpecification","valueRequired":true,"valueName":"search_term_string"}}],"inLanguage":"da-DK"}]}},"_links":{"self":[{"href":"https:\/\/www.gdirekt.se\/da\/wp-json\/wp\/v2\/product\/10134","targetHints":{"allow":["GET"]}}],"collection":[{"href":"https:\/\/www.gdirekt.se\/da\/wp-json\/wp\/v2\/product"}],"about":[{"href":"https:\/\/www.gdirekt.se\/da\/wp-json\/wp\/v2\/types\/product"}],"wp:featuredmedia":[{"embeddable":true,"href":"https:\/\/www.gdirekt.se\/da\/wp-json\/wp\/v2\/media\/8164"}],"wp:attachment":[{"href":"https:\/\/www.gdirekt.se\/da\/wp-json\/wp\/v2\/media?parent=10134"}],"wp:term":[{"taxonomy":"product_brand","embeddable":true,"href":"https:\/\/www.gdirekt.se\/da\/wp-json\/wp\/v2\/product_brand?post=10134"},{"taxonomy":"product_cat","embeddable":true,"href":"https:\/\/www.gdirekt.se\/da\/wp-json\/wp\/v2\/product_cat?post=10134"},{"taxonomy":"product_tag","embeddable":true,"href":"https:\/\/www.gdirekt.se\/da\/wp-json\/wp\/v2\/product_tag?post=10134"}],"curies":[{"name":"wp","href":"https:\/\/api.w.org\/{rel}","templated":true}]}}