{"id":10121,"date":"2016-12-27T15:47:05","date_gmt":"2016-12-27T14:47:05","guid":{"rendered":"http:\/\/gdirekt.hamstage.hamrenmedia.se\/produkt\/metalskilt-kantbojet-kantombukket\/"},"modified":"2019-01-16T16:08:39","modified_gmt":"2019-01-16T15:08:39","slug":"metalskilt-kantbojet-kantombukket","status":"publish","type":"product","link":"https:\/\/www.gdirekt.se\/da\/produkt\/metalskilt-kantbojet-kantombukket\/","title":{"rendered":"Metalskilt \u2013 Kantb\u00f8jet Kantombukket"},"content":{"rendered":"<p><span lang=\"DA\">Metalskilt \u2013 Kantb\u00f8jet Kantombukket bestilles enkelt hos os p\u00e5 Gdirekt. Bestil dit eget metalskilt i rustfrit aluminium online med eget tryk! V\u00e6lg b\u00f8jet eller kantombukket metalskilt, n\u00e5r de skal stikke 25 mm ud fra v\u00e6ggen. Mange kalder dem facadeskilte, og de kan fastg\u00f8res sammen med flere andre til \u00e9t stort byggeskilt. Vores metalskilte med egen tekst og byggeskilte er altid beskyttelseslaminerede i blankt eller mat for at give ekstra beskyttelse mod slitage. Laminater g\u00f8r, at de ikke blegner i solen, men holder l\u00e6nge. Det er popul\u00e6rt at bestille velkommenskilte hos os, som man s\u00e6tter op uden for virksomhedens lokaler. Disse virksomhedsskilte kaldes ogs\u00e5 reklameskilte og monteres ofte over indgange og i indgangspartier til virksomheder eller butikker.<\/span><\/p>\n<p><span lang=\"DA\">\u00a0<\/span><\/p>\n<p><span lang=\"DA\">Hvad ang\u00e5r st\u00f8rrelse p\u00e5 Metalskilt \u2013 Kantb\u00f8jet Kantombukket har vi lavet flere gode standardm\u00e5l, som vi kan levere p\u00e5 kort tid.<\/span><\/p>\n<p><span lang=\"DA\">Se st\u00f8rrelserne p\u00e5 vores kantombukkede metalskilte her:<\/span><\/p>\n<p><span lang=\"DA\">Metalskilt 100 x 50 cm<\/span><\/p>\n<p><span lang=\"DA\">Metalskilt 150 x 70 cm<\/span><\/p>\n<p><span lang=\"DA\">Metalskilt 200 x 100 cm<\/span><\/p>\n<p><span lang=\"DA\">Metalskilt 240 x 120 cm<\/span><\/p>\n<p><span lang=\"DA\">Metalskilt 245 x 100 cm<\/span><\/p>\n<p><span lang=\"DA\">Metalskilt 245 x 145 cm<\/span><\/p>\n<p><span lang=\"DA\">\u00a0<\/span><\/p>\n<p><span lang=\"DA\">Vi har ogs\u00e5 flere andre materialer, hvis I skal bestille skilte p\u00e5 nettet,<span class=\"apple-converted-space\">\u00a0<\/span><\/span><span lang=\"DA\"><a href=\"https:\/\/www.gdirekt.se\/produkt-kategori\/skyltar\/\"><b><i>se hele vores udvalg<\/i><\/b><\/a><\/span><span lang=\"DA\">!<\/span><\/p>\n<p><span lang=\"DA\">Reklameskilte eller byggeskilte, der skal holde udend\u00f8rs og i regn og st\u00e6rkt sollys, kr\u00e6ver h\u00f8j kvalitet. Det garanterer vi. Vores metalskilte er kraftige og 1,8 mm tykke. Vi leverer jeres Metalskilt \u2013 Kantb\u00f8jet Kantombukket direkte fra vores trykkeri, uanset om det er et h\u00f8jopl\u00f8st foto eller skilte med tekst. Hvis I har brug for hj\u00e6lp til at designe jeres eget skilt og lave metalskilte med egen tekst, skal I kontakte os p\u00e5<span class=\"apple-converted-space\">\u00a0<\/span><\/span><span lang=\"DA\"><a><b><i>info@gdirekt.se<\/i><\/b><\/a><\/span><\/p>\n<p><span lang=\"DA\">Hvis I vil bestille faste skilte, k\u00f8ber I dem nemmest p\u00e5 vores anden hjemmeside, der hedder SVASAB:<\/span><\/p>\n<p><span lang=\"DA\"><a href=\"http:\/\/shop.svasab.se\/search\/?lang=sv&amp;q=parkering\"><b><i>Parkeringsskilte<\/i><\/b><\/a><\/span><strong><i><span lang=\"DA\">\u00a0 \u00a0\u00a0<\/span><\/i><\/strong><span lang=\"DA\"><a href=\"http:\/\/shop.svasab.se\/trafikskyltar-vagmarken-vagskyltar\/\"><b><i>Vejskilte og trafikskilte<\/i><\/b><\/a><\/span><strong><i><span lang=\"DA\">\u00a0 \u00a0\u00a0<\/span><\/i><\/strong><span lang=\"DA\"><a href=\"http:\/\/shop.svasab.se\/pabudsskyltar\/\"><b><i>P\u00e5budsskilte<\/i><\/b><\/a><\/span><\/p>\n","protected":false},"excerpt":{"rendered":"<p>Metalskilt Reklameskilt Byggeskilt \u2013 Kantb\u00f8jet Kantombukket er i rustfrit aluminium. Bestil skilt online med eget tryk! V\u00e6lg st\u00f8rrelse, beskyttelseslaminat er altid inkluderet, s\u00e5 skiltene holder. Den ombukkede kant er 25 mm.\u00a0Har I behov for at bestille et metalskilt i jeres egen st\u00f8rrelse, skal I blot maile til\u00a0info@gdirekt.se<\/p>\n","protected":false},"featured_media":8345,"template":"","meta":{"_acf_changed":false},"product_brand":[],"product_cat":[378,356],"product_tag":[],"class_list":{"0":"post-10121","1":"product","2":"type-product","3":"status-publish","4":"has-post-thumbnail","6":"product_cat-skilte","7":"product_cat-udendoersskilte-og-expo","8":"product_shipping_class-350kr","10":"first","11":"instock","12":"taxable","13":"shipping-taxable","14":"purchasable","15":"product-type-variable","16":"has-default-attributes"},"exclude_global_add_ons":[],"addons":[],"acf":[],"yoast_head":"<!-- This site is optimized with the Yoast SEO plugin v27.2 - https:\/\/yoast.com\/product\/yoast-seo-wordpress\/ -->\n<title>Metalskilt \u2013 Kantb\u00f8jet Kantombukket trykt med firmanavn og reklame | Gdirekt.se<\/title>\n<meta name=\"description\" content=\"Metalskilt \u2013 Kantb\u00f8jet Kantombukket bestiller I til den rigtige pris hos os. K\u00f8b skilte, der altid er beskyttelseslaminerede, s\u00e5 de holder l\u00e6nge. Der findes flere forskellige st\u00f8rrelser og en designskabelon, som kan downloades gratis. Trykket er inkluderet i den gode pris!\" \/>\n<meta name=\"robots\" content=\"index, follow, max-snippet:-1, max-image-preview:large, max-video-preview:-1\" \/>\n<link rel=\"canonical\" href=\"https:\/\/www.gdirekt.se\/da\/produkt\/metalskilt-kantbojet-kantombukket\/\" \/>\n<meta property=\"og:locale\" content=\"da_DK\" \/>\n<meta property=\"og:type\" content=\"article\" \/>\n<meta property=\"og:title\" content=\"Metalskilt \u2013 Kantb\u00f8jet Kantombukket trykt med firmanavn og reklame | Gdirekt.se\" \/>\n<meta property=\"og:description\" content=\"Metalskilt \u2013 Kantb\u00f8jet Kantombukket bestiller I til den rigtige pris hos os. K\u00f8b skilte, der altid er beskyttelseslaminerede, s\u00e5 de holder l\u00e6nge. Der findes flere forskellige st\u00f8rrelser og en designskabelon, som kan downloades gratis. Trykket er inkluderet i den gode pris!\" \/>\n<meta property=\"og:url\" content=\"https:\/\/www.gdirekt.se\/da\/produkt\/metalskilt-kantbojet-kantombukket\/\" \/>\n<meta property=\"og:site_name\" content=\"Gdirekt.se\" \/>\n<meta property=\"article:modified_time\" content=\"2019-01-16T15:08:39+00:00\" \/>\n<meta property=\"og:image\" content=\"https:\/\/www.gdirekt.se\/wp-content\/uploads\/bockad-skylt.png\" \/>\n\t<meta property=\"og:image:width\" content=\"1000\" \/>\n\t<meta property=\"og:image:height\" content=\"1000\" \/>\n\t<meta property=\"og:image:type\" content=\"image\/png\" \/>\n<meta name=\"twitter:card\" content=\"summary_large_image\" \/>\n<meta name=\"twitter:label1\" content=\"Estimeret l\u00e6setid\" \/>\n\t<meta name=\"twitter:data1\" content=\"1 minut\" \/>\n<script type=\"application\/ld+json\" class=\"yoast-schema-graph\">{\"@context\":\"https:\/\/schema.org\",\"@graph\":[{\"@type\":\"WebPage\",\"@id\":\"https:\/\/www.gdirekt.se\/da\/produkt\/metalskilt-kantbojet-kantombukket\/\",\"url\":\"https:\/\/www.gdirekt.se\/da\/produkt\/metalskilt-kantbojet-kantombukket\/\",\"name\":\"Metalskilt \u2013 Kantb\u00f8jet Kantombukket trykt med firmanavn og reklame | Gdirekt.se\",\"isPartOf\":{\"@id\":\"https:\/\/www.gdirekt.se\/#website\"},\"primaryImageOfPage\":{\"@id\":\"https:\/\/www.gdirekt.se\/da\/produkt\/metalskilt-kantbojet-kantombukket\/#primaryimage\"},\"image\":{\"@id\":\"https:\/\/www.gdirekt.se\/da\/produkt\/metalskilt-kantbojet-kantombukket\/#primaryimage\"},\"thumbnailUrl\":\"https:\/\/www.gdirekt.se\/wp-content\/uploads\/bockad-skylt.png\",\"datePublished\":\"2016-12-27T14:47:05+00:00\",\"dateModified\":\"2019-01-16T15:08:39+00:00\",\"description\":\"Metalskilt \u2013 Kantb\u00f8jet Kantombukket bestiller I til den rigtige pris hos os. K\u00f8b skilte, der altid er beskyttelseslaminerede, s\u00e5 de holder l\u00e6nge. Der findes flere forskellige st\u00f8rrelser og en designskabelon, som kan downloades gratis. Trykket er inkluderet i den gode pris!\",\"breadcrumb\":{\"@id\":\"https:\/\/www.gdirekt.se\/da\/produkt\/metalskilt-kantbojet-kantombukket\/#breadcrumb\"},\"inLanguage\":\"da-DK\",\"potentialAction\":[{\"@type\":\"ReadAction\",\"target\":[\"https:\/\/www.gdirekt.se\/da\/produkt\/metalskilt-kantbojet-kantombukket\/\"]}]},{\"@type\":\"ImageObject\",\"inLanguage\":\"da-DK\",\"@id\":\"https:\/\/www.gdirekt.se\/da\/produkt\/metalskilt-kantbojet-kantombukket\/#primaryimage\",\"url\":\"https:\/\/www.gdirekt.se\/wp-content\/uploads\/bockad-skylt.png\",\"contentUrl\":\"https:\/\/www.gdirekt.se\/wp-content\/uploads\/bockad-skylt.png\",\"width\":1000,\"height\":1000,\"caption\":\"Kantombukket metalskilt til reklameskilt eller byggeskilt\"},{\"@type\":\"BreadcrumbList\",\"@id\":\"https:\/\/www.gdirekt.se\/da\/produkt\/metalskilt-kantbojet-kantombukket\/#breadcrumb\",\"itemListElement\":[{\"@type\":\"ListItem\",\"position\":1,\"name\":\"Hem\",\"item\":\"https:\/\/www.gdirekt.se\/da\/\"},{\"@type\":\"ListItem\",\"position\":2,\"name\":\"Start\",\"item\":\"https:\/\/www.gdirekt.se\/da\/\"},{\"@type\":\"ListItem\",\"position\":3,\"name\":\"Metalskilt \u2013 Kantb\u00f8jet Kantombukket\"}]},{\"@type\":\"WebSite\",\"@id\":\"https:\/\/www.gdirekt.se\/#website\",\"url\":\"https:\/\/www.gdirekt.se\/\",\"name\":\"Gdirekt.se\",\"description\":\"Tryck snabbt \u00e5 l\u00e4tt = Gdirekt\",\"potentialAction\":[{\"@type\":\"SearchAction\",\"target\":{\"@type\":\"EntryPoint\",\"urlTemplate\":\"https:\/\/www.gdirekt.se\/?s={search_term_string}\"},\"query-input\":{\"@type\":\"PropertyValueSpecification\",\"valueRequired\":true,\"valueName\":\"search_term_string\"}}],\"inLanguage\":\"da-DK\"}]}<\/script>\n<!-- \/ Yoast SEO plugin. -->","yoast_head_json":{"title":"Metalskilt \u2013 Kantb\u00f8jet Kantombukket trykt med firmanavn og reklame | Gdirekt.se","description":"Metalskilt \u2013 Kantb\u00f8jet Kantombukket bestiller I til den rigtige pris hos os. K\u00f8b skilte, der altid er beskyttelseslaminerede, s\u00e5 de holder l\u00e6nge. Der findes flere forskellige st\u00f8rrelser og en designskabelon, som kan downloades gratis. Trykket er inkluderet i den gode pris!","robots":{"index":"index","follow":"follow","max-snippet":"max-snippet:-1","max-image-preview":"max-image-preview:large","max-video-preview":"max-video-preview:-1"},"canonical":"https:\/\/www.gdirekt.se\/da\/produkt\/metalskilt-kantbojet-kantombukket\/","og_locale":"da_DK","og_type":"article","og_title":"Metalskilt \u2013 Kantb\u00f8jet Kantombukket trykt med firmanavn og reklame | Gdirekt.se","og_description":"Metalskilt \u2013 Kantb\u00f8jet Kantombukket bestiller I til den rigtige pris hos os. K\u00f8b skilte, der altid er beskyttelseslaminerede, s\u00e5 de holder l\u00e6nge. Der findes flere forskellige st\u00f8rrelser og en designskabelon, som kan downloades gratis. Trykket er inkluderet i den gode pris!","og_url":"https:\/\/www.gdirekt.se\/da\/produkt\/metalskilt-kantbojet-kantombukket\/","og_site_name":"Gdirekt.se","article_modified_time":"2019-01-16T15:08:39+00:00","og_image":[{"width":1000,"height":1000,"url":"https:\/\/www.gdirekt.se\/wp-content\/uploads\/bockad-skylt.png","type":"image\/png"}],"twitter_card":"summary_large_image","twitter_misc":{"Estimeret l\u00e6setid":"1 minut"},"schema":{"@context":"https:\/\/schema.org","@graph":[{"@type":"WebPage","@id":"https:\/\/www.gdirekt.se\/da\/produkt\/metalskilt-kantbojet-kantombukket\/","url":"https:\/\/www.gdirekt.se\/da\/produkt\/metalskilt-kantbojet-kantombukket\/","name":"Metalskilt \u2013 Kantb\u00f8jet Kantombukket trykt med firmanavn og reklame | Gdirekt.se","isPartOf":{"@id":"https:\/\/www.gdirekt.se\/#website"},"primaryImageOfPage":{"@id":"https:\/\/www.gdirekt.se\/da\/produkt\/metalskilt-kantbojet-kantombukket\/#primaryimage"},"image":{"@id":"https:\/\/www.gdirekt.se\/da\/produkt\/metalskilt-kantbojet-kantombukket\/#primaryimage"},"thumbnailUrl":"https:\/\/www.gdirekt.se\/wp-content\/uploads\/bockad-skylt.png","datePublished":"2016-12-27T14:47:05+00:00","dateModified":"2019-01-16T15:08:39+00:00","description":"Metalskilt \u2013 Kantb\u00f8jet Kantombukket bestiller I til den rigtige pris hos os. K\u00f8b skilte, der altid er beskyttelseslaminerede, s\u00e5 de holder l\u00e6nge. Der findes flere forskellige st\u00f8rrelser og en designskabelon, som kan downloades gratis. Trykket er inkluderet i den gode pris!","breadcrumb":{"@id":"https:\/\/www.gdirekt.se\/da\/produkt\/metalskilt-kantbojet-kantombukket\/#breadcrumb"},"inLanguage":"da-DK","potentialAction":[{"@type":"ReadAction","target":["https:\/\/www.gdirekt.se\/da\/produkt\/metalskilt-kantbojet-kantombukket\/"]}]},{"@type":"ImageObject","inLanguage":"da-DK","@id":"https:\/\/www.gdirekt.se\/da\/produkt\/metalskilt-kantbojet-kantombukket\/#primaryimage","url":"https:\/\/www.gdirekt.se\/wp-content\/uploads\/bockad-skylt.png","contentUrl":"https:\/\/www.gdirekt.se\/wp-content\/uploads\/bockad-skylt.png","width":1000,"height":1000,"caption":"Kantombukket metalskilt til reklameskilt eller byggeskilt"},{"@type":"BreadcrumbList","@id":"https:\/\/www.gdirekt.se\/da\/produkt\/metalskilt-kantbojet-kantombukket\/#breadcrumb","itemListElement":[{"@type":"ListItem","position":1,"name":"Hem","item":"https:\/\/www.gdirekt.se\/da\/"},{"@type":"ListItem","position":2,"name":"Start","item":"https:\/\/www.gdirekt.se\/da\/"},{"@type":"ListItem","position":3,"name":"Metalskilt \u2013 Kantb\u00f8jet Kantombukket"}]},{"@type":"WebSite","@id":"https:\/\/www.gdirekt.se\/#website","url":"https:\/\/www.gdirekt.se\/","name":"Gdirekt.se","description":"Tryck snabbt \u00e5 l\u00e4tt = Gdirekt","potentialAction":[{"@type":"SearchAction","target":{"@type":"EntryPoint","urlTemplate":"https:\/\/www.gdirekt.se\/?s={search_term_string}"},"query-input":{"@type":"PropertyValueSpecification","valueRequired":true,"valueName":"search_term_string"}}],"inLanguage":"da-DK"}]}},"_links":{"self":[{"href":"https:\/\/www.gdirekt.se\/da\/wp-json\/wp\/v2\/product\/10121","targetHints":{"allow":["GET"]}}],"collection":[{"href":"https:\/\/www.gdirekt.se\/da\/wp-json\/wp\/v2\/product"}],"about":[{"href":"https:\/\/www.gdirekt.se\/da\/wp-json\/wp\/v2\/types\/product"}],"wp:featuredmedia":[{"embeddable":true,"href":"https:\/\/www.gdirekt.se\/da\/wp-json\/wp\/v2\/media\/8345"}],"wp:attachment":[{"href":"https:\/\/www.gdirekt.se\/da\/wp-json\/wp\/v2\/media?parent=10121"}],"wp:term":[{"taxonomy":"product_brand","embeddable":true,"href":"https:\/\/www.gdirekt.se\/da\/wp-json\/wp\/v2\/product_brand?post=10121"},{"taxonomy":"product_cat","embeddable":true,"href":"https:\/\/www.gdirekt.se\/da\/wp-json\/wp\/v2\/product_cat?post=10121"},{"taxonomy":"product_tag","embeddable":true,"href":"https:\/\/www.gdirekt.se\/da\/wp-json\/wp\/v2\/product_tag?post=10121"}],"curies":[{"name":"wp","href":"https:\/\/api.w.org\/{rel}","templated":true}]}}