{"id":10096,"date":"2017-01-19T08:38:01","date_gmt":"2017-01-19T07:38:01","guid":{"rendered":"http:\/\/gdirekt.hamstage.hamrenmedia.se\/produkt\/plastskilte-styren\/"},"modified":"2017-01-19T08:38:01","modified_gmt":"2017-01-19T07:38:01","slug":"plastskilte-styren","status":"publish","type":"product","link":"https:\/\/www.gdirekt.se\/da\/produkt\/plastskilte-styren\/","title":{"rendered":"Plastskilte \u2013 Styren"},"content":{"rendered":"<p><span lang=\"DA\">Plastskilte &#8211; Styren er slidst\u00e6rke og billige skilte, som vi trykker med milj\u00f8venlig farve, og hele skiltet er brandbart. Disse plastskilte holder godt og blegner ikke. De printede skilte bruges som informationsskilte, milj\u00f8stationsskilte, advarselsskilte, p\u00e5budsskilte. Og det bedste er, at I kan have jeres egne budskaber og jeres eget design. K\u00f8b skilte p\u00e5 nettet til den rette pris. Disse plastskilte holder udend\u00f8rs. Skiltematerialets overflade er blank, mens vores milj\u00f8venlige farve er noget mat i overfladen, hvilket giver en flot effekt. Vi bruger den seneste trykteknik med s\u00e5kaldt UV-farve. Den h\u00e6rder n\u00e6sten med det samme og sidder godt fast, hvilket giver lang holdbarhed.<\/span><\/p>\n<p><span lang=\"DA\">Vores standardm\u00e5l er f\u00f8lgende: A5 (14,8 x 21 cm), A4 (21 x 29,7 cm), A3 (29,7 x 42 cm) og 50 x 70 cm. Men vi kan l\u00f8se alle st\u00f8rrelser og oplag til jer.<\/span><\/p>\n<p><span lang=\"DA\">Styrenplasten er 1 mm tyk, og overfladen er blank. Stedet, hvor farven p\u00e5 fotoet og teksten trykkes, f\u00e5r en mat overflade. Kontrasten bliver utrolig effektfuld og flot. St\u00f8rrelsen p\u00e5 arkene, som vi trykker plastskiltene p\u00e5, er\u00a0205 x 152 cm. S\u00e5 hvis I har brug for hj\u00e6lp til at lave andre st\u00f8rrelser end vores standardm\u00e5l, skal I bare kontakte os.<\/span><\/p>\n<p><span lang=\"DA\">Derefter kan I bestille skilte hos os i andre materialer; se vores udvalg af skilte<span class=\"apple-converted-space\">\u00a0<\/span><\/span><span lang=\"DA\"><a href=\"https:\/\/www.gdirekt.se\/produkt-kategori\/skyltar\/\"><b><i>her<\/i><\/b><\/a><\/span><span lang=\"DA\">. Og ikke nok med det, s\u00e5 er vi ogs\u00e5 totalleverand\u00f8r af tryksager. Hvis du vil se alle muligheder, kan du f\u00f8lge os p\u00e5<span class=\"apple-converted-space\">\u00a0<\/span><\/span><span lang=\"DA\"><a href=\"https:\/\/www.instagram.com\/gigantprint\/\"><b><i>Instagram<\/i><\/b><\/a><\/span><span lang=\"DA\">!<\/span><\/p>\n","protected":false},"excerpt":{"rendered":"<p>Plastskilte \u2013 Styren er billige skilte til information, milj\u00f8station, advarselsskilt, p\u00e5budsskilt med egne budskaber og i eget design. K\u00f8b skilte p\u00e5 nettet; det er nemmest. For andre st\u00f8rrelser og oplag kan vi kontaktes p\u00e5\u00a0<strong><em>info@gdirekt.se<\/em><\/strong><\/p>\n","protected":false},"featured_media":8454,"template":"","meta":{"_acf_changed":false},"product_brand":[],"product_cat":[378],"product_tag":[],"class_list":{"0":"post-10096","1":"product","2":"type-product","3":"status-publish","4":"has-post-thumbnail","6":"product_cat-skilte","8":"first","9":"instock","10":"taxable","11":"shipping-taxable","12":"purchasable","13":"product-type-variable","14":"has-default-attributes"},"exclude_global_add_ons":[],"addons":[],"acf":[],"yoast_head":"<!-- This site is optimized with the Yoast SEO plugin v27.2 - https:\/\/yoast.com\/product\/yoast-seo-wordpress\/ -->\n<title>Plastskilte \u2013 Styren, trykt med tekst logo og foto | Gdirekt.se<\/title>\n<meta name=\"description\" content=\"Plastskilte \u2013 Styren er billige skilte til information, milj\u00f8station, advarselsskilt, p\u00e5budsskilt med egne budskaber og i eget design. K\u00f8b skilte p\u00e5 nettet. Dit eget tryk er inkluderet i den billige pris, n\u00e5r du har valgt at k\u00f8be skilte fra vores trykkeri.\" \/>\n<meta name=\"robots\" content=\"index, follow, max-snippet:-1, max-image-preview:large, max-video-preview:-1\" \/>\n<link rel=\"canonical\" href=\"https:\/\/www.gdirekt.se\/da\/produkt\/plastskilte-styren\/\" \/>\n<meta property=\"og:locale\" content=\"da_DK\" \/>\n<meta property=\"og:type\" content=\"article\" \/>\n<meta property=\"og:title\" content=\"Plastskilte \u2013 Styren, trykt med tekst logo og foto | Gdirekt.se\" \/>\n<meta property=\"og:description\" content=\"Plastskilte \u2013 Styren er billige skilte til information, milj\u00f8station, advarselsskilt, p\u00e5budsskilt med egne budskaber og i eget design. K\u00f8b skilte p\u00e5 nettet. Dit eget tryk er inkluderet i den billige pris, n\u00e5r du har valgt at k\u00f8be skilte fra vores trykkeri.\" \/>\n<meta property=\"og:url\" content=\"https:\/\/www.gdirekt.se\/da\/produkt\/plastskilte-styren\/\" \/>\n<meta property=\"og:site_name\" content=\"Gdirekt.se\" \/>\n<meta property=\"og:image\" content=\"https:\/\/www.gdirekt.se\/wp-content\/uploads\/Plastskylt_styren.png\" \/>\n\t<meta property=\"og:image:width\" content=\"1000\" \/>\n\t<meta property=\"og:image:height\" content=\"1000\" \/>\n\t<meta property=\"og:image:type\" content=\"image\/png\" \/>\n<meta name=\"twitter:card\" content=\"summary_large_image\" \/>\n<meta name=\"twitter:label1\" content=\"Estimeret l\u00e6setid\" \/>\n\t<meta name=\"twitter:data1\" content=\"1 minut\" \/>\n<script type=\"application\/ld+json\" class=\"yoast-schema-graph\">{\"@context\":\"https:\/\/schema.org\",\"@graph\":[{\"@type\":\"WebPage\",\"@id\":\"https:\/\/www.gdirekt.se\/da\/produkt\/plastskilte-styren\/\",\"url\":\"https:\/\/www.gdirekt.se\/da\/produkt\/plastskilte-styren\/\",\"name\":\"Plastskilte \u2013 Styren, trykt med tekst logo og foto | Gdirekt.se\",\"isPartOf\":{\"@id\":\"https:\/\/www.gdirekt.se\/#website\"},\"primaryImageOfPage\":{\"@id\":\"https:\/\/www.gdirekt.se\/da\/produkt\/plastskilte-styren\/#primaryimage\"},\"image\":{\"@id\":\"https:\/\/www.gdirekt.se\/da\/produkt\/plastskilte-styren\/#primaryimage\"},\"thumbnailUrl\":\"https:\/\/www.gdirekt.se\/wp-content\/uploads\/Plastskylt_styren.png\",\"datePublished\":\"2017-01-19T07:38:01+00:00\",\"description\":\"Plastskilte \u2013 Styren er billige skilte til information, milj\u00f8station, advarselsskilt, p\u00e5budsskilt med egne budskaber og i eget design. K\u00f8b skilte p\u00e5 nettet. Dit eget tryk er inkluderet i den billige pris, n\u00e5r du har valgt at k\u00f8be skilte fra vores trykkeri.\",\"breadcrumb\":{\"@id\":\"https:\/\/www.gdirekt.se\/da\/produkt\/plastskilte-styren\/#breadcrumb\"},\"inLanguage\":\"da-DK\",\"potentialAction\":[{\"@type\":\"ReadAction\",\"target\":[\"https:\/\/www.gdirekt.se\/da\/produkt\/plastskilte-styren\/\"]}]},{\"@type\":\"ImageObject\",\"inLanguage\":\"da-DK\",\"@id\":\"https:\/\/www.gdirekt.se\/da\/produkt\/plastskilte-styren\/#primaryimage\",\"url\":\"https:\/\/www.gdirekt.se\/wp-content\/uploads\/Plastskylt_styren.png\",\"contentUrl\":\"https:\/\/www.gdirekt.se\/wp-content\/uploads\/Plastskylt_styren.png\",\"width\":1000,\"height\":1000,\"caption\":\"Billige skilte i plastik\"},{\"@type\":\"BreadcrumbList\",\"@id\":\"https:\/\/www.gdirekt.se\/da\/produkt\/plastskilte-styren\/#breadcrumb\",\"itemListElement\":[{\"@type\":\"ListItem\",\"position\":1,\"name\":\"Hem\",\"item\":\"https:\/\/www.gdirekt.se\/da\/\"},{\"@type\":\"ListItem\",\"position\":2,\"name\":\"Start\",\"item\":\"https:\/\/www.gdirekt.se\/da\/\"},{\"@type\":\"ListItem\",\"position\":3,\"name\":\"Plastskilte \u2013 Styren\"}]},{\"@type\":\"WebSite\",\"@id\":\"https:\/\/www.gdirekt.se\/#website\",\"url\":\"https:\/\/www.gdirekt.se\/\",\"name\":\"Gdirekt.se\",\"description\":\"Tryck snabbt \u00e5 l\u00e4tt = Gdirekt\",\"potentialAction\":[{\"@type\":\"SearchAction\",\"target\":{\"@type\":\"EntryPoint\",\"urlTemplate\":\"https:\/\/www.gdirekt.se\/?s={search_term_string}\"},\"query-input\":{\"@type\":\"PropertyValueSpecification\",\"valueRequired\":true,\"valueName\":\"search_term_string\"}}],\"inLanguage\":\"da-DK\"}]}<\/script>\n<!-- \/ Yoast SEO plugin. -->","yoast_head_json":{"title":"Plastskilte \u2013 Styren, trykt med tekst logo og foto | Gdirekt.se","description":"Plastskilte \u2013 Styren er billige skilte til information, milj\u00f8station, advarselsskilt, p\u00e5budsskilt med egne budskaber og i eget design. K\u00f8b skilte p\u00e5 nettet. Dit eget tryk er inkluderet i den billige pris, n\u00e5r du har valgt at k\u00f8be skilte fra vores trykkeri.","robots":{"index":"index","follow":"follow","max-snippet":"max-snippet:-1","max-image-preview":"max-image-preview:large","max-video-preview":"max-video-preview:-1"},"canonical":"https:\/\/www.gdirekt.se\/da\/produkt\/plastskilte-styren\/","og_locale":"da_DK","og_type":"article","og_title":"Plastskilte \u2013 Styren, trykt med tekst logo og foto | Gdirekt.se","og_description":"Plastskilte \u2013 Styren er billige skilte til information, milj\u00f8station, advarselsskilt, p\u00e5budsskilt med egne budskaber og i eget design. K\u00f8b skilte p\u00e5 nettet. Dit eget tryk er inkluderet i den billige pris, n\u00e5r du har valgt at k\u00f8be skilte fra vores trykkeri.","og_url":"https:\/\/www.gdirekt.se\/da\/produkt\/plastskilte-styren\/","og_site_name":"Gdirekt.se","og_image":[{"width":1000,"height":1000,"url":"https:\/\/www.gdirekt.se\/wp-content\/uploads\/Plastskylt_styren.png","type":"image\/png"}],"twitter_card":"summary_large_image","twitter_misc":{"Estimeret l\u00e6setid":"1 minut"},"schema":{"@context":"https:\/\/schema.org","@graph":[{"@type":"WebPage","@id":"https:\/\/www.gdirekt.se\/da\/produkt\/plastskilte-styren\/","url":"https:\/\/www.gdirekt.se\/da\/produkt\/plastskilte-styren\/","name":"Plastskilte \u2013 Styren, trykt med tekst logo og foto | Gdirekt.se","isPartOf":{"@id":"https:\/\/www.gdirekt.se\/#website"},"primaryImageOfPage":{"@id":"https:\/\/www.gdirekt.se\/da\/produkt\/plastskilte-styren\/#primaryimage"},"image":{"@id":"https:\/\/www.gdirekt.se\/da\/produkt\/plastskilte-styren\/#primaryimage"},"thumbnailUrl":"https:\/\/www.gdirekt.se\/wp-content\/uploads\/Plastskylt_styren.png","datePublished":"2017-01-19T07:38:01+00:00","description":"Plastskilte \u2013 Styren er billige skilte til information, milj\u00f8station, advarselsskilt, p\u00e5budsskilt med egne budskaber og i eget design. K\u00f8b skilte p\u00e5 nettet. Dit eget tryk er inkluderet i den billige pris, n\u00e5r du har valgt at k\u00f8be skilte fra vores trykkeri.","breadcrumb":{"@id":"https:\/\/www.gdirekt.se\/da\/produkt\/plastskilte-styren\/#breadcrumb"},"inLanguage":"da-DK","potentialAction":[{"@type":"ReadAction","target":["https:\/\/www.gdirekt.se\/da\/produkt\/plastskilte-styren\/"]}]},{"@type":"ImageObject","inLanguage":"da-DK","@id":"https:\/\/www.gdirekt.se\/da\/produkt\/plastskilte-styren\/#primaryimage","url":"https:\/\/www.gdirekt.se\/wp-content\/uploads\/Plastskylt_styren.png","contentUrl":"https:\/\/www.gdirekt.se\/wp-content\/uploads\/Plastskylt_styren.png","width":1000,"height":1000,"caption":"Billige skilte i plastik"},{"@type":"BreadcrumbList","@id":"https:\/\/www.gdirekt.se\/da\/produkt\/plastskilte-styren\/#breadcrumb","itemListElement":[{"@type":"ListItem","position":1,"name":"Hem","item":"https:\/\/www.gdirekt.se\/da\/"},{"@type":"ListItem","position":2,"name":"Start","item":"https:\/\/www.gdirekt.se\/da\/"},{"@type":"ListItem","position":3,"name":"Plastskilte \u2013 Styren"}]},{"@type":"WebSite","@id":"https:\/\/www.gdirekt.se\/#website","url":"https:\/\/www.gdirekt.se\/","name":"Gdirekt.se","description":"Tryck snabbt \u00e5 l\u00e4tt = Gdirekt","potentialAction":[{"@type":"SearchAction","target":{"@type":"EntryPoint","urlTemplate":"https:\/\/www.gdirekt.se\/?s={search_term_string}"},"query-input":{"@type":"PropertyValueSpecification","valueRequired":true,"valueName":"search_term_string"}}],"inLanguage":"da-DK"}]}},"_links":{"self":[{"href":"https:\/\/www.gdirekt.se\/da\/wp-json\/wp\/v2\/product\/10096","targetHints":{"allow":["GET"]}}],"collection":[{"href":"https:\/\/www.gdirekt.se\/da\/wp-json\/wp\/v2\/product"}],"about":[{"href":"https:\/\/www.gdirekt.se\/da\/wp-json\/wp\/v2\/types\/product"}],"wp:featuredmedia":[{"embeddable":true,"href":"https:\/\/www.gdirekt.se\/da\/wp-json\/wp\/v2\/media\/8454"}],"wp:attachment":[{"href":"https:\/\/www.gdirekt.se\/da\/wp-json\/wp\/v2\/media?parent=10096"}],"wp:term":[{"taxonomy":"product_brand","embeddable":true,"href":"https:\/\/www.gdirekt.se\/da\/wp-json\/wp\/v2\/product_brand?post=10096"},{"taxonomy":"product_cat","embeddable":true,"href":"https:\/\/www.gdirekt.se\/da\/wp-json\/wp\/v2\/product_cat?post=10096"},{"taxonomy":"product_tag","embeddable":true,"href":"https:\/\/www.gdirekt.se\/da\/wp-json\/wp\/v2\/product_tag?post=10096"}],"curies":[{"name":"wp","href":"https:\/\/api.w.org\/{rel}","templated":true}]}}