{"id":10077,"date":"2017-01-11T08:51:49","date_gmt":"2017-01-11T07:51:49","guid":{"rendered":"http:\/\/gdirekt.hamstage.hamrenmedia.se\/produkt\/plastskilt-forex\/"},"modified":"2018-11-13T13:06:16","modified_gmt":"2018-11-13T12:06:16","slug":"plastskilt-forex","status":"publish","type":"product","link":"https:\/\/www.gdirekt.se\/da\/produkt\/plastskilt-forex\/","title":{"rendered":"Plastskilt \u2013 Forex"},"content":{"rendered":"<p><span lang=\"DA\">Plastskilt \u2013 Forex med tryk, der t\u00e5ler udend\u00f8rsbrug. Forexplasten er homogen og st\u00e6rk og kan bores i. Det er muligt at trykke skilte til alle mulige form\u00e5l som f.eks. informationsskilte, butiksskilte, udsalgsskilte. Det er naturligvis muligt at printe skiltene i alle farver og ogs\u00e5 sort\/hvid. Trykket bliver superflot med h\u00f8j opl\u00f8sning, og vi bruger milj\u00f8venlig UV-farve, der t\u00e5ler sollys, regn, kulde og sne. Selve forexmaterialet er meget neutralt i yderlaget og f\u00e5r en halvmat glans.Holdbare kampagneskilte, som I helt enkelt bestiller online. Disse plastskilte i Forex kaldes ogs\u00e5 skilte i skummet pvc. Vi kan ogs\u00e5 kontursk\u00e6re disse skilte til forskellige former, bl.a. personfigurer; kontakt os for at h\u00f8re n\u00e6rmere.<\/span><\/p>\n<p><span lang=\"DA\">I kan ogs\u00e5 bestille egne st\u00f8rrelser og alle oplag; send os en e-mail p\u00e5<span class=\"apple-converted-space\">\u00a0<\/span><\/span><span lang=\"DA\"><a>info@gdirekt.se,<\/a><\/span><span lang=\"DA\">eller ring p\u00e5 +46 (0) 11-251515. Arkenes m\u00e5l p\u00e5 forexpladerne er som f\u00f8lger:<\/span><\/p>\n<p><span lang=\"DA\">\u2022 Forex 3 mm: 250 x 122 cm og 156 x 305 cm<\/span><\/p>\n<p><span lang=\"DA\">\u2022 Forex 5 mm: 250 x 122 cm og 156 x 305 cm<\/span><\/p>\n<p><span lang=\"DA\">\u2022 Forex 10 mm: 244 x 122 cm og 156 x 305 cm<\/span><\/p>\n<p><span lang=\"DA\">Vi har alle typer af materialer til skilte ud over Plastskilt \u2013 Forex, og nogle eksempler p\u00e5 materialer er Re-board, karton, metal, letv\u00e6gtsskumplade og Stadurlon m.m. P\u00e5<span class=\"apple-converted-space\">\u00a0<\/span><\/span><span lang=\"DA\"><a href=\"https:\/\/www.gdirekt.se\/produkt-kategori\/skyltar\/\"><b><i>denne side<\/i><\/b><\/a><\/span><span lang=\"DA\">kan I se vores udvalg af trykte skilte. Det kan v\u00e6re skilte til alle mulige form\u00e5l. Udsalgsskilte med billige priser og tilbud, informationsskilte og henvisningsskilte med egen tekst. Reklameskilte til kampagner trykkes oftest til jul, udsalg, valentinsdag, p\u00e5ske, for\u00e5r, sommer, skolestart, og de seneste \u00e5r er ogs\u00e5 Black Friday kommet til. Et fast trykt skilt har den st\u00f8rste fordel, da det altid er samme budskab eller billede, der vises.<\/span><\/p>\n<p><span lang=\"DA\">Vi har ogs\u00e5 en hjemmeside med en onlineshop med f\u00e6rdige n\u00f8dskilte, brandskilte samt sikkerhedsskilte, der hedder<span class=\"apple-converted-space\">\u00a0<\/span><\/span><span lang=\"DA\"><a href=\"https:\/\/shop.svasab.se\/\"><b><i>SVASAB<\/i><\/b><\/a><\/span><span lang=\"DA\">!<\/span><\/p>\n","protected":false},"excerpt":{"rendered":"<p><span lang=\"DA\">Plastskilt \u2013 Forex med tryk, der t\u00e5ler udend\u00f8rsbrug. Bestil billige plastskilte i dit eget design med farvefoto og tekst. Holdbare skilte i plast, der ogs\u00e5 kaldes skummet pvc, online til en god pris. Vi l\u00f8ser alle formater og oplag; send os en e-mail, s\u00e5 f\u00e5r I en pris,<span class=\"apple-converted-space\">\u00a0<\/span><\/span><span lang=\"DA\"><a>info@gdirekt.se<\/a><\/span><\/p>\n","protected":false},"featured_media":8425,"template":"","meta":{"_acf_changed":false},"product_brand":[],"product_cat":[378],"product_tag":[],"class_list":{"0":"post-10077","1":"product","2":"type-product","3":"status-publish","4":"has-post-thumbnail","6":"product_cat-skilte","7":"product_shipping_class-180sek","9":"first","10":"instock","11":"taxable","12":"shipping-taxable","13":"purchasable","14":"product-type-variable","15":"has-default-attributes"},"exclude_global_add_ons":[],"addons":[],"acf":[],"yoast_head":"<!-- This site is optimized with the Yoast SEO plugin v27.2 - https:\/\/yoast.com\/product\/yoast-seo-wordpress\/ -->\n<title>Plastskilt \u2013 Forex, eget tryk i holdbar udend\u00f8rs kvalitet | Gdirekt.se<\/title>\n<meta name=\"description\" content=\"Plastskilt \u2013 Forex med tryk, der t\u00e5ler udend\u00f8rsbrug. Bestil billige plastskilte i skummet pvc i eget design. Holdbare plastskilte online til en god pris.\" \/>\n<meta name=\"robots\" content=\"index, follow, max-snippet:-1, max-image-preview:large, max-video-preview:-1\" \/>\n<link rel=\"canonical\" href=\"https:\/\/www.gdirekt.se\/da\/produkt\/plastskilt-forex\/\" \/>\n<meta property=\"og:locale\" content=\"da_DK\" \/>\n<meta property=\"og:type\" content=\"article\" \/>\n<meta property=\"og:title\" content=\"Plastskilt \u2013 Forex, eget tryk i holdbar udend\u00f8rs kvalitet | Gdirekt.se\" \/>\n<meta property=\"og:description\" content=\"Plastskilt \u2013 Forex med tryk, der t\u00e5ler udend\u00f8rsbrug. Bestil billige plastskilte i skummet pvc i eget design. Holdbare plastskilte online til en god pris.\" \/>\n<meta property=\"og:url\" content=\"https:\/\/www.gdirekt.se\/da\/produkt\/plastskilt-forex\/\" \/>\n<meta property=\"og:site_name\" content=\"Gdirekt.se\" \/>\n<meta property=\"article:modified_time\" content=\"2018-11-13T12:06:16+00:00\" \/>\n<meta property=\"og:image\" content=\"https:\/\/www.gdirekt.se\/wp-content\/uploads\/plastskylt_forex.png\" \/>\n\t<meta property=\"og:image:width\" content=\"1000\" \/>\n\t<meta property=\"og:image:height\" content=\"1000\" \/>\n\t<meta property=\"og:image:type\" content=\"image\/png\" \/>\n<meta name=\"twitter:card\" content=\"summary_large_image\" \/>\n<meta name=\"twitter:label1\" content=\"Estimeret l\u00e6setid\" \/>\n\t<meta name=\"twitter:data1\" content=\"1 minut\" \/>\n<script type=\"application\/ld+json\" class=\"yoast-schema-graph\">{\"@context\":\"https:\/\/schema.org\",\"@graph\":[{\"@type\":\"WebPage\",\"@id\":\"https:\/\/www.gdirekt.se\/da\/produkt\/plastskilt-forex\/\",\"url\":\"https:\/\/www.gdirekt.se\/da\/produkt\/plastskilt-forex\/\",\"name\":\"Plastskilt \u2013 Forex, eget tryk i holdbar udend\u00f8rs kvalitet | Gdirekt.se\",\"isPartOf\":{\"@id\":\"https:\/\/www.gdirekt.se\/#website\"},\"primaryImageOfPage\":{\"@id\":\"https:\/\/www.gdirekt.se\/da\/produkt\/plastskilt-forex\/#primaryimage\"},\"image\":{\"@id\":\"https:\/\/www.gdirekt.se\/da\/produkt\/plastskilt-forex\/#primaryimage\"},\"thumbnailUrl\":\"https:\/\/www.gdirekt.se\/wp-content\/uploads\/plastskylt_forex.png\",\"datePublished\":\"2017-01-11T07:51:49+00:00\",\"dateModified\":\"2018-11-13T12:06:16+00:00\",\"description\":\"Plastskilt \u2013 Forex med tryk, der t\u00e5ler udend\u00f8rsbrug. Bestil billige plastskilte i skummet pvc i eget design. Holdbare plastskilte online til en god pris.\",\"breadcrumb\":{\"@id\":\"https:\/\/www.gdirekt.se\/da\/produkt\/plastskilt-forex\/#breadcrumb\"},\"inLanguage\":\"da-DK\",\"potentialAction\":[{\"@type\":\"ReadAction\",\"target\":[\"https:\/\/www.gdirekt.se\/da\/produkt\/plastskilt-forex\/\"]}]},{\"@type\":\"ImageObject\",\"inLanguage\":\"da-DK\",\"@id\":\"https:\/\/www.gdirekt.se\/da\/produkt\/plastskilt-forex\/#primaryimage\",\"url\":\"https:\/\/www.gdirekt.se\/wp-content\/uploads\/plastskylt_forex.png\",\"contentUrl\":\"https:\/\/www.gdirekt.se\/wp-content\/uploads\/plastskylt_forex.png\",\"width\":1000,\"height\":1000,\"caption\":\"Plastskyltar med tryck\"},{\"@type\":\"BreadcrumbList\",\"@id\":\"https:\/\/www.gdirekt.se\/da\/produkt\/plastskilt-forex\/#breadcrumb\",\"itemListElement\":[{\"@type\":\"ListItem\",\"position\":1,\"name\":\"Hem\",\"item\":\"https:\/\/www.gdirekt.se\/da\/\"},{\"@type\":\"ListItem\",\"position\":2,\"name\":\"Start\",\"item\":\"https:\/\/www.gdirekt.se\/da\/\"},{\"@type\":\"ListItem\",\"position\":3,\"name\":\"Plastskilt \u2013 Forex\"}]},{\"@type\":\"WebSite\",\"@id\":\"https:\/\/www.gdirekt.se\/#website\",\"url\":\"https:\/\/www.gdirekt.se\/\",\"name\":\"Gdirekt.se\",\"description\":\"Tryck snabbt \u00e5 l\u00e4tt = Gdirekt\",\"potentialAction\":[{\"@type\":\"SearchAction\",\"target\":{\"@type\":\"EntryPoint\",\"urlTemplate\":\"https:\/\/www.gdirekt.se\/?s={search_term_string}\"},\"query-input\":{\"@type\":\"PropertyValueSpecification\",\"valueRequired\":true,\"valueName\":\"search_term_string\"}}],\"inLanguage\":\"da-DK\"}]}<\/script>\n<!-- \/ Yoast SEO plugin. -->","yoast_head_json":{"title":"Plastskilt \u2013 Forex, eget tryk i holdbar udend\u00f8rs kvalitet | Gdirekt.se","description":"Plastskilt \u2013 Forex med tryk, der t\u00e5ler udend\u00f8rsbrug. Bestil billige plastskilte i skummet pvc i eget design. Holdbare plastskilte online til en god pris.","robots":{"index":"index","follow":"follow","max-snippet":"max-snippet:-1","max-image-preview":"max-image-preview:large","max-video-preview":"max-video-preview:-1"},"canonical":"https:\/\/www.gdirekt.se\/da\/produkt\/plastskilt-forex\/","og_locale":"da_DK","og_type":"article","og_title":"Plastskilt \u2013 Forex, eget tryk i holdbar udend\u00f8rs kvalitet | Gdirekt.se","og_description":"Plastskilt \u2013 Forex med tryk, der t\u00e5ler udend\u00f8rsbrug. Bestil billige plastskilte i skummet pvc i eget design. Holdbare plastskilte online til en god pris.","og_url":"https:\/\/www.gdirekt.se\/da\/produkt\/plastskilt-forex\/","og_site_name":"Gdirekt.se","article_modified_time":"2018-11-13T12:06:16+00:00","og_image":[{"width":1000,"height":1000,"url":"https:\/\/www.gdirekt.se\/wp-content\/uploads\/plastskylt_forex.png","type":"image\/png"}],"twitter_card":"summary_large_image","twitter_misc":{"Estimeret l\u00e6setid":"1 minut"},"schema":{"@context":"https:\/\/schema.org","@graph":[{"@type":"WebPage","@id":"https:\/\/www.gdirekt.se\/da\/produkt\/plastskilt-forex\/","url":"https:\/\/www.gdirekt.se\/da\/produkt\/plastskilt-forex\/","name":"Plastskilt \u2013 Forex, eget tryk i holdbar udend\u00f8rs kvalitet | Gdirekt.se","isPartOf":{"@id":"https:\/\/www.gdirekt.se\/#website"},"primaryImageOfPage":{"@id":"https:\/\/www.gdirekt.se\/da\/produkt\/plastskilt-forex\/#primaryimage"},"image":{"@id":"https:\/\/www.gdirekt.se\/da\/produkt\/plastskilt-forex\/#primaryimage"},"thumbnailUrl":"https:\/\/www.gdirekt.se\/wp-content\/uploads\/plastskylt_forex.png","datePublished":"2017-01-11T07:51:49+00:00","dateModified":"2018-11-13T12:06:16+00:00","description":"Plastskilt \u2013 Forex med tryk, der t\u00e5ler udend\u00f8rsbrug. Bestil billige plastskilte i skummet pvc i eget design. Holdbare plastskilte online til en god pris.","breadcrumb":{"@id":"https:\/\/www.gdirekt.se\/da\/produkt\/plastskilt-forex\/#breadcrumb"},"inLanguage":"da-DK","potentialAction":[{"@type":"ReadAction","target":["https:\/\/www.gdirekt.se\/da\/produkt\/plastskilt-forex\/"]}]},{"@type":"ImageObject","inLanguage":"da-DK","@id":"https:\/\/www.gdirekt.se\/da\/produkt\/plastskilt-forex\/#primaryimage","url":"https:\/\/www.gdirekt.se\/wp-content\/uploads\/plastskylt_forex.png","contentUrl":"https:\/\/www.gdirekt.se\/wp-content\/uploads\/plastskylt_forex.png","width":1000,"height":1000,"caption":"Plastskyltar med tryck"},{"@type":"BreadcrumbList","@id":"https:\/\/www.gdirekt.se\/da\/produkt\/plastskilt-forex\/#breadcrumb","itemListElement":[{"@type":"ListItem","position":1,"name":"Hem","item":"https:\/\/www.gdirekt.se\/da\/"},{"@type":"ListItem","position":2,"name":"Start","item":"https:\/\/www.gdirekt.se\/da\/"},{"@type":"ListItem","position":3,"name":"Plastskilt \u2013 Forex"}]},{"@type":"WebSite","@id":"https:\/\/www.gdirekt.se\/#website","url":"https:\/\/www.gdirekt.se\/","name":"Gdirekt.se","description":"Tryck snabbt \u00e5 l\u00e4tt = Gdirekt","potentialAction":[{"@type":"SearchAction","target":{"@type":"EntryPoint","urlTemplate":"https:\/\/www.gdirekt.se\/?s={search_term_string}"},"query-input":{"@type":"PropertyValueSpecification","valueRequired":true,"valueName":"search_term_string"}}],"inLanguage":"da-DK"}]}},"_links":{"self":[{"href":"https:\/\/www.gdirekt.se\/da\/wp-json\/wp\/v2\/product\/10077","targetHints":{"allow":["GET"]}}],"collection":[{"href":"https:\/\/www.gdirekt.se\/da\/wp-json\/wp\/v2\/product"}],"about":[{"href":"https:\/\/www.gdirekt.se\/da\/wp-json\/wp\/v2\/types\/product"}],"wp:featuredmedia":[{"embeddable":true,"href":"https:\/\/www.gdirekt.se\/da\/wp-json\/wp\/v2\/media\/8425"}],"wp:attachment":[{"href":"https:\/\/www.gdirekt.se\/da\/wp-json\/wp\/v2\/media?parent=10077"}],"wp:term":[{"taxonomy":"product_brand","embeddable":true,"href":"https:\/\/www.gdirekt.se\/da\/wp-json\/wp\/v2\/product_brand?post=10077"},{"taxonomy":"product_cat","embeddable":true,"href":"https:\/\/www.gdirekt.se\/da\/wp-json\/wp\/v2\/product_cat?post=10077"},{"taxonomy":"product_tag","embeddable":true,"href":"https:\/\/www.gdirekt.se\/da\/wp-json\/wp\/v2\/product_tag?post=10077"}],"curies":[{"name":"wp","href":"https:\/\/api.w.org\/{rel}","templated":true}]}}