{"id":10058,"date":"2016-12-28T15:28:36","date_gmt":"2016-12-28T14:28:36","guid":{"rendered":"http:\/\/gdirekt.hamstage.hamrenmedia.se\/produkt\/maeglerskilte-figurskarne\/"},"modified":"2016-12-28T15:28:36","modified_gmt":"2016-12-28T14:28:36","slug":"maeglerskilte-figurskarne","status":"publish","type":"product","link":"https:\/\/www.gdirekt.se\/da\/produkt\/maeglerskilte-figurskarne\/","title":{"rendered":"M\u00e6glerskilte &#8211; figursk\u00e5rne"},"content":{"rendered":"<p><span lang=\"DA\">M\u00e6glerskilte &#8211; figursk\u00e5rne M\u00e6glerskilte bestilles i slidst\u00e6rk kanalplast direkte hos leverand\u00f8ren! Vores skilte trykkes p\u00e5 begge sider med milj\u00f8venlig farve, og prisen inkluderer fire farver, hvor ogs\u00e5 fotos trykkes i en fin kvalitet. Det er nemt at s\u00e6tte m\u00e6glerskiltene fast p\u00e5 skilteholderne, som designes i jeres egne former, og som man bestiller p\u00e5 nettet hos os. Mange kalder disse for fremvisningsskilte, da de ofte placeres rundt omkring i boligomr\u00e5det for at vise vej til det hus, der er til salg. I v\u00e6lger helt selv, hvordan jeres egne m\u00e6glerskilte skal trykkes. Vores trykkeri ligger i Norrk\u00f6ping, og vi er hurtige til at levere til en billig pris, vi bruger altid sporbar fragt, s\u00e5 man ved, hvorn\u00e5r varerne kommer frem.<\/span><\/p>\n<p><span lang=\"DA\">Samme formsk\u00e5rne skilte uden holdere k\u00f8bes ofte af husproducenter og byggefirmaer. De nitter, s\u00f8mmer eller skruer plastskiltene fast p\u00e5 husene eller skurene p\u00e5 byggepladsen.<strong><i>\u00a0<\/i><\/strong>Det fungerer som et informationsskilt eller en henvisning til leverand\u00f8rer, der skal finde byggepladsen. Hvis I har brug for andre byggeskilte, er der masser at v\u00e6lge imellem p\u00e5<span class=\"apple-converted-space\">\u00a0<\/span><\/span><span lang=\"DA\"><a href=\"http:\/\/shop.svasab.se\/\"><b><i>SVASAB<\/i><\/b><\/a><\/span><span lang=\"DA\">, Svenska Varselskyltar AB. Men det mest almindelige er, at m\u00e6glerfirmaer k\u00f8ber vores m\u00e6glerskilte til en god indk\u00f8bspris. Lige s\u00e5 almindeligt og standard er det, at man beder om at bestille et &#8220;Til salg-skilt&#8221;. Enten nitter eller s\u00f8mmer man disse skilte fast, eller man tilk\u00f8ber skilteholdere, der passer til m\u00e6glerskiltene nedenfor. Det er meget popul\u00e6rt at bestille skilte, der ser ud som en pil.<\/span><\/p>\n<p><span lang=\"DA\">I kan bestille m\u00e6glerskilte &#8211; figursk\u00e5rne i andre m\u00e5l og st\u00f8rrelser; det g\u00f8res ganske enkelt ved at kontakte os p\u00e5 telefonnummer +46 (0) 11-251515 eller sende os en e-mail p\u00e5<span class=\"apple-converted-space\">\u00a0<\/span><\/span><span lang=\"DA\"><a><b><i>info@gdirekt.se<\/i><\/b><\/a><\/span><i><\/i><\/p>\n","protected":false},"excerpt":{"rendered":"<p>M\u00e6glerskilte &#8211; figursk\u00e5rne i 5 mm tyk kanalplast viser vejen til fremvisningen af et hus! Vores egne skilte til udend\u00f8rsbrug er trykt med milj\u00f8venlige farver og udsk\u00e5ret i pr\u00e6cis den form, I \u00f8nsker.<\/p>\n","protected":false},"featured_media":8353,"template":"","meta":{"_acf_changed":false},"product_brand":[],"product_cat":[378,356],"product_tag":[],"class_list":{"0":"post-10058","1":"product","2":"type-product","3":"status-publish","4":"has-post-thumbnail","6":"product_cat-skilte","7":"product_cat-udendoersskilte-og-expo","9":"first","10":"instock","11":"taxable","12":"shipping-taxable","13":"purchasable","14":"product-type-variable","15":"has-default-attributes"},"exclude_global_add_ons":[],"addons":[],"acf":[],"yoast_head":"<!-- This site is optimized with the Yoast SEO plugin v27.2 - https:\/\/yoast.com\/product\/yoast-seo-wordpress\/ -->\n<title>M\u00e6glerskilte - figursk\u00e5rne trykt p\u00e5 billig kanal plast | Gdirekt.se<\/title>\n<meta name=\"description\" content=\"M\u00e6glerskilte - figursk\u00e5rne i 5 mm tyk kanalplast viser vejen til fremvisningen af et hus! Vores egne skilte til udend\u00f8rsbrug er trykt med milj\u00f8venlig farve. Dobbeltsidet tryk er inkluderet, n\u00e5r I bestiller fremvisningsskiltene p\u00e5 nettet.\" \/>\n<meta name=\"robots\" content=\"index, follow, max-snippet:-1, max-image-preview:large, max-video-preview:-1\" \/>\n<link rel=\"canonical\" href=\"https:\/\/www.gdirekt.se\/da\/produkt\/maeglerskilte-figurskarne\/\" \/>\n<meta property=\"og:locale\" content=\"da_DK\" \/>\n<meta property=\"og:type\" content=\"article\" \/>\n<meta property=\"og:title\" content=\"M\u00e6glerskilte - figursk\u00e5rne trykt p\u00e5 billig kanal plast | Gdirekt.se\" \/>\n<meta property=\"og:description\" content=\"M\u00e6glerskilte - figursk\u00e5rne i 5 mm tyk kanalplast viser vejen til fremvisningen af et hus! Vores egne skilte til udend\u00f8rsbrug er trykt med milj\u00f8venlig farve. Dobbeltsidet tryk er inkluderet, n\u00e5r I bestiller fremvisningsskiltene p\u00e5 nettet.\" \/>\n<meta property=\"og:url\" content=\"https:\/\/www.gdirekt.se\/da\/produkt\/maeglerskilte-figurskarne\/\" \/>\n<meta property=\"og:site_name\" content=\"Gdirekt.se\" \/>\n<meta property=\"og:image\" content=\"https:\/\/www.gdirekt.se\/wp-content\/uploads\/figurskuren_maklarskylt.png\" \/>\n\t<meta property=\"og:image:width\" content=\"1000\" \/>\n\t<meta property=\"og:image:height\" content=\"1000\" \/>\n\t<meta property=\"og:image:type\" content=\"image\/png\" \/>\n<meta name=\"twitter:card\" content=\"summary_large_image\" \/>\n<meta name=\"twitter:label1\" content=\"Estimeret l\u00e6setid\" \/>\n\t<meta name=\"twitter:data1\" content=\"1 minut\" \/>\n<script type=\"application\/ld+json\" class=\"yoast-schema-graph\">{\"@context\":\"https:\/\/schema.org\",\"@graph\":[{\"@type\":\"WebPage\",\"@id\":\"https:\/\/www.gdirekt.se\/da\/produkt\/maeglerskilte-figurskarne\/\",\"url\":\"https:\/\/www.gdirekt.se\/da\/produkt\/maeglerskilte-figurskarne\/\",\"name\":\"M\u00e6glerskilte - figursk\u00e5rne trykt p\u00e5 billig kanal plast | Gdirekt.se\",\"isPartOf\":{\"@id\":\"https:\/\/www.gdirekt.se\/#website\"},\"primaryImageOfPage\":{\"@id\":\"https:\/\/www.gdirekt.se\/da\/produkt\/maeglerskilte-figurskarne\/#primaryimage\"},\"image\":{\"@id\":\"https:\/\/www.gdirekt.se\/da\/produkt\/maeglerskilte-figurskarne\/#primaryimage\"},\"thumbnailUrl\":\"https:\/\/www.gdirekt.se\/wp-content\/uploads\/figurskuren_maklarskylt.png\",\"datePublished\":\"2016-12-28T14:28:36+00:00\",\"description\":\"M\u00e6glerskilte - figursk\u00e5rne i 5 mm tyk kanalplast viser vejen til fremvisningen af et hus! Vores egne skilte til udend\u00f8rsbrug er trykt med milj\u00f8venlig farve. Dobbeltsidet tryk er inkluderet, n\u00e5r I bestiller fremvisningsskiltene p\u00e5 nettet.\",\"breadcrumb\":{\"@id\":\"https:\/\/www.gdirekt.se\/da\/produkt\/maeglerskilte-figurskarne\/#breadcrumb\"},\"inLanguage\":\"da-DK\",\"potentialAction\":[{\"@type\":\"ReadAction\",\"target\":[\"https:\/\/www.gdirekt.se\/da\/produkt\/maeglerskilte-figurskarne\/\"]}]},{\"@type\":\"ImageObject\",\"inLanguage\":\"da-DK\",\"@id\":\"https:\/\/www.gdirekt.se\/da\/produkt\/maeglerskilte-figurskarne\/#primaryimage\",\"url\":\"https:\/\/www.gdirekt.se\/wp-content\/uploads\/figurskuren_maklarskylt.png\",\"contentUrl\":\"https:\/\/www.gdirekt.se\/wp-content\/uploads\/figurskuren_maklarskylt.png\",\"width\":1000,\"height\":1000,\"caption\":\"Formede udsk\u00e6ring kanalplastskilte\"},{\"@type\":\"BreadcrumbList\",\"@id\":\"https:\/\/www.gdirekt.se\/da\/produkt\/maeglerskilte-figurskarne\/#breadcrumb\",\"itemListElement\":[{\"@type\":\"ListItem\",\"position\":1,\"name\":\"Hem\",\"item\":\"https:\/\/www.gdirekt.se\/da\/\"},{\"@type\":\"ListItem\",\"position\":2,\"name\":\"Start\",\"item\":\"https:\/\/www.gdirekt.se\/da\/\"},{\"@type\":\"ListItem\",\"position\":3,\"name\":\"M\u00e6glerskilte &#8211; figursk\u00e5rne\"}]},{\"@type\":\"WebSite\",\"@id\":\"https:\/\/www.gdirekt.se\/#website\",\"url\":\"https:\/\/www.gdirekt.se\/\",\"name\":\"Gdirekt.se\",\"description\":\"Tryck snabbt \u00e5 l\u00e4tt = Gdirekt\",\"potentialAction\":[{\"@type\":\"SearchAction\",\"target\":{\"@type\":\"EntryPoint\",\"urlTemplate\":\"https:\/\/www.gdirekt.se\/?s={search_term_string}\"},\"query-input\":{\"@type\":\"PropertyValueSpecification\",\"valueRequired\":true,\"valueName\":\"search_term_string\"}}],\"inLanguage\":\"da-DK\"}]}<\/script>\n<!-- \/ Yoast SEO plugin. -->","yoast_head_json":{"title":"M\u00e6glerskilte - figursk\u00e5rne trykt p\u00e5 billig kanal plast | Gdirekt.se","description":"M\u00e6glerskilte - figursk\u00e5rne i 5 mm tyk kanalplast viser vejen til fremvisningen af et hus! Vores egne skilte til udend\u00f8rsbrug er trykt med milj\u00f8venlig farve. Dobbeltsidet tryk er inkluderet, n\u00e5r I bestiller fremvisningsskiltene p\u00e5 nettet.","robots":{"index":"index","follow":"follow","max-snippet":"max-snippet:-1","max-image-preview":"max-image-preview:large","max-video-preview":"max-video-preview:-1"},"canonical":"https:\/\/www.gdirekt.se\/da\/produkt\/maeglerskilte-figurskarne\/","og_locale":"da_DK","og_type":"article","og_title":"M\u00e6glerskilte - figursk\u00e5rne trykt p\u00e5 billig kanal plast | Gdirekt.se","og_description":"M\u00e6glerskilte - figursk\u00e5rne i 5 mm tyk kanalplast viser vejen til fremvisningen af et hus! Vores egne skilte til udend\u00f8rsbrug er trykt med milj\u00f8venlig farve. Dobbeltsidet tryk er inkluderet, n\u00e5r I bestiller fremvisningsskiltene p\u00e5 nettet.","og_url":"https:\/\/www.gdirekt.se\/da\/produkt\/maeglerskilte-figurskarne\/","og_site_name":"Gdirekt.se","og_image":[{"width":1000,"height":1000,"url":"https:\/\/www.gdirekt.se\/wp-content\/uploads\/figurskuren_maklarskylt.png","type":"image\/png"}],"twitter_card":"summary_large_image","twitter_misc":{"Estimeret l\u00e6setid":"1 minut"},"schema":{"@context":"https:\/\/schema.org","@graph":[{"@type":"WebPage","@id":"https:\/\/www.gdirekt.se\/da\/produkt\/maeglerskilte-figurskarne\/","url":"https:\/\/www.gdirekt.se\/da\/produkt\/maeglerskilte-figurskarne\/","name":"M\u00e6glerskilte - figursk\u00e5rne trykt p\u00e5 billig kanal plast | Gdirekt.se","isPartOf":{"@id":"https:\/\/www.gdirekt.se\/#website"},"primaryImageOfPage":{"@id":"https:\/\/www.gdirekt.se\/da\/produkt\/maeglerskilte-figurskarne\/#primaryimage"},"image":{"@id":"https:\/\/www.gdirekt.se\/da\/produkt\/maeglerskilte-figurskarne\/#primaryimage"},"thumbnailUrl":"https:\/\/www.gdirekt.se\/wp-content\/uploads\/figurskuren_maklarskylt.png","datePublished":"2016-12-28T14:28:36+00:00","description":"M\u00e6glerskilte - figursk\u00e5rne i 5 mm tyk kanalplast viser vejen til fremvisningen af et hus! Vores egne skilte til udend\u00f8rsbrug er trykt med milj\u00f8venlig farve. Dobbeltsidet tryk er inkluderet, n\u00e5r I bestiller fremvisningsskiltene p\u00e5 nettet.","breadcrumb":{"@id":"https:\/\/www.gdirekt.se\/da\/produkt\/maeglerskilte-figurskarne\/#breadcrumb"},"inLanguage":"da-DK","potentialAction":[{"@type":"ReadAction","target":["https:\/\/www.gdirekt.se\/da\/produkt\/maeglerskilte-figurskarne\/"]}]},{"@type":"ImageObject","inLanguage":"da-DK","@id":"https:\/\/www.gdirekt.se\/da\/produkt\/maeglerskilte-figurskarne\/#primaryimage","url":"https:\/\/www.gdirekt.se\/wp-content\/uploads\/figurskuren_maklarskylt.png","contentUrl":"https:\/\/www.gdirekt.se\/wp-content\/uploads\/figurskuren_maklarskylt.png","width":1000,"height":1000,"caption":"Formede udsk\u00e6ring kanalplastskilte"},{"@type":"BreadcrumbList","@id":"https:\/\/www.gdirekt.se\/da\/produkt\/maeglerskilte-figurskarne\/#breadcrumb","itemListElement":[{"@type":"ListItem","position":1,"name":"Hem","item":"https:\/\/www.gdirekt.se\/da\/"},{"@type":"ListItem","position":2,"name":"Start","item":"https:\/\/www.gdirekt.se\/da\/"},{"@type":"ListItem","position":3,"name":"M\u00e6glerskilte &#8211; figursk\u00e5rne"}]},{"@type":"WebSite","@id":"https:\/\/www.gdirekt.se\/#website","url":"https:\/\/www.gdirekt.se\/","name":"Gdirekt.se","description":"Tryck snabbt \u00e5 l\u00e4tt = Gdirekt","potentialAction":[{"@type":"SearchAction","target":{"@type":"EntryPoint","urlTemplate":"https:\/\/www.gdirekt.se\/?s={search_term_string}"},"query-input":{"@type":"PropertyValueSpecification","valueRequired":true,"valueName":"search_term_string"}}],"inLanguage":"da-DK"}]}},"_links":{"self":[{"href":"https:\/\/www.gdirekt.se\/da\/wp-json\/wp\/v2\/product\/10058","targetHints":{"allow":["GET"]}}],"collection":[{"href":"https:\/\/www.gdirekt.se\/da\/wp-json\/wp\/v2\/product"}],"about":[{"href":"https:\/\/www.gdirekt.se\/da\/wp-json\/wp\/v2\/types\/product"}],"wp:featuredmedia":[{"embeddable":true,"href":"https:\/\/www.gdirekt.se\/da\/wp-json\/wp\/v2\/media\/8353"}],"wp:attachment":[{"href":"https:\/\/www.gdirekt.se\/da\/wp-json\/wp\/v2\/media?parent=10058"}],"wp:term":[{"taxonomy":"product_brand","embeddable":true,"href":"https:\/\/www.gdirekt.se\/da\/wp-json\/wp\/v2\/product_brand?post=10058"},{"taxonomy":"product_cat","embeddable":true,"href":"https:\/\/www.gdirekt.se\/da\/wp-json\/wp\/v2\/product_cat?post=10058"},{"taxonomy":"product_tag","embeddable":true,"href":"https:\/\/www.gdirekt.se\/da\/wp-json\/wp\/v2\/product_tag?post=10058"}],"curies":[{"name":"wp","href":"https:\/\/api.w.org\/{rel}","templated":true}]}}