{"id":10033,"date":"2015-10-27T16:35:00","date_gmt":"2015-10-27T15:35:00","guid":{"rendered":"http:\/\/gdirekt.hamstage.hamrenmedia.se\/produkt\/maeglerskilte\/"},"modified":"2019-01-16T16:07:59","modified_gmt":"2019-01-16T15:07:59","slug":"maeglerskilte","status":"publish","type":"product","link":"https:\/\/www.gdirekt.se\/da\/produkt\/maeglerskilte\/","title":{"rendered":"M\u00e6glerskilte"},"content":{"rendered":"<p><span lang=\"DA\">M\u00e6glerskilte bestilles i slidst\u00e6rk kanalplast direkte hos leverand\u00f8ren! Vores skilte trykkes p\u00e5 begge sider med milj\u00f8venlig farve, og prisen inkluderer fire farver, hvor ogs\u00e5 fotos f\u00e5r en fin kvalitet. Det er nemt at s\u00e6tte m\u00e6glerskiltene fast p\u00e5 skilteholderne, som man bestiller p\u00e5 nettet hos os. Mange kalder disse for fremvisningsskilte, da de ofte placeres rundt omkring i boligomr\u00e5det for at vise vej til det hus, der er til salg. I v\u00e6lger helt selv, hvordan jeres egne m\u00e6glerskilte skal trykkes. Vores trykkeri ligger i Norrk\u00f6ping, og vi er hurtige til at levere til en billig pris.<\/span><\/p>\n<p><span lang=\"DA\">N\u00e5r man skal k\u00f8be m\u00e6glerskilte, bestiller man ofte dobbeltsidet tryk med samme motiv p\u00e5 begge sider. Men hos os p\u00e5 Gdirekt kan du v\u00e6lge at have forskellige motiver; stadig til den samme billige pris. Vi har nemlig den seneste trykteknik, der er digital. Selve trykket holder en fantastisk fin og god kvalitet. Tekster bliver skarpe og tydelige, og farverne bliver klare og er godt synlige ved vejen, s\u00e5 man uden problemer f\u00e5r \u00f8je p\u00e5 dem. Det kan ogs\u00e5 sagtens lade sig g\u00f8re at trykke fotobilleder i farve eller sort\/hvid. Nogle vil gerne have, at m\u00e6glerskiltene bliver personlige og viser de ansatte m\u00e6gleres ansigter samt deres egne telefonnumre. Det skaber gode og effektive budskaber.<\/span><\/p>\n<p><span lang=\"DA\">Vi har tre standardm\u00e5l med f\u00f8lgende st\u00f8rrelser: 30 x 15 cm, 50 x 20 cm og 60 x 35 cm. Vi er ogs\u00e5 leveringsdygtige i andre m\u00e5l, hvis I \u00f8nsker det.<\/span><\/p>\n<p><span lang=\"DA\">Samme skilte uden holdere k\u00f8bes ofte af husproducenter og byggefirmaer. De nitter, s\u00f8mmer eller skruer plastskiltene fast p\u00e5 husene eller skurene p\u00e5 byggepladsen.<strong><i>\u00a0<\/i><\/strong>Det fungerer som et informationsskilt eller en henvisning til leverand\u00f8rer, der skal finde byggepladsen. Hvis I har brug for andre byggeskilte, er der masser at v\u00e6lge imellem p\u00e5<span class=\"apple-converted-space\">\u00a0<\/span><\/span><span lang=\"DA\"><a href=\"http:\/\/shop.svasab.se\/\"><b><i>SVASAB<\/i><\/b><\/a><\/span><span lang=\"DA\">, Svenska Varselskyltar AB. Men det mest almindelige er, at m\u00e6glerfirmaer k\u00f8ber vores m\u00e6glerskilte til en god indk\u00f8bspris. Lige s\u00e5 almindeligt og standard er det, at man beder om at bestille et &#8220;Til salg-skilt&#8221;. Enten nitter eller s\u00f8mmer man disse skilte fast, eller man tilk\u00f8ber skilteholdere, der passer til m\u00e6glerskiltene nedenfor.<\/span><\/p>\n<p><span lang=\"DA\">Har I behov for at bestille skilte i andre materialer, har vi masser af forskellige materialer,<span class=\"apple-converted-space\">\u00a0<\/span><\/span><span lang=\"DA\"><a href=\"https:\/\/www.gdirekt.se\/produkt-kategori\/skyltar\/\"><b><i>se denne side<\/i><\/b><\/a><\/span><span lang=\"DA\">.<\/span><\/p>\n","protected":false},"excerpt":{"rendered":"<p>M\u00e6glerskilte i 5mm tyk kanalplast viser vejen til fremvisningen af et hus! Vores egne dobbeltsidede holdbare skilte til udend\u00f8rsbrug er trykt med milj\u00f8venlig farve.<\/p>\n","protected":false},"featured_media":8315,"template":"","meta":{"_acf_changed":false},"product_brand":[],"product_cat":[378,356],"product_tag":[],"class_list":{"0":"post-10033","1":"product","2":"type-product","3":"status-publish","4":"has-post-thumbnail","6":"product_cat-skilte","7":"product_cat-udendoersskilte-og-expo","9":"first","10":"instock","11":"taxable","12":"shipping-taxable","13":"purchasable","14":"product-type-variable","15":"has-default-attributes"},"exclude_global_add_ons":[],"addons":[],"acf":[],"yoast_head":"<!-- This site is optimized with the Yoast SEO plugin v27.2 - https:\/\/yoast.com\/product\/yoast-seo-wordpress\/ -->\n<title>M\u00e6glerskiltei kanalplast til lav pris, bestil med | Gdirekt.se<\/title>\n<meta name=\"description\" content=\"M\u00e6glerskilte i 5mm tyk kanalplast viser vejen til fremvisningen af et hus! Vores egne dobbeltsidede holdbare skilte til udend\u00f8rsbrug er trykt med milj\u00f8venlig farve, der er inkluderet, n\u00e5r I bestiller hos Gdirekt.\" \/>\n<meta name=\"robots\" content=\"index, follow, max-snippet:-1, max-image-preview:large, max-video-preview:-1\" \/>\n<link rel=\"canonical\" href=\"https:\/\/www.gdirekt.se\/da\/produkt\/maeglerskilte\/\" \/>\n<meta property=\"og:locale\" content=\"da_DK\" \/>\n<meta property=\"og:type\" content=\"article\" \/>\n<meta property=\"og:title\" content=\"M\u00e6glerskiltei kanalplast til lav pris, bestil med | Gdirekt.se\" \/>\n<meta property=\"og:description\" content=\"M\u00e6glerskilte i 5mm tyk kanalplast viser vejen til fremvisningen af et hus! Vores egne dobbeltsidede holdbare skilte til udend\u00f8rsbrug er trykt med milj\u00f8venlig farve, der er inkluderet, n\u00e5r I bestiller hos Gdirekt.\" \/>\n<meta property=\"og:url\" content=\"https:\/\/www.gdirekt.se\/da\/produkt\/maeglerskilte\/\" \/>\n<meta property=\"og:site_name\" content=\"Gdirekt.se\" \/>\n<meta property=\"article:modified_time\" content=\"2019-01-16T15:07:59+00:00\" \/>\n<meta property=\"og:image\" content=\"https:\/\/www.gdirekt.se\/wp-content\/uploads\/maklarskylt.png\" \/>\n\t<meta property=\"og:image:width\" content=\"1000\" \/>\n\t<meta property=\"og:image:height\" content=\"1000\" \/>\n\t<meta property=\"og:image:type\" content=\"image\/png\" \/>\n<meta name=\"twitter:card\" content=\"summary_large_image\" \/>\n<meta name=\"twitter:label1\" content=\"Estimeret l\u00e6setid\" \/>\n\t<meta name=\"twitter:data1\" content=\"2 minutter\" \/>\n<script type=\"application\/ld+json\" class=\"yoast-schema-graph\">{\"@context\":\"https:\/\/schema.org\",\"@graph\":[{\"@type\":\"WebPage\",\"@id\":\"https:\/\/www.gdirekt.se\/da\/produkt\/maeglerskilte\/\",\"url\":\"https:\/\/www.gdirekt.se\/da\/produkt\/maeglerskilte\/\",\"name\":\"M\u00e6glerskiltei kanalplast til lav pris, bestil med | Gdirekt.se\",\"isPartOf\":{\"@id\":\"https:\/\/www.gdirekt.se\/#website\"},\"primaryImageOfPage\":{\"@id\":\"https:\/\/www.gdirekt.se\/da\/produkt\/maeglerskilte\/#primaryimage\"},\"image\":{\"@id\":\"https:\/\/www.gdirekt.se\/da\/produkt\/maeglerskilte\/#primaryimage\"},\"thumbnailUrl\":\"https:\/\/www.gdirekt.se\/wp-content\/uploads\/maklarskylt.png\",\"datePublished\":\"2015-10-27T15:35:00+00:00\",\"dateModified\":\"2019-01-16T15:07:59+00:00\",\"description\":\"M\u00e6glerskilte i 5mm tyk kanalplast viser vejen til fremvisningen af et hus! Vores egne dobbeltsidede holdbare skilte til udend\u00f8rsbrug er trykt med milj\u00f8venlig farve, der er inkluderet, n\u00e5r I bestiller hos Gdirekt.\",\"breadcrumb\":{\"@id\":\"https:\/\/www.gdirekt.se\/da\/produkt\/maeglerskilte\/#breadcrumb\"},\"inLanguage\":\"da-DK\",\"potentialAction\":[{\"@type\":\"ReadAction\",\"target\":[\"https:\/\/www.gdirekt.se\/da\/produkt\/maeglerskilte\/\"]}]},{\"@type\":\"ImageObject\",\"inLanguage\":\"da-DK\",\"@id\":\"https:\/\/www.gdirekt.se\/da\/produkt\/maeglerskilte\/#primaryimage\",\"url\":\"https:\/\/www.gdirekt.se\/wp-content\/uploads\/maklarskylt.png\",\"contentUrl\":\"https:\/\/www.gdirekt.se\/wp-content\/uploads\/maklarskylt.png\",\"width\":1000,\"height\":1000,\"caption\":\"Milj\u00f8venlige m\u00e6glerskilte til visninger\"},{\"@type\":\"BreadcrumbList\",\"@id\":\"https:\/\/www.gdirekt.se\/da\/produkt\/maeglerskilte\/#breadcrumb\",\"itemListElement\":[{\"@type\":\"ListItem\",\"position\":1,\"name\":\"Hem\",\"item\":\"https:\/\/www.gdirekt.se\/da\/\"},{\"@type\":\"ListItem\",\"position\":2,\"name\":\"Start\",\"item\":\"https:\/\/www.gdirekt.se\/da\/\"},{\"@type\":\"ListItem\",\"position\":3,\"name\":\"M\u00e6glerskilte\"}]},{\"@type\":\"WebSite\",\"@id\":\"https:\/\/www.gdirekt.se\/#website\",\"url\":\"https:\/\/www.gdirekt.se\/\",\"name\":\"Gdirekt.se\",\"description\":\"Tryck snabbt \u00e5 l\u00e4tt = Gdirekt\",\"potentialAction\":[{\"@type\":\"SearchAction\",\"target\":{\"@type\":\"EntryPoint\",\"urlTemplate\":\"https:\/\/www.gdirekt.se\/?s={search_term_string}\"},\"query-input\":{\"@type\":\"PropertyValueSpecification\",\"valueRequired\":true,\"valueName\":\"search_term_string\"}}],\"inLanguage\":\"da-DK\"}]}<\/script>\n<!-- \/ Yoast SEO plugin. -->","yoast_head_json":{"title":"M\u00e6glerskiltei kanalplast til lav pris, bestil med | Gdirekt.se","description":"M\u00e6glerskilte i 5mm tyk kanalplast viser vejen til fremvisningen af et hus! Vores egne dobbeltsidede holdbare skilte til udend\u00f8rsbrug er trykt med milj\u00f8venlig farve, der er inkluderet, n\u00e5r I bestiller hos Gdirekt.","robots":{"index":"index","follow":"follow","max-snippet":"max-snippet:-1","max-image-preview":"max-image-preview:large","max-video-preview":"max-video-preview:-1"},"canonical":"https:\/\/www.gdirekt.se\/da\/produkt\/maeglerskilte\/","og_locale":"da_DK","og_type":"article","og_title":"M\u00e6glerskiltei kanalplast til lav pris, bestil med | Gdirekt.se","og_description":"M\u00e6glerskilte i 5mm tyk kanalplast viser vejen til fremvisningen af et hus! Vores egne dobbeltsidede holdbare skilte til udend\u00f8rsbrug er trykt med milj\u00f8venlig farve, der er inkluderet, n\u00e5r I bestiller hos Gdirekt.","og_url":"https:\/\/www.gdirekt.se\/da\/produkt\/maeglerskilte\/","og_site_name":"Gdirekt.se","article_modified_time":"2019-01-16T15:07:59+00:00","og_image":[{"width":1000,"height":1000,"url":"https:\/\/www.gdirekt.se\/wp-content\/uploads\/maklarskylt.png","type":"image\/png"}],"twitter_card":"summary_large_image","twitter_misc":{"Estimeret l\u00e6setid":"2 minutter"},"schema":{"@context":"https:\/\/schema.org","@graph":[{"@type":"WebPage","@id":"https:\/\/www.gdirekt.se\/da\/produkt\/maeglerskilte\/","url":"https:\/\/www.gdirekt.se\/da\/produkt\/maeglerskilte\/","name":"M\u00e6glerskiltei kanalplast til lav pris, bestil med | Gdirekt.se","isPartOf":{"@id":"https:\/\/www.gdirekt.se\/#website"},"primaryImageOfPage":{"@id":"https:\/\/www.gdirekt.se\/da\/produkt\/maeglerskilte\/#primaryimage"},"image":{"@id":"https:\/\/www.gdirekt.se\/da\/produkt\/maeglerskilte\/#primaryimage"},"thumbnailUrl":"https:\/\/www.gdirekt.se\/wp-content\/uploads\/maklarskylt.png","datePublished":"2015-10-27T15:35:00+00:00","dateModified":"2019-01-16T15:07:59+00:00","description":"M\u00e6glerskilte i 5mm tyk kanalplast viser vejen til fremvisningen af et hus! Vores egne dobbeltsidede holdbare skilte til udend\u00f8rsbrug er trykt med milj\u00f8venlig farve, der er inkluderet, n\u00e5r I bestiller hos Gdirekt.","breadcrumb":{"@id":"https:\/\/www.gdirekt.se\/da\/produkt\/maeglerskilte\/#breadcrumb"},"inLanguage":"da-DK","potentialAction":[{"@type":"ReadAction","target":["https:\/\/www.gdirekt.se\/da\/produkt\/maeglerskilte\/"]}]},{"@type":"ImageObject","inLanguage":"da-DK","@id":"https:\/\/www.gdirekt.se\/da\/produkt\/maeglerskilte\/#primaryimage","url":"https:\/\/www.gdirekt.se\/wp-content\/uploads\/maklarskylt.png","contentUrl":"https:\/\/www.gdirekt.se\/wp-content\/uploads\/maklarskylt.png","width":1000,"height":1000,"caption":"Milj\u00f8venlige m\u00e6glerskilte til visninger"},{"@type":"BreadcrumbList","@id":"https:\/\/www.gdirekt.se\/da\/produkt\/maeglerskilte\/#breadcrumb","itemListElement":[{"@type":"ListItem","position":1,"name":"Hem","item":"https:\/\/www.gdirekt.se\/da\/"},{"@type":"ListItem","position":2,"name":"Start","item":"https:\/\/www.gdirekt.se\/da\/"},{"@type":"ListItem","position":3,"name":"M\u00e6glerskilte"}]},{"@type":"WebSite","@id":"https:\/\/www.gdirekt.se\/#website","url":"https:\/\/www.gdirekt.se\/","name":"Gdirekt.se","description":"Tryck snabbt \u00e5 l\u00e4tt = Gdirekt","potentialAction":[{"@type":"SearchAction","target":{"@type":"EntryPoint","urlTemplate":"https:\/\/www.gdirekt.se\/?s={search_term_string}"},"query-input":{"@type":"PropertyValueSpecification","valueRequired":true,"valueName":"search_term_string"}}],"inLanguage":"da-DK"}]}},"_links":{"self":[{"href":"https:\/\/www.gdirekt.se\/da\/wp-json\/wp\/v2\/product\/10033","targetHints":{"allow":["GET"]}}],"collection":[{"href":"https:\/\/www.gdirekt.se\/da\/wp-json\/wp\/v2\/product"}],"about":[{"href":"https:\/\/www.gdirekt.se\/da\/wp-json\/wp\/v2\/types\/product"}],"wp:featuredmedia":[{"embeddable":true,"href":"https:\/\/www.gdirekt.se\/da\/wp-json\/wp\/v2\/media\/8315"}],"wp:attachment":[{"href":"https:\/\/www.gdirekt.se\/da\/wp-json\/wp\/v2\/media?parent=10033"}],"wp:term":[{"taxonomy":"product_brand","embeddable":true,"href":"https:\/\/www.gdirekt.se\/da\/wp-json\/wp\/v2\/product_brand?post=10033"},{"taxonomy":"product_cat","embeddable":true,"href":"https:\/\/www.gdirekt.se\/da\/wp-json\/wp\/v2\/product_cat?post=10033"},{"taxonomy":"product_tag","embeddable":true,"href":"https:\/\/www.gdirekt.se\/da\/wp-json\/wp\/v2\/product_tag?post=10033"}],"curies":[{"name":"wp","href":"https:\/\/api.w.org\/{rel}","templated":true}]}}