{"id":10014,"date":"2017-01-09T10:53:04","date_gmt":"2017-01-09T09:53:04","guid":{"rendered":"http:\/\/gdirekt.hamstage.hamrenmedia.se\/produkt\/kartonskilt\/"},"modified":"2017-01-09T10:53:04","modified_gmt":"2017-01-09T09:53:04","slug":"kartonskilt","status":"publish","type":"product","link":"https:\/\/www.gdirekt.se\/da\/produkt\/kartonskilt\/","title":{"rendered":"Kartonskilt"},"content":{"rendered":"<p><span lang=\"DA\">Kartonskilt med eget tryk til butiksindretning eller reklamedisplay. Bestil et skilt, der er plantrykt p\u00e5 karton med en tykkelse p\u00e5 800 g, til kampagneskilte eller udsalgsskilte. Vi trykker fotos, billeder og tekster i h\u00f8jeste kvalitet, og farverne er milj\u00f8venlige. Kartonets overflade er fin og glat. N\u00e5r man taler om kartonets v\u00e6gt, vejer en kvadratmeter 800 g.<\/span><\/p>\n<p><span lang=\"DA\">Kartonskiltenes st\u00f8rrelser er A4, A3, 35 x 50 cm, 50 x 70 cm og 70 x 100 cm.Disse m\u00e5l og tykkelser, som I kan bestille, er standard, men hos Gdirekt kan du naturligvis k\u00f8be kartonskilte i andre st\u00f8rrelser og oplag. Vi har ogs\u00e5 andre tykkelser 350 g, 500 g, 800 g og 1100 g.<\/span><\/p>\n<p><strong><span lang=\"DA\">Ved st\u00f8rre oplag, andre formater og tykkelser kan I kontakte os for at f\u00e5 et tilbud: info@gdirekt.se<\/span><\/strong><\/p>\n<p><span lang=\"DA\">Og er I p\u00e5 udkig efter andre skilte end kartonskilte, kan I kigge p\u00e5 vores udvalg under kategorien<span class=\"apple-converted-space\">\u00a0<\/span><\/span><span lang=\"DA\"><a href=\"https:\/\/www.gdirekt.se\/produkt-kategori\/skyltar\/\"><i>skilte<\/i><\/a><\/span><span lang=\"DA\">. At man v\u00e6lger at k\u00f8be kartonskilte afh\u00e6nger af flere ting. Den almindeligste \u00e5rsag er, at kartonmaterialet er blandt de billigste alternativer, n\u00e5r det drejer sig om at trykke skilte. Og hvis man skal k\u00f8re en kampagne i en kortere periode, er dette materialevalg tilstr\u00e6kkeligt til form\u00e5let. Hvis det skal v\u00e6re permanente skilte, b\u00f8r man v\u00e6lge et andet materiale som f.eks. plast eller metal. Disse materialer holder l\u00e6ngere og kan ogs\u00e5 bedre t\u00e5le fugt. Kartonskiltene kan ogs\u00e5 bestilles med dobbeltsidet tryk i alle farver eller med sort\/hvidt tryk. Vi bruger en digital trykteknik med UV-farver, som er det milj\u00f8venlige alternativ. Farverne indeholder nemlig ingen opl\u00f8sningsmidler.<\/span><\/p>\n<p><span lang=\"DA\">Selve trykkvaliteten er den bedste, der findes p\u00e5 markedet, inden for plantryk. Tekster bliver skarpe, og billedernes farvegengivelse bliver rigtig god. Hvis I vil se mere af, hvad vi kan lave, kan I altid g\u00e5 ind p\u00e5 vores moderselskab<span class=\"apple-converted-space\">\u00a0<\/span><\/span><span lang=\"DA\"><a href=\"http:\/\/www.gigantprint.se\/\"><i>Gigantprints hjemmeside<\/i><\/a><\/span><span lang=\"DA\">.<\/span><\/p>\n","protected":false},"excerpt":{"rendered":"<p>Kartonskilt med eget tryk til butiksindretning eller reklamedisplay. Bestil et skilt, der er plantrykt p\u00e5 karton med en tykkelse p\u00e5 800 g, til kampagneskilte eller udsalgsskilte. V\u00e6lg st\u00f8rrelse nedenfor, og kontakt os ved \u00f8nske om andre formater, former og oplag.<\/p>\n","protected":false},"featured_media":8414,"template":"","meta":{"_acf_changed":false},"product_brand":[],"product_cat":[378],"product_tag":[],"class_list":{"0":"post-10014","1":"product","2":"type-product","3":"status-publish","4":"has-post-thumbnail","6":"product_cat-skilte","8":"first","9":"instock","10":"taxable","11":"shipping-taxable","12":"purchasable","13":"product-type-variable","14":"has-default-attributes"},"exclude_global_add_ons":[],"addons":[],"acf":[],"yoast_head":"<!-- This site is optimized with the Yoast SEO plugin v27.2 - https:\/\/yoast.com\/product\/yoast-seo-wordpress\/ -->\n<title>Kartonskilt, bestil dit eget trykte design som en rea | Gdirekt.se<\/title>\n<meta name=\"description\" content=\"Kartonskilt med eget tryk til butiksindretning eller reklamedisplay. Bestil et skilt, der er plantrykt p\u00e5 karton, til kampagneskilte eller udsalgsskilte. En trykskabelon kan downloades gratis, og farvetryk er inkluderet i prisen. Derudover leverer vi hurtigt med sporbar fragt til virksomheder og foreninger.\" \/>\n<meta name=\"robots\" content=\"index, follow, max-snippet:-1, max-image-preview:large, max-video-preview:-1\" \/>\n<link rel=\"canonical\" href=\"https:\/\/www.gdirekt.se\/da\/produkt\/kartonskilt\/\" \/>\n<meta property=\"og:locale\" content=\"da_DK\" \/>\n<meta property=\"og:type\" content=\"article\" \/>\n<meta property=\"og:title\" content=\"Kartonskilt, bestil dit eget trykte design som en rea | Gdirekt.se\" \/>\n<meta property=\"og:description\" content=\"Kartonskilt med eget tryk til butiksindretning eller reklamedisplay. Bestil et skilt, der er plantrykt p\u00e5 karton, til kampagneskilte eller udsalgsskilte. En trykskabelon kan downloades gratis, og farvetryk er inkluderet i prisen. Derudover leverer vi hurtigt med sporbar fragt til virksomheder og foreninger.\" \/>\n<meta property=\"og:url\" content=\"https:\/\/www.gdirekt.se\/da\/produkt\/kartonskilt\/\" \/>\n<meta property=\"og:site_name\" content=\"Gdirekt.se\" \/>\n<meta property=\"og:image\" content=\"https:\/\/www.gdirekt.se\/wp-content\/uploads\/kartongskyltar.png\" \/>\n\t<meta property=\"og:image:width\" content=\"1000\" \/>\n\t<meta property=\"og:image:height\" content=\"1000\" \/>\n\t<meta property=\"og:image:type\" content=\"image\/png\" \/>\n<meta name=\"twitter:card\" content=\"summary_large_image\" \/>\n<meta name=\"twitter:label1\" content=\"Estimeret l\u00e6setid\" \/>\n\t<meta name=\"twitter:data1\" content=\"2 minutter\" \/>\n<script type=\"application\/ld+json\" class=\"yoast-schema-graph\">{\"@context\":\"https:\/\/schema.org\",\"@graph\":[{\"@type\":\"WebPage\",\"@id\":\"https:\/\/www.gdirekt.se\/da\/produkt\/kartonskilt\/\",\"url\":\"https:\/\/www.gdirekt.se\/da\/produkt\/kartonskilt\/\",\"name\":\"Kartonskilt, bestil dit eget trykte design som en rea | Gdirekt.se\",\"isPartOf\":{\"@id\":\"https:\/\/www.gdirekt.se\/#website\"},\"primaryImageOfPage\":{\"@id\":\"https:\/\/www.gdirekt.se\/da\/produkt\/kartonskilt\/#primaryimage\"},\"image\":{\"@id\":\"https:\/\/www.gdirekt.se\/da\/produkt\/kartonskilt\/#primaryimage\"},\"thumbnailUrl\":\"https:\/\/www.gdirekt.se\/wp-content\/uploads\/kartongskyltar.png\",\"datePublished\":\"2017-01-09T09:53:04+00:00\",\"description\":\"Kartonskilt med eget tryk til butiksindretning eller reklamedisplay. Bestil et skilt, der er plantrykt p\u00e5 karton, til kampagneskilte eller udsalgsskilte. En trykskabelon kan downloades gratis, og farvetryk er inkluderet i prisen. Derudover leverer vi hurtigt med sporbar fragt til virksomheder og foreninger.\",\"breadcrumb\":{\"@id\":\"https:\/\/www.gdirekt.se\/da\/produkt\/kartonskilt\/#breadcrumb\"},\"inLanguage\":\"da-DK\",\"potentialAction\":[{\"@type\":\"ReadAction\",\"target\":[\"https:\/\/www.gdirekt.se\/da\/produkt\/kartonskilt\/\"]}]},{\"@type\":\"ImageObject\",\"inLanguage\":\"da-DK\",\"@id\":\"https:\/\/www.gdirekt.se\/da\/produkt\/kartonskilt\/#primaryimage\",\"url\":\"https:\/\/www.gdirekt.se\/wp-content\/uploads\/kartongskyltar.png\",\"contentUrl\":\"https:\/\/www.gdirekt.se\/wp-content\/uploads\/kartongskyltar.png\",\"width\":1000,\"height\":1000,\"caption\":\"Plant print p\u00e5 pap karton\"},{\"@type\":\"BreadcrumbList\",\"@id\":\"https:\/\/www.gdirekt.se\/da\/produkt\/kartonskilt\/#breadcrumb\",\"itemListElement\":[{\"@type\":\"ListItem\",\"position\":1,\"name\":\"Hem\",\"item\":\"https:\/\/www.gdirekt.se\/da\/\"},{\"@type\":\"ListItem\",\"position\":2,\"name\":\"Start\",\"item\":\"https:\/\/www.gdirekt.se\/da\/\"},{\"@type\":\"ListItem\",\"position\":3,\"name\":\"Kartonskilt\"}]},{\"@type\":\"WebSite\",\"@id\":\"https:\/\/www.gdirekt.se\/#website\",\"url\":\"https:\/\/www.gdirekt.se\/\",\"name\":\"Gdirekt.se\",\"description\":\"Tryck snabbt \u00e5 l\u00e4tt = Gdirekt\",\"potentialAction\":[{\"@type\":\"SearchAction\",\"target\":{\"@type\":\"EntryPoint\",\"urlTemplate\":\"https:\/\/www.gdirekt.se\/?s={search_term_string}\"},\"query-input\":{\"@type\":\"PropertyValueSpecification\",\"valueRequired\":true,\"valueName\":\"search_term_string\"}}],\"inLanguage\":\"da-DK\"}]}<\/script>\n<!-- \/ Yoast SEO plugin. -->","yoast_head_json":{"title":"Kartonskilt, bestil dit eget trykte design som en rea | Gdirekt.se","description":"Kartonskilt med eget tryk til butiksindretning eller reklamedisplay. Bestil et skilt, der er plantrykt p\u00e5 karton, til kampagneskilte eller udsalgsskilte. En trykskabelon kan downloades gratis, og farvetryk er inkluderet i prisen. Derudover leverer vi hurtigt med sporbar fragt til virksomheder og foreninger.","robots":{"index":"index","follow":"follow","max-snippet":"max-snippet:-1","max-image-preview":"max-image-preview:large","max-video-preview":"max-video-preview:-1"},"canonical":"https:\/\/www.gdirekt.se\/da\/produkt\/kartonskilt\/","og_locale":"da_DK","og_type":"article","og_title":"Kartonskilt, bestil dit eget trykte design som en rea | Gdirekt.se","og_description":"Kartonskilt med eget tryk til butiksindretning eller reklamedisplay. Bestil et skilt, der er plantrykt p\u00e5 karton, til kampagneskilte eller udsalgsskilte. En trykskabelon kan downloades gratis, og farvetryk er inkluderet i prisen. Derudover leverer vi hurtigt med sporbar fragt til virksomheder og foreninger.","og_url":"https:\/\/www.gdirekt.se\/da\/produkt\/kartonskilt\/","og_site_name":"Gdirekt.se","og_image":[{"width":1000,"height":1000,"url":"https:\/\/www.gdirekt.se\/wp-content\/uploads\/kartongskyltar.png","type":"image\/png"}],"twitter_card":"summary_large_image","twitter_misc":{"Estimeret l\u00e6setid":"2 minutter"},"schema":{"@context":"https:\/\/schema.org","@graph":[{"@type":"WebPage","@id":"https:\/\/www.gdirekt.se\/da\/produkt\/kartonskilt\/","url":"https:\/\/www.gdirekt.se\/da\/produkt\/kartonskilt\/","name":"Kartonskilt, bestil dit eget trykte design som en rea | Gdirekt.se","isPartOf":{"@id":"https:\/\/www.gdirekt.se\/#website"},"primaryImageOfPage":{"@id":"https:\/\/www.gdirekt.se\/da\/produkt\/kartonskilt\/#primaryimage"},"image":{"@id":"https:\/\/www.gdirekt.se\/da\/produkt\/kartonskilt\/#primaryimage"},"thumbnailUrl":"https:\/\/www.gdirekt.se\/wp-content\/uploads\/kartongskyltar.png","datePublished":"2017-01-09T09:53:04+00:00","description":"Kartonskilt med eget tryk til butiksindretning eller reklamedisplay. Bestil et skilt, der er plantrykt p\u00e5 karton, til kampagneskilte eller udsalgsskilte. En trykskabelon kan downloades gratis, og farvetryk er inkluderet i prisen. Derudover leverer vi hurtigt med sporbar fragt til virksomheder og foreninger.","breadcrumb":{"@id":"https:\/\/www.gdirekt.se\/da\/produkt\/kartonskilt\/#breadcrumb"},"inLanguage":"da-DK","potentialAction":[{"@type":"ReadAction","target":["https:\/\/www.gdirekt.se\/da\/produkt\/kartonskilt\/"]}]},{"@type":"ImageObject","inLanguage":"da-DK","@id":"https:\/\/www.gdirekt.se\/da\/produkt\/kartonskilt\/#primaryimage","url":"https:\/\/www.gdirekt.se\/wp-content\/uploads\/kartongskyltar.png","contentUrl":"https:\/\/www.gdirekt.se\/wp-content\/uploads\/kartongskyltar.png","width":1000,"height":1000,"caption":"Plant print p\u00e5 pap karton"},{"@type":"BreadcrumbList","@id":"https:\/\/www.gdirekt.se\/da\/produkt\/kartonskilt\/#breadcrumb","itemListElement":[{"@type":"ListItem","position":1,"name":"Hem","item":"https:\/\/www.gdirekt.se\/da\/"},{"@type":"ListItem","position":2,"name":"Start","item":"https:\/\/www.gdirekt.se\/da\/"},{"@type":"ListItem","position":3,"name":"Kartonskilt"}]},{"@type":"WebSite","@id":"https:\/\/www.gdirekt.se\/#website","url":"https:\/\/www.gdirekt.se\/","name":"Gdirekt.se","description":"Tryck snabbt \u00e5 l\u00e4tt = Gdirekt","potentialAction":[{"@type":"SearchAction","target":{"@type":"EntryPoint","urlTemplate":"https:\/\/www.gdirekt.se\/?s={search_term_string}"},"query-input":{"@type":"PropertyValueSpecification","valueRequired":true,"valueName":"search_term_string"}}],"inLanguage":"da-DK"}]}},"_links":{"self":[{"href":"https:\/\/www.gdirekt.se\/da\/wp-json\/wp\/v2\/product\/10014","targetHints":{"allow":["GET"]}}],"collection":[{"href":"https:\/\/www.gdirekt.se\/da\/wp-json\/wp\/v2\/product"}],"about":[{"href":"https:\/\/www.gdirekt.se\/da\/wp-json\/wp\/v2\/types\/product"}],"wp:featuredmedia":[{"embeddable":true,"href":"https:\/\/www.gdirekt.se\/da\/wp-json\/wp\/v2\/media\/8414"}],"wp:attachment":[{"href":"https:\/\/www.gdirekt.se\/da\/wp-json\/wp\/v2\/media?parent=10014"}],"wp:term":[{"taxonomy":"product_brand","embeddable":true,"href":"https:\/\/www.gdirekt.se\/da\/wp-json\/wp\/v2\/product_brand?post=10014"},{"taxonomy":"product_cat","embeddable":true,"href":"https:\/\/www.gdirekt.se\/da\/wp-json\/wp\/v2\/product_cat?post=10014"},{"taxonomy":"product_tag","embeddable":true,"href":"https:\/\/www.gdirekt.se\/da\/wp-json\/wp\/v2\/product_tag?post=10014"}],"curies":[{"name":"wp","href":"https:\/\/api.w.org\/{rel}","templated":true}]}}