{"id":10003,"date":"2017-01-13T16:53:18","date_gmt":"2017-01-13T15:53:18","guid":{"rendered":"http:\/\/gdirekt.hamstage.hamrenmedia.se\/produkt\/kanalplastskilt\/"},"modified":"2018-11-13T08:42:45","modified_gmt":"2018-11-13T07:42:45","slug":"kanalplastskilt","status":"publish","type":"product","link":"https:\/\/www.gdirekt.se\/da\/produkt\/kanalplastskilt\/","title":{"rendered":"Kanalplastskilt"},"content":{"rendered":"<p><span lang=\"DA\">Kanalplastskilte bruges oftest til<span class=\"apple-converted-space\">\u00a0<\/span><\/span><span lang=\"DA\"><a href=\"https:\/\/www.gdirekt.se\/butik\/ramar-hallare\/maklarskyltar\/\"><i>m\u00e6glerskilte<\/i><\/a><\/span><span lang=\"DA\">og fremvisningsskilte. Men disse trykte skilte fungerer ogs\u00e5 godt som parkeringsskilte, udsalgsskilte m.v., og I kan designe jeres eget skilt helt efter egne \u00f8nsker. Her har vi udvalgt nogle standardm\u00e5l, men vi hj\u00e6lper jer ogs\u00e5 gerne med andre formater og st\u00f8rrelser. Hvis I har behov for at kontursk\u00e6re kanalplastskiltene, l\u00f8ser vi det. Disse plastskilte egner sig s\u00e6rdeles godt som skilte, der skal s\u00e6ttes op i byer, eksempelvis i lygtep\u00e6le. I s\u00e5 fald borer vi huller, s\u00e5 man kan tr\u00e6kke en snor igennem, der kan fastg\u00f8res rundt om lygtep\u00e6lene. De k\u00f8bte skilte i kanalplast holder godt udend\u00f8rs i regn og sol. De blegner ikke, da vi bruger milj\u00f8venlig UV-farve i vores trykkeri.<\/span><\/p>\n<p><span lang=\"DA\">I kan bestille en r\u00e6kke standardm\u00e5l i st\u00f8rrelserne A4 (21 x 29,7 cm), A3 (29,7 x 42 cm), 35 x 50 cm, 50 x 70 cm samt 70 x 100 cm. Men det er ikke noget problem at bestille kanalplastskilte i valgfri m\u00e5l, og st\u00f8rrelserne kan v\u00e6re store, sm\u00e5, lange, smalle eller tilmed runde figurer.<\/span><\/p>\n<p><span lang=\"DA\">Materialerne f\u00e5s i f\u00f8lgende st\u00f8rrelser:<\/span><\/p>\n<p><span lang=\"DA\">Kanalplast\u00a03 mm tykt: 320 x 160 cm<\/span><\/p>\n<p><span lang=\"DA\">Kanalplast\u00a03 mm tykt: 205 x 160 cm<\/span><\/p>\n<p><span lang=\"DA\">Kanalplast\u00a05 mm tykt:320 x 102,5 cm<\/span><\/p>\n<p><strong><span lang=\"DA\">Ved st\u00f8rre oplag eller kanalplastskilte i andre st\u00f8rrelser kan I kontakte os for at f\u00e5 et tilbud:<\/span><\/strong><span class=\"apple-converted-space\"><b><span lang=\"DA\">\u00a0<\/span><\/b><\/span><span lang=\"DA\"><a><i>info@gdirekt.se<\/i><\/a><\/span><\/p>\n<p><span lang=\"DA\">Kanalplastskilte bruges ofte ved husfremvisninger og ogs\u00e5 som byggeskilte ved husbyggerier for at vise, hvilket byggefirma det er. Det kan ogs\u00e5 v\u00e6re en god id\u00e9 at bestille disse plastskilte som henvisningsskilte p\u00e5 byggepladsen, s\u00e5 leverancerne leveres det rette sted. Det er muligt at fastg\u00f8re disse kanalplastskilte p\u00e5 forskellige m\u00e5der. Et alternativ er helt enkelt at s\u00f8mme dem op p\u00e5 en husfacade eller montere dem med en skrue i hvert hj\u00f8rne. Det er ogs\u00e5 muligt at k\u00f8be skilteholdere hos os, og de kan bestilles p\u00e5<span class=\"apple-converted-space\">\u00a0<\/span><\/span><span lang=\"DA\"><a href=\"https:\/\/www.gdirekt.se\/produkt\/skylthallare-kanalplast-vit\/\"><i>denne side<\/i><\/a><\/span><span lang=\"DA\">.<\/span><\/p>\n","protected":false},"excerpt":{"rendered":"<p>Kanalplastskilt bestilles til m\u00e6glerskilte og fremvisningsskilte. Godt udend\u00f8rsskilt til regn og sol. Kanalplastskilte er billige skilte, der kan k\u00f8bes online.<\/p>\n","protected":false},"featured_media":8443,"template":"","meta":{"_acf_changed":false},"product_brand":[],"product_cat":[378],"product_tag":[],"class_list":{"0":"post-10003","1":"product","2":"type-product","3":"status-publish","4":"has-post-thumbnail","6":"product_cat-skilte","8":"first","9":"instock","10":"taxable","11":"shipping-taxable","12":"purchasable","13":"product-type-variable","14":"has-default-attributes"},"exclude_global_add_ons":[],"addons":[],"acf":[],"yoast_head":"<!-- This site is optimized with the Yoast SEO plugin v27.2 - https:\/\/yoast.com\/product\/yoast-seo-wordpress\/ -->\n<title>Kanalplastskilt, m\u00e6glerplade, visningsskilt trykt log | Gdirekt.se<\/title>\n<meta name=\"description\" content=\"Kanalplastskilt bestilles til m\u00e6glerskilte og fremvisningsskilte. Godt udend\u00f8rsskilt til regn og sol. Kanalplastskilte er billige skilte, der kan k\u00f8bes online. Egne trykte billeder, tekster og logoer er inkluderet i prisen.\" \/>\n<meta name=\"robots\" content=\"index, follow, max-snippet:-1, max-image-preview:large, max-video-preview:-1\" \/>\n<link rel=\"canonical\" href=\"https:\/\/www.gdirekt.se\/da\/produkt\/kanalplastskilt\/\" \/>\n<meta property=\"og:locale\" content=\"da_DK\" \/>\n<meta property=\"og:type\" content=\"article\" \/>\n<meta property=\"og:title\" content=\"Kanalplastskilt, m\u00e6glerplade, visningsskilt trykt log | Gdirekt.se\" \/>\n<meta property=\"og:description\" content=\"Kanalplastskilt bestilles til m\u00e6glerskilte og fremvisningsskilte. Godt udend\u00f8rsskilt til regn og sol. Kanalplastskilte er billige skilte, der kan k\u00f8bes online. Egne trykte billeder, tekster og logoer er inkluderet i prisen.\" \/>\n<meta property=\"og:url\" content=\"https:\/\/www.gdirekt.se\/da\/produkt\/kanalplastskilt\/\" \/>\n<meta property=\"og:site_name\" content=\"Gdirekt.se\" \/>\n<meta property=\"article:modified_time\" content=\"2018-11-13T07:42:45+00:00\" \/>\n<meta property=\"og:image\" content=\"https:\/\/www.gdirekt.se\/wp-content\/uploads\/kanalplastskylt.png\" \/>\n\t<meta property=\"og:image:width\" content=\"1000\" \/>\n\t<meta property=\"og:image:height\" content=\"1000\" \/>\n\t<meta property=\"og:image:type\" content=\"image\/png\" \/>\n<meta name=\"twitter:card\" content=\"summary_large_image\" \/>\n<meta name=\"twitter:label1\" content=\"Estimeret l\u00e6setid\" \/>\n\t<meta name=\"twitter:data1\" content=\"2 minutter\" \/>\n<script type=\"application\/ld+json\" class=\"yoast-schema-graph\">{\"@context\":\"https:\/\/schema.org\",\"@graph\":[{\"@type\":\"WebPage\",\"@id\":\"https:\/\/www.gdirekt.se\/da\/produkt\/kanalplastskilt\/\",\"url\":\"https:\/\/www.gdirekt.se\/da\/produkt\/kanalplastskilt\/\",\"name\":\"Kanalplastskilt, m\u00e6glerplade, visningsskilt trykt log | Gdirekt.se\",\"isPartOf\":{\"@id\":\"https:\/\/www.gdirekt.se\/#website\"},\"primaryImageOfPage\":{\"@id\":\"https:\/\/www.gdirekt.se\/da\/produkt\/kanalplastskilt\/#primaryimage\"},\"image\":{\"@id\":\"https:\/\/www.gdirekt.se\/da\/produkt\/kanalplastskilt\/#primaryimage\"},\"thumbnailUrl\":\"https:\/\/www.gdirekt.se\/wp-content\/uploads\/kanalplastskylt.png\",\"datePublished\":\"2017-01-13T15:53:18+00:00\",\"dateModified\":\"2018-11-13T07:42:45+00:00\",\"description\":\"Kanalplastskilt bestilles til m\u00e6glerskilte og fremvisningsskilte. Godt udend\u00f8rsskilt til regn og sol. Kanalplastskilte er billige skilte, der kan k\u00f8bes online. Egne trykte billeder, tekster og logoer er inkluderet i prisen.\",\"breadcrumb\":{\"@id\":\"https:\/\/www.gdirekt.se\/da\/produkt\/kanalplastskilt\/#breadcrumb\"},\"inLanguage\":\"da-DK\",\"potentialAction\":[{\"@type\":\"ReadAction\",\"target\":[\"https:\/\/www.gdirekt.se\/da\/produkt\/kanalplastskilt\/\"]}]},{\"@type\":\"ImageObject\",\"inLanguage\":\"da-DK\",\"@id\":\"https:\/\/www.gdirekt.se\/da\/produkt\/kanalplastskilt\/#primaryimage\",\"url\":\"https:\/\/www.gdirekt.se\/wp-content\/uploads\/kanalplastskylt.png\",\"contentUrl\":\"https:\/\/www.gdirekt.se\/wp-content\/uploads\/kanalplastskylt.png\",\"width\":1000,\"height\":1000,\"caption\":\"Kanalplastskilt i plast\"},{\"@type\":\"BreadcrumbList\",\"@id\":\"https:\/\/www.gdirekt.se\/da\/produkt\/kanalplastskilt\/#breadcrumb\",\"itemListElement\":[{\"@type\":\"ListItem\",\"position\":1,\"name\":\"Hem\",\"item\":\"https:\/\/www.gdirekt.se\/da\/\"},{\"@type\":\"ListItem\",\"position\":2,\"name\":\"Start\",\"item\":\"https:\/\/www.gdirekt.se\/da\/\"},{\"@type\":\"ListItem\",\"position\":3,\"name\":\"Kanalplastskilt\"}]},{\"@type\":\"WebSite\",\"@id\":\"https:\/\/www.gdirekt.se\/#website\",\"url\":\"https:\/\/www.gdirekt.se\/\",\"name\":\"Gdirekt.se\",\"description\":\"Tryck snabbt \u00e5 l\u00e4tt = Gdirekt\",\"potentialAction\":[{\"@type\":\"SearchAction\",\"target\":{\"@type\":\"EntryPoint\",\"urlTemplate\":\"https:\/\/www.gdirekt.se\/?s={search_term_string}\"},\"query-input\":{\"@type\":\"PropertyValueSpecification\",\"valueRequired\":true,\"valueName\":\"search_term_string\"}}],\"inLanguage\":\"da-DK\"}]}<\/script>\n<!-- \/ Yoast SEO plugin. -->","yoast_head_json":{"title":"Kanalplastskilt, m\u00e6glerplade, visningsskilt trykt log | Gdirekt.se","description":"Kanalplastskilt bestilles til m\u00e6glerskilte og fremvisningsskilte. Godt udend\u00f8rsskilt til regn og sol. Kanalplastskilte er billige skilte, der kan k\u00f8bes online. Egne trykte billeder, tekster og logoer er inkluderet i prisen.","robots":{"index":"index","follow":"follow","max-snippet":"max-snippet:-1","max-image-preview":"max-image-preview:large","max-video-preview":"max-video-preview:-1"},"canonical":"https:\/\/www.gdirekt.se\/da\/produkt\/kanalplastskilt\/","og_locale":"da_DK","og_type":"article","og_title":"Kanalplastskilt, m\u00e6glerplade, visningsskilt trykt log | Gdirekt.se","og_description":"Kanalplastskilt bestilles til m\u00e6glerskilte og fremvisningsskilte. Godt udend\u00f8rsskilt til regn og sol. Kanalplastskilte er billige skilte, der kan k\u00f8bes online. Egne trykte billeder, tekster og logoer er inkluderet i prisen.","og_url":"https:\/\/www.gdirekt.se\/da\/produkt\/kanalplastskilt\/","og_site_name":"Gdirekt.se","article_modified_time":"2018-11-13T07:42:45+00:00","og_image":[{"width":1000,"height":1000,"url":"https:\/\/www.gdirekt.se\/wp-content\/uploads\/kanalplastskylt.png","type":"image\/png"}],"twitter_card":"summary_large_image","twitter_misc":{"Estimeret l\u00e6setid":"2 minutter"},"schema":{"@context":"https:\/\/schema.org","@graph":[{"@type":"WebPage","@id":"https:\/\/www.gdirekt.se\/da\/produkt\/kanalplastskilt\/","url":"https:\/\/www.gdirekt.se\/da\/produkt\/kanalplastskilt\/","name":"Kanalplastskilt, m\u00e6glerplade, visningsskilt trykt log | Gdirekt.se","isPartOf":{"@id":"https:\/\/www.gdirekt.se\/#website"},"primaryImageOfPage":{"@id":"https:\/\/www.gdirekt.se\/da\/produkt\/kanalplastskilt\/#primaryimage"},"image":{"@id":"https:\/\/www.gdirekt.se\/da\/produkt\/kanalplastskilt\/#primaryimage"},"thumbnailUrl":"https:\/\/www.gdirekt.se\/wp-content\/uploads\/kanalplastskylt.png","datePublished":"2017-01-13T15:53:18+00:00","dateModified":"2018-11-13T07:42:45+00:00","description":"Kanalplastskilt bestilles til m\u00e6glerskilte og fremvisningsskilte. Godt udend\u00f8rsskilt til regn og sol. Kanalplastskilte er billige skilte, der kan k\u00f8bes online. Egne trykte billeder, tekster og logoer er inkluderet i prisen.","breadcrumb":{"@id":"https:\/\/www.gdirekt.se\/da\/produkt\/kanalplastskilt\/#breadcrumb"},"inLanguage":"da-DK","potentialAction":[{"@type":"ReadAction","target":["https:\/\/www.gdirekt.se\/da\/produkt\/kanalplastskilt\/"]}]},{"@type":"ImageObject","inLanguage":"da-DK","@id":"https:\/\/www.gdirekt.se\/da\/produkt\/kanalplastskilt\/#primaryimage","url":"https:\/\/www.gdirekt.se\/wp-content\/uploads\/kanalplastskylt.png","contentUrl":"https:\/\/www.gdirekt.se\/wp-content\/uploads\/kanalplastskylt.png","width":1000,"height":1000,"caption":"Kanalplastskilt i plast"},{"@type":"BreadcrumbList","@id":"https:\/\/www.gdirekt.se\/da\/produkt\/kanalplastskilt\/#breadcrumb","itemListElement":[{"@type":"ListItem","position":1,"name":"Hem","item":"https:\/\/www.gdirekt.se\/da\/"},{"@type":"ListItem","position":2,"name":"Start","item":"https:\/\/www.gdirekt.se\/da\/"},{"@type":"ListItem","position":3,"name":"Kanalplastskilt"}]},{"@type":"WebSite","@id":"https:\/\/www.gdirekt.se\/#website","url":"https:\/\/www.gdirekt.se\/","name":"Gdirekt.se","description":"Tryck snabbt \u00e5 l\u00e4tt = Gdirekt","potentialAction":[{"@type":"SearchAction","target":{"@type":"EntryPoint","urlTemplate":"https:\/\/www.gdirekt.se\/?s={search_term_string}"},"query-input":{"@type":"PropertyValueSpecification","valueRequired":true,"valueName":"search_term_string"}}],"inLanguage":"da-DK"}]}},"_links":{"self":[{"href":"https:\/\/www.gdirekt.se\/da\/wp-json\/wp\/v2\/product\/10003","targetHints":{"allow":["GET"]}}],"collection":[{"href":"https:\/\/www.gdirekt.se\/da\/wp-json\/wp\/v2\/product"}],"about":[{"href":"https:\/\/www.gdirekt.se\/da\/wp-json\/wp\/v2\/types\/product"}],"wp:featuredmedia":[{"embeddable":true,"href":"https:\/\/www.gdirekt.se\/da\/wp-json\/wp\/v2\/media\/8443"}],"wp:attachment":[{"href":"https:\/\/www.gdirekt.se\/da\/wp-json\/wp\/v2\/media?parent=10003"}],"wp:term":[{"taxonomy":"product_brand","embeddable":true,"href":"https:\/\/www.gdirekt.se\/da\/wp-json\/wp\/v2\/product_brand?post=10003"},{"taxonomy":"product_cat","embeddable":true,"href":"https:\/\/www.gdirekt.se\/da\/wp-json\/wp\/v2\/product_cat?post=10003"},{"taxonomy":"product_tag","embeddable":true,"href":"https:\/\/www.gdirekt.se\/da\/wp-json\/wp\/v2\/product_tag?post=10003"}],"curies":[{"name":"wp","href":"https:\/\/api.w.org\/{rel}","templated":true}]}}