{"id":8975,"date":"2016-08-08T15:32:54","date_gmt":"2016-08-08T13:32:54","guid":{"rendered":"http:\/\/gdirekt.hamstage.hamrenmedia.se\/betingelser\/"},"modified":"2022-12-15T13:12:52","modified_gmt":"2022-12-15T12:12:52","slug":"vilkaar","status":"publish","type":"page","link":"https:\/\/www.gdirekt.se\/da\/vilkaar\/","title":{"rendered":"Vilk\u00e5r"},"content":{"rendered":"<div class=\"fusion-fullwidth fullwidth-box fusion-builder-row-1 nonhundred-percent-fullwidth non-hundred-percent-height-scrolling\" style=\"--awb-border-radius-top-left:0px;--awb-border-radius-top-right:0px;--awb-border-radius-bottom-right:0px;--awb-border-radius-bottom-left:0px;--awb-padding-top:20px;--awb-padding-bottom:20px;--awb-flex-wrap:wrap;\" ><div class=\"fusion-builder-row fusion-row\"><div class=\"fusion-layout-column fusion_builder_column fusion-builder-column-0 fusion_builder_column_1_1 1_1 fusion-one-full fusion-column-first fusion-column-last\" style=\"--awb-bg-size:cover;\"><div class=\"fusion-column-wrapper fusion-flex-column-wrapper-legacy\"><div class=\"fusion-text fusion-text-1\"><h1><span lang=\"DA\">Vilk\u00e5r<\/span><\/h1>\n<\/div><div class=\"fusion-clearfix\"><\/div><\/div><\/div><div class=\"fusion-layout-column fusion_builder_column fusion-builder-column-1 fusion_builder_column_1_2 1_2 fusion-one-half fusion-column-first\" style=\"--awb-bg-size:cover;width:50%;width:calc(50% - ( ( 4% ) * 0.5 ) );margin-right: 4%;\"><div class=\"fusion-column-wrapper fusion-flex-column-wrapper-legacy\"><div class=\"fusion-text fusion-text-2\" style=\"--awb-text-transform:none;\"><p><span lang=\"DA\">Det er enkelt, sikkert og trygt at handle hos gdirekt.se!\u00a0Priserne er eksklusive energitill\u00e6g p\u00e5 3 %, moms og forsendelsesomkostninger. Gdirekt er ejet af GigantPrint AB med CVR-nummer 556630-2773.<\/span><\/p>\n<p><strong><span lang=\"DA\">Betalingsalternativ<\/span><\/strong><\/p>\n<p><span lang=\"DA\">Alle betalinger h\u00e5ndteres af Klarna AB, og de st\u00e5r som betalingsmodtager. Klarna AB h\u00e5ndterer ogs\u00e5 eventuelle rykkere og gebyrer ved for sen betaling.<\/span><\/p>\n<p><strong><span lang=\"DA\">Kortbetaling<\/span><\/strong><\/p>\n<p><span lang=\"DA\">B\u00e5de VISA og Mastercard accepteres. Betaling med kort er uden gebyr.<\/span><\/p>\n<p><strong>Faktura 14 dage<\/strong><\/p>\n<p><span lang=\"DA\">Der tilskrives intet fakturagebyr.<\/span><\/p>\n<p><span lang=\"DA\">Betal i slutningen af efterf\u00f8lgende m\u00e5ned.<\/span><\/p>\n<p><span lang=\"DA\">Der tilskrives et fakturagebyr p\u00e5 29 kroner.<\/span><\/p>\n<p><strong>Klarna konto<\/strong><\/p>\n<p><span lang=\"DA\">Du v\u00e6lger hver m\u00e5ned, hvor meget du vil betale af p\u00e5 bel\u00f8bet (mindst 50 kr.\/m\u00e5ned). Du kan altid v\u00e6lge at betale hele bel\u00f8bet p\u00e5 \u00e9n gang. Betaling sker den sidste dag i m\u00e5neden. Flere oplysninger om delbetaling findes p\u00e5 betalingssiden. Opkr\u00e6vningsgebyr 29 kr.<\/span><\/p>\n<p><strong>Direkte betaling<\/strong><\/p>\n<p>Via din online bank<\/p>\n<p><strong><span lang=\"DA\">Privat levering<\/span><\/strong><\/p>\n<p><span lang=\"DA\">Gdirekt\u00a0leverer din bestilling, s\u00e5 hurtigt som muligt. Normalt sender vi et produkt inden for 7 hverdage, efter vi har modtaget ordren. Leveringerne foreg\u00e5r med Postnord, og I modtager en SMS, n\u00e5r I kan tage ud og hente varen p\u00e5 det n\u00e6rmeste udleveringssted. Selve distributionstiden er<span class=\"apple-converted-space\">\u00a0<\/span><strong>normalt\u00a0<\/strong>1-3 hverdage fra varerne forlader os, men det kan undtagelsesvist tage op til 5 hverdage. Vi forbeholder os eventuelle forsinkelser hos fragtselskabet. Pakke, som ikke afhentes og sendes tilbage til os, debiteres med returfragt p\u00e5 180 kr. Hvis I \u00f8nsker at \u00e6ndre leveringsadressen, efter ordren er sendt herfra, kan vi \u00e6ndre leveringsadressen gennem en s\u00e5kaldt &#8220;\u00e6ndret afh\u00e6ndelse&#8221; hos Postnord. Dette debiteres dog med 250 kr.<\/span><\/p>\n<p><strong><span lang=\"DA\">Levering til erhverv<\/span><\/strong><\/p>\n<p><span lang=\"DA\">Leveringerne foreg\u00e5r med PostNord Parcel til d\u00f8ren. Normalt trykker vi et produkt inden for 7 hverdage, efter vi har modtaget ordren. Selve distributionstiden er<span class=\"apple-converted-space\">\u00a0<\/span><strong>normalt<\/strong>1-3 hverdage fra varerne forlader os, men det kan undtagelsesvist tage op til 5 hverdage. Vi forbeholder os eventuelle forsinkelser hos fragtselskabet. Hvis der ikke er en modtager p\u00e5 leveringsadressen, og hvis produktet sendes tilbage til os, debiteres I en returforsendelse p\u00e5 180 kr.<\/span><\/p>\n<p><strong><span lang=\"DA\">Reklamation og fortrydelsesret<\/span><\/strong><\/p>\n<p><span lang=\"DA\">Der g\u00e6lder 14 dages fortrydelsesret p\u00e5<span class=\"apple-converted-space\">\u00a0<\/span><em>lagervarer<\/em>. Fortrydelsesretten starter den dag, du modtager varen. I de tilf\u00e6lde, hvor din vare fremstilles\/skr\u00e6ddersys til dig, g\u00e6lder der ingen fortrydelsesret i henhold til<i>\u00a0loven om fjernaftaler og aftaler uden for driftssteder, kapitel 2, paragraf 1 og 11.<\/i>\u00a0Hvis du fortryder dit k\u00f8b og sender et produkt tilbage til os, krediterer vi jeres faktura i Klarna. Som kunde betaler du selv eventuel returforsendelse, og det fortrudte produkt skal altid returneres i v\u00e6sentligt u\u00e6ndret stand samt i originalindpakningen med tilh\u00f8rende emballage. Forbrugeren er ansvarlig for risikoen ved returforsendelse. Denne risiko omfatter blandt andet, at produktet beskadiges eller g\u00e5r tabt under forsendelsen.<span class=\"apple-converted-space\">\u00a0<\/span><\/span><span lang=\"DA\"><a href=\"http:\/\/publikationer.konsumentverket.se\/sv\/publikationer\/regler\/2angerblankett.html\">Forbrugerr\u00e5dets fortrydelsesblanket skal anvendes.<\/a><\/span><\/p>\n<p><span lang=\"DA\">Gdirekts\u00a0produkter har et \u00e5rs garanti. Garantier g\u00e6lder i Danmark og d\u00e6kker kun oprindelige fejl, dvs. fejl som fandtes i produktet ved levering. Mangelfulde produkter eller produkter, der er beskadiget ved ankomst, returneres og ombyttes gratis.<\/span><\/p>\n<p><span lang=\"DA\">Kontroll\u00e9r produktet, inden det monteres. Ekstra omkostninger s\u00e5som for arbejdstid, materiale eller lignende, som eventuelt kan l\u00f8be oveni ved fors\u00f8g p\u00e5 at montere beskadiget, mangelfuldt eller defekt produkt, betales ikke af gdirekt.se. Vi erstatter heller ikke fejlagtige monteringer af ikke-defekte produkter. Ved eventuel tvist f\u00f8lges almindeligt reklamationsn\u00e6vns anbefalinger.<\/span><\/p>\n<\/div><div class=\"fusion-clearfix\"><\/div><\/div><\/div><div class=\"fusion-layout-column fusion_builder_column fusion-builder-column-2 fusion_builder_column_1_2 1_2 fusion-one-half fusion-column-last\" style=\"--awb-bg-size:cover;width:50%;width:calc(50% - ( ( 4% ) * 0.5 ) );\"><div class=\"fusion-column-wrapper fusion-flex-column-wrapper-legacy\"><div class=\"fusion-text fusion-text-3\"><p><strong><span lang=\"DA\">Ved retur eller reklamation f\u00f8lg nedenst\u00e5ende anvisninger:<\/span><\/strong><\/p>\n<p><span lang=\"DA\">1.\u00a0Send os en mail p\u00e5\u00a0<\/span><span lang=\"DA\"><a>info@gdirekt.se<\/a><\/span><\/p>\n<p><span lang=\"DA\">2. Angiv hvilket ordrenummer, det drejer sig om.<\/span><\/p>\n<p><span lang=\"DA\">3. Specificer, hvorfor I vil returnere.<\/span><\/p>\n<p><span lang=\"DA\">4. Hvilken afhj\u00e6lpning kan vi foretage, bytte eller tilbagebetaling.<\/span><\/p>\n<p><span lang=\"DA\">5. Vi vender naturligvis tilbage, s\u00e5 hurtigt vi kan for at g\u00f8re jer tilfredse.<\/span><\/p>\n<p><span lang=\"DA\">6. Personoplysninger eller CVR-nummer.<\/span><\/p>\n<p><span lang=\"DA\">Ved bestilling oplyser du dine personoplysninger, navn, adresse og ved visse betalingsm\u00e5der personnummer. Disse gemmes og bruges til, at vi kan opfylde vores forpligtelse over for dig samt for bedre at kunne tilfredsstille dine behov som kunde og give dig bedre service.<\/span><\/p>\n<p><span lang=\"DA\">I henhold til persondataloven har du ret til at f\u00e5 oplyst de oplysninger, som vi har registreret om dig. Hvis oplysningerne er forkerte, ufuldst\u00e6ndige eller irrelevante, kan du anmode om, at de rettes eller fjernes. Kontakt i s\u00e5 fald vores kundeservice.<\/span><\/p>\n<p><span lang=\"DA\">Gdirekt\u00a0udleverer ikke dine personlige oplysninger til tredjepart uden dit samtykke. Vi videreformidler ikke oplysninger om dig, andet end hvad f\u00f8lger af lovgivning. Dine oplysninger gemmes af informations- og markedsf\u00f8ringshensyn. Dette indeb\u00e6rer, at vi kan anvende dine oplysninger til at kontakte dig via mail med nyhedsbrev samt til udsendelse af tilbud via SMS, e-mail eller anden direkte reklame. Hvis du ikke vil modtage s\u00e5danne tilbud, kan du framelde dig dem ved at kontakte vores kundeservice.<\/span><\/p>\n<p><strong>Cookies<\/strong><\/p>\n<p>Webstedet bruger en sessionscookie til at holde styr p\u00e5 brugerne, s\u00e5 serveren ikke forveksler forskellige kunders indk\u00f8bsvogne. Det er ikke en permanent cookie, men kun en session, og det er fjernet umiddelbart efter afslutningen af bes\u00f8get. Cookien gemmer ikke nogen oplysninger om brugere.<\/p>\n<p><strong><span lang=\"DA\">GDPR\/Integritetspolitik<\/span><\/strong><\/p>\n<p>Gdirekt.se ejes af\u00a0Gigantprint ABog f\u00f8lger selskabets integritetspolitik.\u00a0L\u00e6s mere her.<\/p>\n<p><strong>gdirekt.se<\/strong><\/p>\n<p><span lang=\"DA\">Siden og dens indhold findes kun med det formal at oprette og bestille trykte produkter. Ingen anden download, anvendelse, publicering eller distribution af nogen del af indholdet er tilladt. Adgang til produkter giver dig ingen ret til at anvende nogen del af indholdet udover slutprodukter.<\/span><\/p>\n<p><span lang=\"DA\">Aftalen siger, at man anvender dette websted p\u00e5 en ansvarsfuld m\u00e5de, som opfylder brugervilk\u00e5renes krav og lokale love. Uden begr\u00e6nsning skal ingen del af indholdet anvendes som varem\u00e6rke, til ulovlig anvendelse, for at kr\u00e6nke nogen eller deres ret til privatliv, til at overtr\u00e6de copyright, handelsnavn, varem\u00e6rke, servicem\u00e6rke eller anden intellektuel ejendom. Du aftaler ikke at anvende webstedet til at skabe produkter, som er skr\u00e6mmende, kan for\u00e5rsage skade, som er uanst\u00e6ndige eller p\u00e5 nogen anden m\u00e5de er anst\u00f8delige. Vi forbeholder os retten til \u00f8jeblikkeligt at afbryde service til kunder, som engagerer sig i uanst\u00e6ndige aktiviteter.<\/span><\/p>\n<p><span lang=\"DA\">Du er alene ansvarlig for anvendelse af indhold i kombination med andre billeder, grafiske billeder, tekst eller andet materiale, du inkluderer i dine produkter. Du forsikrer, at dine produkter ikke overtr\u00e6der rettigheder fra tredjepart inklusive copyright, varem\u00e6rke, registrerede varem\u00e6rker og ikke kr\u00e6nker nogen person, og at den rette person har givet dig rettigheden til at indarbejde tredjeparts materiale i dine produkter. Ved at afgive en bestilling p\u00e5 dette websted forsikrer du, at du har alle de rettigheder, som kr\u00e6ves, til at lade gdirekt.se trykke dine produkter.<\/span><\/p>\n<p>Med venlig hilsen, Gdirekt<\/p>\n<\/div><div class=\"fusion-clearfix\"><\/div><\/div><\/div><\/div><\/div>\n","protected":false},"excerpt":{"rendered":"","protected":false},"author":11,"featured_media":0,"parent":0,"menu_order":0,"comment_status":"closed","ping_status":"closed","template":"","meta":{"_acf_changed":false,"footnotes":""},"class_list":["post-8975","page","type-page","status-publish","hentry"],"acf":[],"yoast_head":"<!-- This site is optimized with the Yoast SEO plugin v27.2 - https:\/\/yoast.com\/product\/yoast-seo-wordpress\/ -->\n<title>Vilk\u00e5r | Gdirekt.se<\/title>\n<meta name=\"robots\" content=\"index, follow, max-snippet:-1, max-image-preview:large, max-video-preview:-1\" \/>\n<link rel=\"canonical\" href=\"https:\/\/www.gdirekt.se\/da\/vilkaar\/\" \/>\n<meta property=\"og:locale\" content=\"da_DK\" \/>\n<meta property=\"og:type\" content=\"article\" \/>\n<meta property=\"og:title\" content=\"Vilk\u00e5r | Gdirekt.se\" \/>\n<meta property=\"og:url\" content=\"https:\/\/www.gdirekt.se\/da\/vilkaar\/\" \/>\n<meta property=\"og:site_name\" content=\"Gdirekt.se\" \/>\n<meta property=\"article:modified_time\" content=\"2022-12-15T12:12:52+00:00\" \/>\n<meta name=\"twitter:card\" content=\"summary_large_image\" \/>\n<meta name=\"twitter:label1\" content=\"Estimeret l\u00e6setid\" \/>\n\t<meta name=\"twitter:data1\" content=\"6 minutter\" \/>\n<script type=\"application\/ld+json\" class=\"yoast-schema-graph\">{\"@context\":\"https:\/\/schema.org\",\"@graph\":[{\"@type\":\"WebPage\",\"@id\":\"https:\/\/www.gdirekt.se\/da\/vilkaar\/\",\"url\":\"https:\/\/www.gdirekt.se\/da\/vilkaar\/\",\"name\":\"Vilk\u00e5r | Gdirekt.se\",\"isPartOf\":{\"@id\":\"https:\/\/www.gdirekt.se\/#website\"},\"datePublished\":\"2016-08-08T13:32:54+00:00\",\"dateModified\":\"2022-12-15T12:12:52+00:00\",\"breadcrumb\":{\"@id\":\"https:\/\/www.gdirekt.se\/da\/vilkaar\/#breadcrumb\"},\"inLanguage\":\"da-DK\",\"potentialAction\":[{\"@type\":\"ReadAction\",\"target\":[\"https:\/\/www.gdirekt.se\/da\/vilkaar\/\"]}]},{\"@type\":\"BreadcrumbList\",\"@id\":\"https:\/\/www.gdirekt.se\/da\/vilkaar\/#breadcrumb\",\"itemListElement\":[{\"@type\":\"ListItem\",\"position\":1,\"name\":\"Hem\",\"item\":\"https:\/\/www.gdirekt.se\/da\/\"},{\"@type\":\"ListItem\",\"position\":2,\"name\":\"Vilk\u00e5r\"}]},{\"@type\":\"WebSite\",\"@id\":\"https:\/\/www.gdirekt.se\/#website\",\"url\":\"https:\/\/www.gdirekt.se\/\",\"name\":\"Gdirekt.se\",\"description\":\"Tryck snabbt \u00e5 l\u00e4tt = Gdirekt\",\"potentialAction\":[{\"@type\":\"SearchAction\",\"target\":{\"@type\":\"EntryPoint\",\"urlTemplate\":\"https:\/\/www.gdirekt.se\/?s={search_term_string}\"},\"query-input\":{\"@type\":\"PropertyValueSpecification\",\"valueRequired\":true,\"valueName\":\"search_term_string\"}}],\"inLanguage\":\"da-DK\"}]}<\/script>\n<!-- \/ Yoast SEO plugin. -->","yoast_head_json":{"title":"Vilk\u00e5r | Gdirekt.se","robots":{"index":"index","follow":"follow","max-snippet":"max-snippet:-1","max-image-preview":"max-image-preview:large","max-video-preview":"max-video-preview:-1"},"canonical":"https:\/\/www.gdirekt.se\/da\/vilkaar\/","og_locale":"da_DK","og_type":"article","og_title":"Vilk\u00e5r | Gdirekt.se","og_url":"https:\/\/www.gdirekt.se\/da\/vilkaar\/","og_site_name":"Gdirekt.se","article_modified_time":"2022-12-15T12:12:52+00:00","twitter_card":"summary_large_image","twitter_misc":{"Estimeret l\u00e6setid":"6 minutter"},"schema":{"@context":"https:\/\/schema.org","@graph":[{"@type":"WebPage","@id":"https:\/\/www.gdirekt.se\/da\/vilkaar\/","url":"https:\/\/www.gdirekt.se\/da\/vilkaar\/","name":"Vilk\u00e5r | Gdirekt.se","isPartOf":{"@id":"https:\/\/www.gdirekt.se\/#website"},"datePublished":"2016-08-08T13:32:54+00:00","dateModified":"2022-12-15T12:12:52+00:00","breadcrumb":{"@id":"https:\/\/www.gdirekt.se\/da\/vilkaar\/#breadcrumb"},"inLanguage":"da-DK","potentialAction":[{"@type":"ReadAction","target":["https:\/\/www.gdirekt.se\/da\/vilkaar\/"]}]},{"@type":"BreadcrumbList","@id":"https:\/\/www.gdirekt.se\/da\/vilkaar\/#breadcrumb","itemListElement":[{"@type":"ListItem","position":1,"name":"Hem","item":"https:\/\/www.gdirekt.se\/da\/"},{"@type":"ListItem","position":2,"name":"Vilk\u00e5r"}]},{"@type":"WebSite","@id":"https:\/\/www.gdirekt.se\/#website","url":"https:\/\/www.gdirekt.se\/","name":"Gdirekt.se","description":"Tryck snabbt \u00e5 l\u00e4tt = Gdirekt","potentialAction":[{"@type":"SearchAction","target":{"@type":"EntryPoint","urlTemplate":"https:\/\/www.gdirekt.se\/?s={search_term_string}"},"query-input":{"@type":"PropertyValueSpecification","valueRequired":true,"valueName":"search_term_string"}}],"inLanguage":"da-DK"}]}},"_links":{"self":[{"href":"https:\/\/www.gdirekt.se\/da\/wp-json\/wp\/v2\/pages\/8975","targetHints":{"allow":["GET"]}}],"collection":[{"href":"https:\/\/www.gdirekt.se\/da\/wp-json\/wp\/v2\/pages"}],"about":[{"href":"https:\/\/www.gdirekt.se\/da\/wp-json\/wp\/v2\/types\/page"}],"author":[{"embeddable":true,"href":"https:\/\/www.gdirekt.se\/da\/wp-json\/wp\/v2\/users\/11"}],"replies":[{"embeddable":true,"href":"https:\/\/www.gdirekt.se\/da\/wp-json\/wp\/v2\/comments?post=8975"}],"version-history":[{"count":5,"href":"https:\/\/www.gdirekt.se\/da\/wp-json\/wp\/v2\/pages\/8975\/revisions"}],"predecessor-version":[{"id":18518,"href":"https:\/\/www.gdirekt.se\/da\/wp-json\/wp\/v2\/pages\/8975\/revisions\/18518"}],"wp:attachment":[{"href":"https:\/\/www.gdirekt.se\/da\/wp-json\/wp\/v2\/media?parent=8975"}],"curies":[{"name":"wp","href":"https:\/\/api.w.org\/{rel}","templated":true}]}}